{"id":106743,"date":"2026-03-18T22:40:32","date_gmt":"2026-03-18T20:40:32","guid":{"rendered":"https:\/\/ddt.lv\/lv\/product\/led-refl-r63-e27-7w-806lm-2700k-spuldze-emos\/"},"modified":"2026-04-07T12:45:21","modified_gmt":"2026-04-07T09:45:21","slug":"led-refl-r63-e27-7w-806lm-2700k-spuldze-emos","status":"publish","type":"product","link":"https:\/\/ddt.lv\/lv\/product\/led-refl-r63-e27-7w-806lm-2700k-spuldze-emos\/","title":{"rendered":"LED Refl R63 E27 7W 806lm 2700K spuldze EMOS"},"content":{"rendered":"<p><\/p>\n<h3 data-section-id=\"139zm5f\" data-start=\"121\" data-end=\"142\">Galven\u0101s \u012bpa\u0161\u012bbas<\/h3>\n<p data-start=\"144\" data-end=\"452\">\u2022 Jauda 7W<br data-start=\"154\" data-end=\"157\" \/>\u2022 Gaismas pl\u016bsma 806 lm<br data-start=\"180\" data-end=\"183\" \/>\u2022 Gaismas kr\u0101sa silti balta<br data-start=\"210\" data-end=\"213\" \/>\u2022 Cokols E27<br data-start=\"225\" data-end=\"228\" \/>\u2022 Forma R63 reflektora tipa<br data-start=\"255\" data-end=\"258\" \/>\u2022 Ekvivalents kv\u0113lspuldzei apm\u0113ram 60W<br data-start=\"296\" data-end=\"299\" \/>\u2022 Piem\u0113rota akcenta un visp\u0101r\u0113jam apgaismojumam<br data-start=\"346\" data-end=\"349\" \/>\u2022 Vienm\u0113r\u012bga un virz\u012bta gaismas izkliede<br data-start=\"389\" data-end=\"392\" \/>\u2022 Energoefekt\u012bva LED tehnolo\u0123ija<br data-start=\"424\" data-end=\"427\" \/>\u2022 Ilgs kalpo\u0161anas laiks<\/p>\n<p><\/p>","protected":false},"excerpt":{"rendered":"<p>Galven\u0101s \u012bpa\u0161\u012bbas \u2022 Jauda 7W\u2022 Gaismas pl\u016bsma 806 lm\u2022 Gaismas kr\u0101sa silti balta\u2022 Cokols E27\u2022 Forma R63 reflektora tipa\u2022 Ekvivalents kv\u0113lspuldzei apm\u0113ram 60W\u2022 Piem\u0113rota akcenta un visp\u0101r\u0113jam apgaismojumam\u2022 Vienm\u0113r\u012bga un virz\u012bta gaismas izkliede\u2022 Energoefekt\u012bva LED tehnolo\u0123ija\u2022 Ilgs kalpo\u0161anas laiks<\/p>\n","protected":false},"featured_media":106746,"comment_status":"closed","ping_status":"closed","template":"","meta":{"inline_featured_image":false},"product_cat":[772,850],"product_tag":[],"yst_prominent_words":[],"class_list":{"0":"post-106743","1":"product","2":"type-product","3":"status-publish","4":"has-post-thumbnail","6":"product_cat-atlaides","7":"product_cat-e27-spuldzes","9":"first","10":"instock","11":"sale","12":"taxable","13":"shipping-taxable","14":"purchasable","15":"product-type-simple"},"jetpack_sharing_enabled":true,"_links":{"self":[{"href":"https:\/\/ddt.lv\/lv\/wp-json\/wp\/v2\/product\/106743"}],"collection":[{"href":"https:\/\/ddt.lv\/lv\/wp-json\/wp\/v2\/product"}],"about":[{"href":"https:\/\/ddt.lv\/lv\/wp-json\/wp\/v2\/types\/product"}],"replies":[{"embeddable":true,"href":"https:\/\/ddt.lv\/lv\/wp-json\/wp\/v2\/comments?post=106743"}],"wp:featuredmedia":[{"embeddable":true,"href":"https:\/\/ddt.lv\/lv\/wp-json\/wp\/v2\/media\/106746"}],"wp:attachment":[{"href":"https:\/\/ddt.lv\/lv\/wp-json\/wp\/v2\/media?parent=106743"}],"wp:term":[{"taxonomy":"product_cat","embeddable":true,"href":"https:\/\/ddt.lv\/lv\/wp-json\/wp\/v2\/product_cat?post=106743"},{"taxonomy":"product_tag","embeddable":true,"href":"https:\/\/ddt.lv\/lv\/wp-json\/wp\/v2\/product_tag?post=106743"},{"taxonomy":"yst_prominent_words","embeddable":true,"href":"https:\/\/ddt.lv\/lv\/wp-json\/wp\/v2\/yst_prominent_words?post=106743"}],"curies":[{"name":"wp","href":"https:\/\/api.w.org\/{rel}","templated":true}]}}