{"id":106742,"date":"2026-03-18T22:40:32","date_gmt":"2026-03-18T20:40:32","guid":{"rendered":"https:\/\/ddt.lv\/lv\/product\/led-refl-r50-e14-4-2w-470lm-4000k-spuldze\/"},"modified":"2026-04-06T11:03:11","modified_gmt":"2026-04-06T08:03:11","slug":"led-refl-r50-e14-4-2w-470lm-4000k-spuldze","status":"publish","type":"product","link":"https:\/\/ddt.lv\/lv\/product\/led-refl-r50-e14-4-2w-470lm-4000k-spuldze\/","title":{"rendered":"LED Refl R50 E14 4.2W 470lm 4000K spuldze"},"content":{"rendered":"<p><\/p>\n<h3 data-section-id=\"139zm5f\" data-start=\"121\" data-end=\"142\">Galven\u0101s \u012bpa\u0161\u012bbas<\/h3>\n<p data-start=\"144\" data-end=\"522\">\u2022 Jauda 4,2W<br data-start=\"156\" data-end=\"159\" \/>\u2022 Gaismas pl\u016bsma 470 lm<br data-start=\"182\" data-end=\"185\" \/>\u2022 Gaismas kr\u0101sa neitr\u0101li balta<br data-start=\"215\" data-end=\"218\" \/>\u2022 Cokols E14<br data-start=\"230\" data-end=\"233\" \/>\u2022 Forma R50 reflektora tipa<br data-start=\"260\" data-end=\"263\" \/>\u2022 Ekvivalents kv\u0113lspuldzei apm\u0113ram 40W<br data-start=\"301\" data-end=\"304\" \/>\u2022 Staru le\u0146\u0137is apm\u0113ram 120\u00b0<br data-start=\"331\" data-end=\"334\" \/>\u2022 Kr\u0101su atveides indekss CRI \u226580<br data-start=\"366\" data-end=\"369\" \/>\u2022 Piem\u0113rota akcenta un visp\u0101r\u0113jam apgaismojumam<br data-start=\"416\" data-end=\"419\" \/>\u2022 Vienm\u0113r\u012bga un virz\u012bta gaismas izkliede<br data-start=\"459\" data-end=\"462\" data-is-only-node=\"\" \/>\u2022 Energoefekt\u012bva LED tehnolo\u0123ija<br data-start=\"494\" data-end=\"497\" \/>\u2022 Ilgs kalpo\u0161anas laiks<\/p>\n<p><\/p>","protected":false},"excerpt":{"rendered":"<p>Galven\u0101s \u012bpa\u0161\u012bbas \u2022 Jauda 4,2W\u2022 Gaismas pl\u016bsma 470 lm\u2022 Gaismas kr\u0101sa neitr\u0101li balta\u2022 Cokols E14\u2022 Forma R50 reflektora tipa\u2022 Ekvivalents kv\u0113lspuldzei apm\u0113ram 40W\u2022 Staru le\u0146\u0137is apm\u0113ram 120\u00b0\u2022 Kr\u0101su atveides indekss CRI \u226580\u2022 Piem\u0113rota akcenta un visp\u0101r\u0113jam apgaismojumam\u2022 Vienm\u0113r\u012bga un virz\u012bta gaismas izkliede\u2022 Energoefekt\u012bva LED tehnolo\u0123ija\u2022 Ilgs kalpo\u0161anas laiks<\/p>\n","protected":false},"featured_media":106755,"comment_status":"closed","ping_status":"closed","template":"","meta":{"inline_featured_image":false},"product_cat":[772,851],"product_tag":[],"yst_prominent_words":[],"class_list":{"0":"post-106742","1":"product","2":"type-product","3":"status-publish","4":"has-post-thumbnail","6":"product_cat-atlaides","7":"product_cat-e14-spuldzes","9":"first","10":"instock","11":"sale","12":"taxable","13":"shipping-taxable","14":"purchasable","15":"product-type-simple"},"jetpack_sharing_enabled":true,"_links":{"self":[{"href":"https:\/\/ddt.lv\/lv\/wp-json\/wp\/v2\/product\/106742"}],"collection":[{"href":"https:\/\/ddt.lv\/lv\/wp-json\/wp\/v2\/product"}],"about":[{"href":"https:\/\/ddt.lv\/lv\/wp-json\/wp\/v2\/types\/product"}],"replies":[{"embeddable":true,"href":"https:\/\/ddt.lv\/lv\/wp-json\/wp\/v2\/comments?post=106742"}],"wp:featuredmedia":[{"embeddable":true,"href":"https:\/\/ddt.lv\/lv\/wp-json\/wp\/v2\/media\/106755"}],"wp:attachment":[{"href":"https:\/\/ddt.lv\/lv\/wp-json\/wp\/v2\/media?parent=106742"}],"wp:term":[{"taxonomy":"product_cat","embeddable":true,"href":"https:\/\/ddt.lv\/lv\/wp-json\/wp\/v2\/product_cat?post=106742"},{"taxonomy":"product_tag","embeddable":true,"href":"https:\/\/ddt.lv\/lv\/wp-json\/wp\/v2\/product_tag?post=106742"},{"taxonomy":"yst_prominent_words","embeddable":true,"href":"https:\/\/ddt.lv\/lv\/wp-json\/wp\/v2\/yst_prominent_words?post=106742"}],"curies":[{"name":"wp","href":"https:\/\/api.w.org\/{rel}","templated":true}]}}