{"id":106741,"date":"2026-03-18T22:40:31","date_gmt":"2026-03-18T20:40:31","guid":{"rendered":"https:\/\/ddt.lv\/lv\/product\/led-refl-r39-e14-3w-250lm-6500k-120-spuldze-sylvania\/"},"modified":"2026-04-06T11:02:30","modified_gmt":"2026-04-06T08:02:30","slug":"led-refl-r39-e14-3w-250lm-6500k-120-spuldze-sylvania","status":"publish","type":"product","link":"https:\/\/ddt.lv\/lv\/product\/led-refl-r39-e14-3w-250lm-6500k-120-spuldze-sylvania\/","title":{"rendered":"LED Refl R39 E14 3W 250lm 6500K 120&#8242;  spuldze Sylvania"},"content":{"rendered":"<p><\/p>\n<p data-start=\"276\" data-end=\"546\">Sylvania LED reflektora tipa spuldze R39 ar E14 cokolu nodro\u0161ina spilgtu auksti baltu 6500K apgaismojumu ar 250 l\u016bmenu gaismas pl\u016bsmu. T\u0101 ir piem\u0113rota viet\u0101m, kur nepiecie\u0161ams koncentr\u0113ts un skaidrs apgaismojums, piem\u0113ram, vitr\u012bn\u0101m, darba zon\u0101m un akcenta apgaismojumam.<\/p>\n<p data-start=\"548\" data-end=\"726\">\u0160\u012b LED spuldze ir energoefekt\u012bva alternat\u012bva tradicion\u0101laj\u0101m kv\u0113lspuldz\u0113m un halog\u0113na reflektora spuldz\u0113m, nodro\u0161inot zem\u0101ku elektroener\u0123ijas pat\u0113ri\u0146u un ilg\u0101ku kalpo\u0161anas laiku.<\/p>\n<h3 data-section-id=\"139zm5f\" data-start=\"728\" data-end=\"749\">Galven\u0101s \u012bpa\u0161\u012bbas<\/h3>\n<p data-start=\"751\" data-end=\"1220\">\u2022 Jauda 3W<br data-start=\"761\" data-end=\"764\" \/>\u2022 Gaismas pl\u016bsma 250 lm<br data-start=\"787\" data-end=\"790\" \/>\u2022 Gaismas kr\u0101sa 6500K auksti balta<br data-start=\"824\" data-end=\"827\" \/>\u2022 Cokols E14<br data-start=\"839\" data-end=\"842\" \/>\u2022 Forma R39 reflektora tipa<br data-start=\"869\" data-end=\"872\" \/>\u2022 Staru le\u0146\u0137is 120\u00b0<br data-start=\"891\" data-end=\"894\" \/>\u2022 Energoefekt\u012bva LED alternat\u012bva kv\u0113lspuldz\u0113m un halog\u0113niem<br data-start=\"953\" data-end=\"956\" \/>\u2022 Ilgs kalpo\u0161anas laiks l\u012bdz 15 000 stund\u0101m<br data-start=\"999\" data-end=\"1002\" \/>\u2022 Zem\u0101kas uztur\u0113\u0161anas izmaksas<br data-start=\"1032\" data-end=\"1035\" \/>\u2022 Nav dimm\u0113jama<br data-start=\"1071\" data-end=\"1074\" \/>\u2022 Videi draudz\u012bga \u2013 nesatur dz\u012bvsudrabu<br data-start=\"1113\" data-end=\"1116\" \/>\u2022 Piem\u0113rota dz\u012bvojam\u0101m telp\u0101m, vitr\u012bn\u0101m, birojiem, viesn\u012bc\u0101m, restor\u0101niem, b\u0101riem, gaite\u0146iem un hall\u0113m<\/p>\n<p><\/p>","protected":false},"excerpt":{"rendered":"<p>Sylvania LED reflektora tipa spuldze R39 ar E14 cokolu nodro\u0161ina spilgtu auksti baltu 6500K apgaismojumu ar 250 l\u016bmenu gaismas pl\u016bsmu. T\u0101 ir piem\u0113rota viet\u0101m, kur nepiecie\u0161ams koncentr\u0113ts un skaidrs apgaismojums, piem\u0113ram, vitr\u012bn\u0101m, darba zon\u0101m un akcenta apgaismojumam. \u0160\u012b LED spuldze ir energoefekt\u012bva alternat\u012bva tradicion\u0101laj\u0101m kv\u0113lspuldz\u0113m un halog\u0113na reflektora spuldz\u0113m, nodro\u0161inot zem\u0101ku elektroener\u0123ijas pat\u0113ri\u0146u un ilg\u0101ku [&hellip;]<\/p>\n","protected":false},"featured_media":106758,"comment_status":"closed","ping_status":"closed","template":"","meta":{"inline_featured_image":false},"product_cat":[772,851],"product_tag":[],"yst_prominent_words":[],"class_list":{"0":"post-106741","1":"product","2":"type-product","3":"status-publish","4":"has-post-thumbnail","6":"product_cat-atlaides","7":"product_cat-e14-spuldzes","9":"first","10":"instock","11":"sale","12":"taxable","13":"shipping-taxable","14":"purchasable","15":"product-type-simple"},"jetpack_sharing_enabled":true,"_links":{"self":[{"href":"https:\/\/ddt.lv\/lv\/wp-json\/wp\/v2\/product\/106741"}],"collection":[{"href":"https:\/\/ddt.lv\/lv\/wp-json\/wp\/v2\/product"}],"about":[{"href":"https:\/\/ddt.lv\/lv\/wp-json\/wp\/v2\/types\/product"}],"replies":[{"embeddable":true,"href":"https:\/\/ddt.lv\/lv\/wp-json\/wp\/v2\/comments?post=106741"}],"wp:featuredmedia":[{"embeddable":true,"href":"https:\/\/ddt.lv\/lv\/wp-json\/wp\/v2\/media\/106758"}],"wp:attachment":[{"href":"https:\/\/ddt.lv\/lv\/wp-json\/wp\/v2\/media?parent=106741"}],"wp:term":[{"taxonomy":"product_cat","embeddable":true,"href":"https:\/\/ddt.lv\/lv\/wp-json\/wp\/v2\/product_cat?post=106741"},{"taxonomy":"product_tag","embeddable":true,"href":"https:\/\/ddt.lv\/lv\/wp-json\/wp\/v2\/product_tag?post=106741"},{"taxonomy":"yst_prominent_words","embeddable":true,"href":"https:\/\/ddt.lv\/lv\/wp-json\/wp\/v2\/yst_prominent_words?post=106741"}],"curies":[{"name":"wp","href":"https:\/\/api.w.org\/{rel}","templated":true}]}}