{"id":106740,"date":"2026-03-18T22:40:31","date_gmt":"2026-03-18T20:40:31","guid":{"rendered":"https:\/\/ddt.lv\/lv\/product\/led-refl-r39-v3-e14-3w-240v-250lm-4000k-sylvania-spuldze\/"},"modified":"2026-04-06T11:02:29","modified_gmt":"2026-04-06T08:02:29","slug":"led-refl-r39-v3-e14-3w-240v-250lm-4000k-sylvania-spuldze","status":"publish","type":"product","link":"https:\/\/ddt.lv\/lv\/product\/led-refl-r39-v3-e14-3w-240v-250lm-4000k-sylvania-spuldze\/","title":{"rendered":"LED Refl R39 V3  E14 3W 240V 250lm 4000K Sylvania spuldze"},"content":{"rendered":"<p><\/p>\n<h3 data-section-id=\"1vczd6q\" data-start=\"121\" data-end=\"147\">Galven\u0101s priek\u0161roc\u012bbas<\/h3>\n<p data-start=\"149\" data-end=\"642\">\u2022 Energoefekt\u012bva LED alternat\u012bva tradicion\u0101laj\u0101m kv\u0113lspuldz\u0113m un halog\u0113na reflektora spuldz\u0113m<br data-start=\"242\" data-end=\"245\" \/>\u2022 M\u016bsdien\u012bga konstrukcija un pievilc\u012bgs dizains<br data-start=\"292\" data-end=\"295\" \/>\u2022 Videi draudz\u012bgs risin\u0101jums \u2013 nesatur dz\u012bvsudrabu<br data-start=\"345\" data-end=\"348\" \/>\u2022 Ilgs kalpo\u0161anas laiks l\u012bdz 15 000 stund\u0101m<br data-start=\"391\" data-end=\"394\" \/>\u2022 Zem\u0101kas uztur\u0113\u0161anas izmaksas sal\u012bdzin\u0101jum\u0101 ar tradicion\u0101laj\u0101m spuldz\u0113m<br data-start=\"466\" data-end=\"469\" \/>\u2022 Nav dimm\u0113jama<br data-start=\"484\" data-end=\"487\" \/>\u2022 3 gadu garantija<br data-start=\"505\" data-end=\"508\" \/>\u2022 Ide\u0101li piem\u0113rota visp\u0101r\u0113jam apgaismojumam dz\u012bvojam\u0101s telp\u0101s, birojos, viesn\u012bc\u0101s, restor\u0101nos, b\u0101ros, vestibilos, gaite\u0146os un hall\u0113s<\/p>\n<p><\/p>","protected":false},"excerpt":{"rendered":"<p>Galven\u0101s priek\u0161roc\u012bbas \u2022 Energoefekt\u012bva LED alternat\u012bva tradicion\u0101laj\u0101m kv\u0113lspuldz\u0113m un halog\u0113na reflektora spuldz\u0113m\u2022 M\u016bsdien\u012bga konstrukcija un pievilc\u012bgs dizains\u2022 Videi draudz\u012bgs risin\u0101jums \u2013 nesatur dz\u012bvsudrabu\u2022 Ilgs kalpo\u0161anas laiks l\u012bdz 15 000 stund\u0101m\u2022 Zem\u0101kas uztur\u0113\u0161anas izmaksas sal\u012bdzin\u0101jum\u0101 ar tradicion\u0101laj\u0101m spuldz\u0113m\u2022 Nav dimm\u0113jama\u2022 3 gadu garantija\u2022 Ide\u0101li piem\u0113rota visp\u0101r\u0113jam apgaismojumam dz\u012bvojam\u0101s telp\u0101s, birojos, viesn\u012bc\u0101s, restor\u0101nos, b\u0101ros, vestibilos, gaite\u0146os un [&hellip;]<\/p>\n","protected":false},"featured_media":106758,"comment_status":"closed","ping_status":"closed","template":"","meta":{"inline_featured_image":false},"product_cat":[772,851],"product_tag":[],"yst_prominent_words":[],"class_list":{"0":"post-106740","1":"product","2":"type-product","3":"status-publish","4":"has-post-thumbnail","6":"product_cat-atlaides","7":"product_cat-e14-spuldzes","9":"first","10":"instock","11":"sale","12":"taxable","13":"shipping-taxable","14":"purchasable","15":"product-type-simple"},"jetpack_sharing_enabled":true,"_links":{"self":[{"href":"https:\/\/ddt.lv\/lv\/wp-json\/wp\/v2\/product\/106740"}],"collection":[{"href":"https:\/\/ddt.lv\/lv\/wp-json\/wp\/v2\/product"}],"about":[{"href":"https:\/\/ddt.lv\/lv\/wp-json\/wp\/v2\/types\/product"}],"replies":[{"embeddable":true,"href":"https:\/\/ddt.lv\/lv\/wp-json\/wp\/v2\/comments?post=106740"}],"wp:featuredmedia":[{"embeddable":true,"href":"https:\/\/ddt.lv\/lv\/wp-json\/wp\/v2\/media\/106758"}],"wp:attachment":[{"href":"https:\/\/ddt.lv\/lv\/wp-json\/wp\/v2\/media?parent=106740"}],"wp:term":[{"taxonomy":"product_cat","embeddable":true,"href":"https:\/\/ddt.lv\/lv\/wp-json\/wp\/v2\/product_cat?post=106740"},{"taxonomy":"product_tag","embeddable":true,"href":"https:\/\/ddt.lv\/lv\/wp-json\/wp\/v2\/product_tag?post=106740"},{"taxonomy":"yst_prominent_words","embeddable":true,"href":"https:\/\/ddt.lv\/lv\/wp-json\/wp\/v2\/yst_prominent_words?post=106740"}],"curies":[{"name":"wp","href":"https:\/\/api.w.org\/{rel}","templated":true}]}}