{"id":106739,"date":"2026-03-18T22:40:30","date_gmt":"2026-03-18T20:40:30","guid":{"rendered":"https:\/\/ddt.lv\/lv\/product\/led-refl-r63-e27-7w-630lm-6500k-spuldze-sylvania\/"},"modified":"2026-04-06T11:02:26","modified_gmt":"2026-04-06T08:02:26","slug":"led-refl-r63-e27-7w-630lm-6500k-spuldze-sylvania","status":"publish","type":"product","link":"https:\/\/ddt.lv\/lv\/product\/led-refl-r63-e27-7w-630lm-6500k-spuldze-sylvania\/","title":{"rendered":"LED Refl R63 E27 7W 630lm 6500K spuldze Sylvania"},"content":{"rendered":"<p><\/p>\n<p data-start=\"271\" data-end=\"544\">Sylvania LED reflektora tipa spuldze R63 ar E27 cokolu nodro\u0161ina spilgtu auksti baltu 6500K apgaismojumu ar 630 l\u016bmenu gaismas pl\u016bsmu. T\u0101 ir piem\u0113rota viet\u0101m, kur nepiecie\u0161ams koncentr\u0113ts un efekt\u012bvs apgaismojums \u2013 darba zon\u0101m, veikalu vitr\u012bn\u0101m un visp\u0101r\u0113jam apgaismojumam.<\/p>\n<p data-start=\"546\" data-end=\"724\">\u0160\u012b LED spuldze ir energoefekt\u012bva alternat\u012bva tradicion\u0101laj\u0101m kv\u0113lspuldz\u0113m un halog\u0113na reflektora spuldz\u0113m, nodro\u0161inot zem\u0101ku elektroener\u0123ijas pat\u0113ri\u0146u un ilg\u0101ku kalpo\u0161anas laiku.<\/p>\n<h3 data-section-id=\"139zm5f\" data-start=\"726\" data-end=\"747\">Galven\u0101s \u012bpa\u0161\u012bbas<\/h3>\n<p data-start=\"749\" data-end=\"1197\">\u2022 Jauda 7W<br data-start=\"759\" data-end=\"762\" \/>\u2022 Gaismas pl\u016bsma 630 lm<br data-start=\"785\" data-end=\"788\" \/>\u2022 Gaismas kr\u0101sa 6500K auksti balta<br data-start=\"822\" data-end=\"825\" \/>\u2022 Cokols E27<br data-start=\"837\" data-end=\"840\" \/>\u2022 Forma R63 reflektora tipa<br data-start=\"867\" data-end=\"870\" \/>\u2022 Energoefekt\u012bva LED alternat\u012bva kv\u0113lspuldz\u0113m un halog\u0113niem<br data-start=\"929\" data-end=\"932\" \/>\u2022 Ilgs kalpo\u0161anas laiks l\u012bdz 15 000 stund\u0101m<br data-start=\"975\" data-end=\"978\" \/>\u2022 Zem\u0101kas uztur\u0113\u0161anas izmaksas<br data-start=\"1008\" data-end=\"1011\" \/>\u2022 Nav dimm\u0113jama<br data-start=\"1047\" data-end=\"1050\" \/>\u2022 Videi draudz\u012bga \u2013 nesatur dz\u012bvsudrabu<br data-start=\"1089\" data-end=\"1092\" \/>\u2022 Piem\u0113rota dz\u012bvojam\u0101m telp\u0101m, birojiem, viesn\u012bc\u0101m, restor\u0101niem, b\u0101riem, vestibilos, gaite\u0146os un hall\u0113s<\/p>\n<p><\/p>","protected":false},"excerpt":{"rendered":"<p>Sylvania LED reflektora tipa spuldze R63 ar E27 cokolu nodro\u0161ina spilgtu auksti baltu 6500K apgaismojumu ar 630 l\u016bmenu gaismas pl\u016bsmu. T\u0101 ir piem\u0113rota viet\u0101m, kur nepiecie\u0161ams koncentr\u0113ts un efekt\u012bvs apgaismojums \u2013 darba zon\u0101m, veikalu vitr\u012bn\u0101m un visp\u0101r\u0113jam apgaismojumam. \u0160\u012b LED spuldze ir energoefekt\u012bva alternat\u012bva tradicion\u0101laj\u0101m kv\u0113lspuldz\u0113m un halog\u0113na reflektora spuldz\u0113m, nodro\u0161inot zem\u0101ku elektroener\u0123ijas pat\u0113ri\u0146u un [&hellip;]<\/p>\n","protected":false},"featured_media":106759,"comment_status":"closed","ping_status":"closed","template":"","meta":{"inline_featured_image":false},"product_cat":[772,850],"product_tag":[],"yst_prominent_words":[],"class_list":{"0":"post-106739","1":"product","2":"type-product","3":"status-publish","4":"has-post-thumbnail","6":"product_cat-atlaides","7":"product_cat-e27-spuldzes","9":"first","10":"instock","11":"sale","12":"taxable","13":"shipping-taxable","14":"purchasable","15":"product-type-simple"},"jetpack_sharing_enabled":true,"_links":{"self":[{"href":"https:\/\/ddt.lv\/lv\/wp-json\/wp\/v2\/product\/106739"}],"collection":[{"href":"https:\/\/ddt.lv\/lv\/wp-json\/wp\/v2\/product"}],"about":[{"href":"https:\/\/ddt.lv\/lv\/wp-json\/wp\/v2\/types\/product"}],"replies":[{"embeddable":true,"href":"https:\/\/ddt.lv\/lv\/wp-json\/wp\/v2\/comments?post=106739"}],"wp:featuredmedia":[{"embeddable":true,"href":"https:\/\/ddt.lv\/lv\/wp-json\/wp\/v2\/media\/106759"}],"wp:attachment":[{"href":"https:\/\/ddt.lv\/lv\/wp-json\/wp\/v2\/media?parent=106739"}],"wp:term":[{"taxonomy":"product_cat","embeddable":true,"href":"https:\/\/ddt.lv\/lv\/wp-json\/wp\/v2\/product_cat?post=106739"},{"taxonomy":"product_tag","embeddable":true,"href":"https:\/\/ddt.lv\/lv\/wp-json\/wp\/v2\/product_tag?post=106739"},{"taxonomy":"yst_prominent_words","embeddable":true,"href":"https:\/\/ddt.lv\/lv\/wp-json\/wp\/v2\/yst_prominent_words?post=106739"}],"curies":[{"name":"wp","href":"https:\/\/api.w.org\/{rel}","templated":true}]}}