{"id":106738,"date":"2026-03-18T22:40:29","date_gmt":"2026-03-18T20:40:29","guid":{"rendered":"https:\/\/ddt.lv\/lv\/product\/led-refl-e27-9w-240v-r80-806-lm-4000k-sylvania-spuldze\/"},"modified":"2026-04-06T11:05:33","modified_gmt":"2026-04-06T08:05:33","slug":"led-refl-e27-9w-240v-r80-806-lm-4000k-sylvania-spuldze","status":"publish","type":"product","link":"https:\/\/ddt.lv\/lv\/product\/led-refl-e27-9w-240v-r80-806-lm-4000k-sylvania-spuldze\/","title":{"rendered":"LED Refl E27 9W 240V R80 806 lm 4000K Sylvania spuldze"},"content":{"rendered":"<p><\/p>\n<p data-start=\"278\" data-end=\"514\">Sylvania LED reflektora tipa spuldze R80 ar E27 cokolu nodro\u0161ina spilgtu un vienm\u0113r\u012bgu neitr\u0101li baltu 4000K apgaismojumu ar 806 l\u016bmenu gaismas pl\u016bsmu. T\u0101 ir piem\u0113rota gan visp\u0101r\u0113jam, gan akcenta apgaismojumam dz\u012bvojam\u0101s un komerctelp\u0101s.<\/p>\n<p data-start=\"516\" data-end=\"728\">\u0160\u012b LED spuldze ir energoefekt\u012bva alternat\u012bva tradicion\u0101laj\u0101m kv\u0113lspuldz\u0113m un halog\u0113na reflektora spuldz\u0113m, nodro\u0161inot zem\u0101ku elektroener\u0123ijas pat\u0113ri\u0146u, ilg\u0101ku kalpo\u0161anas laiku un samazin\u0101tas uztur\u0113\u0161anas izmaksas.<\/p>\n<h3 data-section-id=\"139zm5f\" data-start=\"730\" data-end=\"751\">Galven\u0101s \u012bpa\u0161\u012bbas<\/h3>\n<p data-start=\"753\" data-end=\"1222\">\u2022 Jauda 9W<br data-start=\"763\" data-end=\"766\" \/>\u2022 Gaismas pl\u016bsma 806 lm<br data-start=\"789\" data-end=\"792\" \/>\u2022 Gaismas kr\u0101sa 4000K neitr\u0101li balta<br data-start=\"828\" data-end=\"831\" \/>\u2022 Cokols E27<br data-start=\"843\" data-end=\"846\" \/>\u2022 Forma R80 reflektora tipa<br data-start=\"873\" data-end=\"876\" \/>\u2022 Spriegums 240V<br data-start=\"892\" data-end=\"895\" \/>\u2022 Energoefekt\u012bva LED alternat\u012bva kv\u0113lspuldz\u0113m un halog\u0113niem<br data-start=\"954\" data-end=\"957\" \/>\u2022 Ilgs kalpo\u0161anas laiks l\u012bdz 15 000 stund\u0101m<br data-start=\"1000\" data-end=\"1003\" \/>\u2022 Zem\u0101kas uztur\u0113\u0161anas izmaksas<br data-start=\"1033\" data-end=\"1036\" \/>\u2022 Nav dimm\u0113jama<br data-start=\"1072\" data-end=\"1075\" \/>\u2022 Videi draudz\u012bga \u2013 nesatur dz\u012bvsudrabu<br data-start=\"1114\" data-end=\"1117\" \/>\u2022 Piem\u0113rota dz\u012bvojam\u0101m telp\u0101m, birojiem, viesn\u012bc\u0101m, restor\u0101niem, b\u0101riem, vestibilos, gaite\u0146os un hall\u0113s<\/p>\n<p><\/p>","protected":false},"excerpt":{"rendered":"<p>Sylvania LED reflektora tipa spuldze R80 ar E27 cokolu nodro\u0161ina spilgtu un vienm\u0113r\u012bgu neitr\u0101li baltu 4000K apgaismojumu ar 806 l\u016bmenu gaismas pl\u016bsmu. T\u0101 ir piem\u0113rota gan visp\u0101r\u0113jam, gan akcenta apgaismojumam dz\u012bvojam\u0101s un komerctelp\u0101s. \u0160\u012b LED spuldze ir energoefekt\u012bva alternat\u012bva tradicion\u0101laj\u0101m kv\u0113lspuldz\u0113m un halog\u0113na reflektora spuldz\u0113m, nodro\u0161inot zem\u0101ku elektroener\u0123ijas pat\u0113ri\u0146u, ilg\u0101ku kalpo\u0161anas laiku un samazin\u0101tas uztur\u0113\u0161anas [&hellip;]<\/p>\n","protected":false},"featured_media":106761,"comment_status":"closed","ping_status":"closed","template":"","meta":{"inline_featured_image":false},"product_cat":[772,850],"product_tag":[],"yst_prominent_words":[],"class_list":{"0":"post-106738","1":"product","2":"type-product","3":"status-publish","4":"has-post-thumbnail","6":"product_cat-atlaides","7":"product_cat-e27-spuldzes","9":"first","10":"instock","11":"sale","12":"taxable","13":"shipping-taxable","14":"purchasable","15":"product-type-simple"},"jetpack_sharing_enabled":true,"_links":{"self":[{"href":"https:\/\/ddt.lv\/lv\/wp-json\/wp\/v2\/product\/106738"}],"collection":[{"href":"https:\/\/ddt.lv\/lv\/wp-json\/wp\/v2\/product"}],"about":[{"href":"https:\/\/ddt.lv\/lv\/wp-json\/wp\/v2\/types\/product"}],"replies":[{"embeddable":true,"href":"https:\/\/ddt.lv\/lv\/wp-json\/wp\/v2\/comments?post=106738"}],"wp:featuredmedia":[{"embeddable":true,"href":"https:\/\/ddt.lv\/lv\/wp-json\/wp\/v2\/media\/106761"}],"wp:attachment":[{"href":"https:\/\/ddt.lv\/lv\/wp-json\/wp\/v2\/media?parent=106738"}],"wp:term":[{"taxonomy":"product_cat","embeddable":true,"href":"https:\/\/ddt.lv\/lv\/wp-json\/wp\/v2\/product_cat?post=106738"},{"taxonomy":"product_tag","embeddable":true,"href":"https:\/\/ddt.lv\/lv\/wp-json\/wp\/v2\/product_tag?post=106738"},{"taxonomy":"yst_prominent_words","embeddable":true,"href":"https:\/\/ddt.lv\/lv\/wp-json\/wp\/v2\/yst_prominent_words?post=106738"}],"curies":[{"name":"wp","href":"https:\/\/api.w.org\/{rel}","templated":true}]}}