{"id":106535,"date":"2026-03-12T11:20:25","date_gmt":"2026-03-12T09:20:25","guid":{"rendered":"https:\/\/ddt.lv\/lv\/product\/augu-lampa-destiem-pilna-sp-led-15w-800lm-ip20-3900k-t-emos\/"},"modified":"2026-04-24T11:05:16","modified_gmt":"2026-04-24T08:05:16","slug":"augu-lampa-destiem-pilna-sp-led-15w-800lm-ip20-3900k-t-emos","status":"publish","type":"product","link":"https:\/\/ddt.lv\/lv\/product\/augu-lampa-destiem-pilna-sp-led-15w-800lm-ip20-3900k-t-emos\/","title":{"rendered":"Augu lampa d\u0113stiem pilna spektra LED 15W 800lm IP20 3900K taimeris EMOS"},"content":{"rendered":"<p><\/p>\n<h2 data-section-id=\"qch4hg\" data-start=\"251\" data-end=\"343\">LED augu audz\u0113\u0161anas lampa \u2013 pilna spektra gaisma vesel\u012bgai augu aug\u0161anai visa gada garum\u0101<\/h2>\n<p data-start=\"345\" data-end=\"654\">Augu audz\u0113\u0161anas lampas nodro\u0161ina augiem nepiecie\u0161amo gaismu laik\u0101, kad telp\u0101s vai ziemas m\u0113ne\u0161os dabisk\u0101s gaismas tr\u016bkst. Pateicoties modernajai LED tehnolo\u0123ijai, lampa imit\u0113 dabisko dienasgaismu, veicina vesel\u012bgu augu aug\u0161anu un \u013cauj uztur\u0113t gar\u0161augus, telpaugus un sukulentus lab\u0101 st\u0101vokl\u012b visa gada garum\u0101.<\/p>\n<p data-start=\"656\" data-end=\"801\">T\u0101 ir ide\u0101la izv\u0113le ikvienam, kas v\u0113las audz\u0113t svaigus gar\u0161augus, d\u0101rze\u0146us vai dekorat\u012bvos augus telp\u0101s neatkar\u012bgi no sezonas un saules daudzuma.<\/p>\n<h3 data-section-id=\"1vczd6q\" data-start=\"803\" data-end=\"829\">Galven\u0101s priek\u0161roc\u012bbas<\/h3>\n<p data-start=\"831\" data-end=\"1095\">\u2022 Atbalsta augu aug\u0161anu visu gadu ar\u012b ziem\u0101 un tum\u0161\u0101k\u0101s telp\u0101s<br data-start=\"893\" data-end=\"896\" \/>\u2022 Pilna spektra LED gaisma imit\u0113 dabisko saules gaismu<br data-start=\"950\" data-end=\"953\" \/>\u2022 Uzlabo augu kr\u0101su, formu un vitalit\u0101ti<br data-start=\"993\" data-end=\"996\" \/>\u2022 Stiprina lapas, saknes un stubl\u0101jus<br data-start=\"1033\" data-end=\"1036\" \/>\u2022 Energoefekt\u012bva LED tehnolo\u0123ija ar ilgu kalpo\u0161anas laiku<\/p>\n<hr data-start=\"1097\" data-end=\"1100\" \/>\n<h2 data-section-id=\"1n4gyeb\" data-start=\"1102\" data-end=\"1158\">Ide\u0101la gaisma s\u0113klu d\u012bg\u0161anai un jauno augu att\u012bst\u012bbai<\/h2>\n<p data-start=\"1160\" data-end=\"1408\">Audz\u0113\u0161anas lampa <strong data-start=\"1177\" data-end=\"1186\">Z7903<\/strong> ir \u012bpa\u0161i izstr\u0101d\u0101ta s\u0113klu d\u012bg\u0161anai un st\u0101du audz\u0113\u0161anai \u2013 vienai no vissvar\u012bg\u0101kaj\u0101m augu aug\u0161anas f\u0101z\u0113m. \u0160aj\u0101 period\u0101 pareizs apgaismojums ir \u013coti b\u016btisks, jo tas ietekm\u0113 sak\u0146u att\u012bst\u012bbu, augu formu un to turpm\u0101ko aug\u0161anu.<\/p>\n<p data-start=\"1410\" data-end=\"1587\">Lampa nodro\u0161ina stabilu un vienm\u0113r\u012bgu apgaismojumu, kas pal\u012bdz augiem att\u012bst\u012bties kompaktiem, sp\u0113c\u012bgiem un vesel\u012bgiem, nov\u0113r\u0161ot st\u0101du p\u0101rm\u0113r\u012bgu izstiep\u0161anos gaismas tr\u016bkuma d\u0113\u013c.<\/p>\n<h3 data-section-id=\"1ifr0gq\" data-start=\"1589\" data-end=\"1610\">Ide\u0101li piem\u0113rota:<\/h3>\n<p data-start=\"1612\" data-end=\"1724\">\u2022 s\u0113klu d\u012bg\u0161anai<br data-start=\"1628\" data-end=\"1631\" \/>\u2022 st\u0101du audz\u0113\u0161anai<br data-start=\"1649\" data-end=\"1652\" \/>\u2022 jaunajiem augiem un d\u0101rze\u0146iem<br data-start=\"1683\" data-end=\"1686\" \/>\u2022 gar\u0161augiem agr\u012bn\u0101 aug\u0161anas stadij\u0101<\/p>\n<p><\/p>","protected":false},"excerpt":{"rendered":"<p>LED augu audz\u0113\u0161anas lampa \u2013 pilna spektra gaisma vesel\u012bgai augu aug\u0161anai visa gada garum\u0101 Augu audz\u0113\u0161anas lampas nodro\u0161ina augiem nepiecie\u0161amo gaismu laik\u0101, kad telp\u0101s vai ziemas m\u0113ne\u0161os dabisk\u0101s gaismas tr\u016bkst. Pateicoties modernajai LED tehnolo\u0123ijai, lampa imit\u0113 dabisko dienasgaismu, veicina vesel\u012bgu augu aug\u0161anu un \u013cauj uztur\u0113t gar\u0161augus, telpaugus un sukulentus lab\u0101 st\u0101vokl\u012b visa gada garum\u0101. T\u0101 [&hellip;]<\/p>\n","protected":false},"featured_media":106585,"comment_status":"closed","ping_status":"closed","template":"","meta":{"inline_featured_image":false},"product_cat":[1825,772],"product_tag":[],"yst_prominent_words":[],"class_list":{"0":"post-106535","1":"product","2":"type-product","3":"status-publish","4":"has-post-thumbnail","6":"product_cat-augu-lampas-apgaismojums","7":"product_cat-atlaides","9":"first","10":"outofstock","11":"sale","12":"taxable","13":"shipping-taxable","14":"purchasable","15":"product-type-simple"},"jetpack_sharing_enabled":true,"_links":{"self":[{"href":"https:\/\/ddt.lv\/lv\/wp-json\/wp\/v2\/product\/106535"}],"collection":[{"href":"https:\/\/ddt.lv\/lv\/wp-json\/wp\/v2\/product"}],"about":[{"href":"https:\/\/ddt.lv\/lv\/wp-json\/wp\/v2\/types\/product"}],"replies":[{"embeddable":true,"href":"https:\/\/ddt.lv\/lv\/wp-json\/wp\/v2\/comments?post=106535"}],"wp:featuredmedia":[{"embeddable":true,"href":"https:\/\/ddt.lv\/lv\/wp-json\/wp\/v2\/media\/106585"}],"wp:attachment":[{"href":"https:\/\/ddt.lv\/lv\/wp-json\/wp\/v2\/media?parent=106535"}],"wp:term":[{"taxonomy":"product_cat","embeddable":true,"href":"https:\/\/ddt.lv\/lv\/wp-json\/wp\/v2\/product_cat?post=106535"},{"taxonomy":"product_tag","embeddable":true,"href":"https:\/\/ddt.lv\/lv\/wp-json\/wp\/v2\/product_tag?post=106535"},{"taxonomy":"yst_prominent_words","embeddable":true,"href":"https:\/\/ddt.lv\/lv\/wp-json\/wp\/v2\/yst_prominent_words?post=106535"}],"curies":[{"name":"wp","href":"https:\/\/api.w.org\/{rel}","templated":true}]}}