{"id":106534,"date":"2026-03-12T11:20:24","date_gmt":"2026-03-12T09:20:24","guid":{"rendered":"https:\/\/ddt.lv\/lv\/product\/augu-lampa-pilna-sp-led-8w-300lm-ip20-3100k-t-usb-a-dim\/"},"modified":"2026-04-24T09:10:18","modified_gmt":"2026-04-24T06:10:18","slug":"augu-lampa-pilna-sp-led-8w-300lm-ip20-3100k-t-usb-a-dim","status":"publish","type":"product","link":"https:\/\/ddt.lv\/lv\/product\/augu-lampa-pilna-sp-led-8w-300lm-ip20-3100k-t-usb-a-dim\/","title":{"rendered":"Augu lampa pilna spektra LED 8W 300 lm IP20 3100K USB-A dimm\u0113jama taimeris EMOS"},"content":{"rendered":"<p><\/p>\n<h3 data-section-id=\"1o4et8l\" data-start=\"338\" data-end=\"376\">LED gaisma vesel\u012bgai augu aug\u0161anai<\/h3>\n<p data-start=\"378\" data-end=\"645\">Dimm\u0113jama LED augu audz\u0113\u0161anas lampa ar USB-A piesl\u0113gumu ir paredz\u0113ta augiem, kuriem nepiecie\u0161ams maigs, bet intens\u012bvs apgaismojums. Lampa nodro\u0161ina pilna spektra apgaismojumu, kas pal\u012bdz augiem augt vesel\u012bgi pat telp\u0101s vai ziemas m\u0113ne\u0161os, kad dabisk\u0101s gaismas tr\u016bkst.<\/p>\n<p data-start=\"647\" data-end=\"817\">Baltie LED (26 gab.) imit\u0113 dabisko dienasgaismu un veicina fotosint\u0113zi, savuk\u0101rt sarkanie LED (13 gab.) stimul\u0113 lapu veido\u0161anos, stubl\u0101ju aug\u0161anu un bag\u0101t\u012bg\u0101ku zied\u0113\u0161anu.<\/p>\n<hr data-start=\"819\" data-end=\"822\" \/>\n<h3 data-section-id=\"11rvlns\" data-start=\"824\" data-end=\"872\">Regul\u0113jams augstums un vienk\u0101r\u0161a uzst\u0101d\u012b\u0161ana<\/h3>\n<p data-start=\"874\" data-end=\"1063\">Teleskopiskais stienis ar regul\u0113jamu augstumu <strong data-start=\"920\" data-end=\"934\">195\u2013718 mm<\/strong> \u013cauj lampu piel\u0101got augo\u0161o augu izm\u0113ram. Praktiskais stiprin\u0101juma d\u016bris \u013cauj lampu dro\u0161i ievietot pu\u0137u pod\u0101 bez papildu stat\u012bva.<\/p>\n<hr data-start=\"1065\" data-end=\"1068\" \/>\n<h3 data-section-id=\"15jagk8\" data-start=\"1070\" data-end=\"1108\">Taimeris, dimmeris un USB baro\u0161ana<\/h3>\n<p data-start=\"1110\" data-end=\"1217\">Lampai ir <strong data-start=\"1120\" data-end=\"1143\">1,7 m USB-A kabelis<\/strong> (adapteris komplekt\u0101 nav iek\u013cauts). Uz kabe\u013ca atrodas vad\u012bbas modulis ar:<\/p>\n<p data-start=\"1219\" data-end=\"1302\">\u2022 taimeri <strong data-start=\"1229\" data-end=\"1252\">8 \/ 12 \/ 16 stundas<\/strong><br data-start=\"1252\" data-end=\"1255\" \/>\u2022 <strong data-start=\"1257\" data-end=\"1302\">5 pak\u0101pju gaismas intensit\u0101tes regul\u0113\u0161anu<\/strong><\/p>\n<p data-start=\"1304\" data-end=\"1381\">Tas \u013cauj vienk\u0101r\u0161i piel\u0101got apgaismojumu da\u017e\u0101diem augiem un diennakts laikam.<\/p>\n<hr data-start=\"1383\" data-end=\"1386\" \/>\n<h3 data-section-id=\"sdqdl1\" data-start=\"1388\" data-end=\"1430\">Ide\u0101ls apgaismojums j\u016bsu za\u013cajai o\u0101zei<\/h3>\n<p data-start=\"1432\" data-end=\"1497\">Augu audz\u0113\u0161anas lampa nodro\u0161ina optim\u0101lus apgaismojuma apst\u0101k\u013cus:<\/p>\n<p data-start=\"1499\" data-end=\"1572\">\u2022 telpaugiem<br data-start=\"1511\" data-end=\"1514\" \/>\u2022 gar\u0161augiem<br data-start=\"1526\" data-end=\"1529\" \/>\u2022 d\u0101rze\u0146iem<br data-start=\"1540\" data-end=\"1543\" \/>\u2022 sukulentiem<br data-start=\"1556\" data-end=\"1559\" \/>\u2022 orhidej\u0101m<\/p>\n<p data-start=\"1574\" data-end=\"1739\">Pilna spektra LED apgaismojums veicina vesel\u012bgu aug\u0161anu, spilgtas kr\u0101sas un bag\u0101t\u012bgu zied\u0113\u0161anu visa gada garum\u0101 \u2013 ar\u012b viet\u0101s, kur dabisk\u0101 dienasgaisma ir ierobe\u017eota.<\/p>\n<p><\/p>","protected":false},"excerpt":{"rendered":"<p>LED gaisma vesel\u012bgai augu aug\u0161anai Dimm\u0113jama LED augu audz\u0113\u0161anas lampa ar USB-A piesl\u0113gumu ir paredz\u0113ta augiem, kuriem nepiecie\u0161ams maigs, bet intens\u012bvs apgaismojums. Lampa nodro\u0161ina pilna spektra apgaismojumu, kas pal\u012bdz augiem augt vesel\u012bgi pat telp\u0101s vai ziemas m\u0113ne\u0161os, kad dabisk\u0101s gaismas tr\u016bkst. Baltie LED (26 gab.) imit\u0113 dabisko dienasgaismu un veicina fotosint\u0113zi, savuk\u0101rt sarkanie LED (13 [&hellip;]<\/p>\n","protected":false},"featured_media":106569,"comment_status":"closed","ping_status":"closed","template":"","meta":{"inline_featured_image":false},"product_cat":[1825],"product_tag":[],"yst_prominent_words":[],"class_list":{"0":"post-106534","1":"product","2":"type-product","3":"status-publish","4":"has-post-thumbnail","6":"product_cat-augu-lampas-apgaismojums","8":"first","9":"instock","10":"taxable","11":"shipping-taxable","12":"purchasable","13":"product-type-simple"},"jetpack_sharing_enabled":true,"_links":{"self":[{"href":"https:\/\/ddt.lv\/lv\/wp-json\/wp\/v2\/product\/106534"}],"collection":[{"href":"https:\/\/ddt.lv\/lv\/wp-json\/wp\/v2\/product"}],"about":[{"href":"https:\/\/ddt.lv\/lv\/wp-json\/wp\/v2\/types\/product"}],"replies":[{"embeddable":true,"href":"https:\/\/ddt.lv\/lv\/wp-json\/wp\/v2\/comments?post=106534"}],"wp:featuredmedia":[{"embeddable":true,"href":"https:\/\/ddt.lv\/lv\/wp-json\/wp\/v2\/media\/106569"}],"wp:attachment":[{"href":"https:\/\/ddt.lv\/lv\/wp-json\/wp\/v2\/media?parent=106534"}],"wp:term":[{"taxonomy":"product_cat","embeddable":true,"href":"https:\/\/ddt.lv\/lv\/wp-json\/wp\/v2\/product_cat?post=106534"},{"taxonomy":"product_tag","embeddable":true,"href":"https:\/\/ddt.lv\/lv\/wp-json\/wp\/v2\/product_tag?post=106534"},{"taxonomy":"yst_prominent_words","embeddable":true,"href":"https:\/\/ddt.lv\/lv\/wp-json\/wp\/v2\/yst_prominent_words?post=106534"}],"curies":[{"name":"wp","href":"https:\/\/api.w.org\/{rel}","templated":true}]}}