{"id":105345,"date":"2026-03-04T12:25:21","date_gmt":"2026-03-04T10:25:21","guid":{"rendered":"https:\/\/ddt.lv\/lv\/product\/lukturis-metala-teleskopisks-3led-4xlr44-ar-magnetu-zext\/"},"modified":"2026-04-13T09:47:41","modified_gmt":"2026-04-13T06:47:41","slug":"lukturis-metala-teleskopisks-3led-4xlr44-ar-magnetu-zext","status":"publish","type":"product","link":"https:\/\/ddt.lv\/lv\/product\/lukturis-metala-teleskopisks-3led-4xlr44-ar-magnetu-zext\/","title":{"rendered":"Lukturis met\u0101la teleskopisks 3LED 4XLR44 ar magn\u0113tu ZEXT"},"content":{"rendered":"<p><\/p>\n<h2 data-start=\"211\" data-end=\"271\">Teleskopisks met\u0101la lukturis ZEXT ar magn\u0113tu 3 LED 4\u00d7LR44<\/h2>\n<p data-start=\"273\" data-end=\"574\">ZEXT teleskopiskais met\u0101la lukturis ar magn\u0113tu ir praktisks instruments darbam gr\u016bti pieejam\u0101s viet\u0101s. Spilgtais 3 LED apgaismojums pal\u012bdz izgaismot \u0161auras telpas, bet teleskopiskais korpuss \u013cauj pagarin\u0101t lukturi, lai sasniegtu vietas aiz m\u0113bel\u0113m, automa\u0161\u012bnas motor\u0101 vai cit\u0101s gr\u016bti pieejam\u0101s viet\u0101s.<\/p>\n<p data-start=\"576\" data-end=\"781\">Luktura gal\u0101 integr\u0113tais magn\u0113ts \u013cauj pacelt skr\u016bves, uzgrie\u017e\u0146us un citus met\u0101la priek\u0161metus. Iztur\u012bgais met\u0101la korpuss nodro\u0161ina ilgu kalpo\u0161anas laiku un uzticamu darb\u012bbu gan m\u0101jsaimniec\u012bb\u0101, gan darbn\u012bc\u0101.<\/p>\n<h3 data-start=\"783\" data-end=\"805\">Galven\u0101s \u012bpa\u0161\u012bbas:<\/h3>\n<p data-start=\"807\" data-end=\"1116\">\u2022 Spilgts 3 LED apgaismojums<br data-start=\"835\" data-end=\"838\" \/>\u2022 Teleskopiska konstrukcija gr\u016bti sasniedzam\u0101m viet\u0101m<br data-start=\"891\" data-end=\"894\" \/>\u2022 Ieb\u016bv\u0113ts magn\u0113ts met\u0101la priek\u0161metu pacel\u0161anai<br data-start=\"941\" data-end=\"944\" \/>\u2022 Iztur\u012bgs met\u0101la korpuss<br data-start=\"969\" data-end=\"972\" \/>\u2022 Kompakts un viegli lietojams<br data-start=\"1002\" data-end=\"1005\" \/>\u2022 Ide\u0101li piem\u0113rots auto remontam, darbn\u012bcai un m\u0101jsaimniec\u012bbai<br data-start=\"1067\" data-end=\"1070\" \/>\u2022 Baro\u0161ana 4\u00d7 LR44 baterijas<br data-start=\"1098\" data-end=\"1101\" \/>\u2022 Z\u012bmols ZEXT<\/p>\n<p><\/p>","protected":false},"excerpt":{"rendered":"<p>Teleskopisks met\u0101la lukturis ZEXT ar magn\u0113tu 3 LED 4\u00d7LR44 ZEXT teleskopiskais met\u0101la lukturis ar magn\u0113tu ir praktisks instruments darbam gr\u016bti pieejam\u0101s viet\u0101s. Spilgtais 3 LED apgaismojums pal\u012bdz izgaismot \u0161auras telpas, bet teleskopiskais korpuss \u013cauj pagarin\u0101t lukturi, lai sasniegtu vietas aiz m\u0113bel\u0113m, automa\u0161\u012bnas motor\u0101 vai cit\u0101s gr\u016bti pieejam\u0101s viet\u0101s. Luktura gal\u0101 integr\u0113tais magn\u0113ts \u013cauj pacelt skr\u016bves, [&hellip;]<\/p>\n","protected":false},"featured_media":33292,"comment_status":"closed","ping_status":"closed","template":"","meta":{"inline_featured_image":false},"product_cat":[728,726],"product_tag":[],"yst_prominent_words":[],"class_list":{"0":"post-105345","1":"product","2":"type-product","3":"status-publish","4":"has-post-thumbnail","6":"product_cat-ar-magnetu","7":"product_cat-kabatas","9":"first","10":"instock","11":"taxable","12":"shipping-taxable","13":"purchasable","14":"product-type-simple"},"jetpack_sharing_enabled":true,"_links":{"self":[{"href":"https:\/\/ddt.lv\/lv\/wp-json\/wp\/v2\/product\/105345"}],"collection":[{"href":"https:\/\/ddt.lv\/lv\/wp-json\/wp\/v2\/product"}],"about":[{"href":"https:\/\/ddt.lv\/lv\/wp-json\/wp\/v2\/types\/product"}],"replies":[{"embeddable":true,"href":"https:\/\/ddt.lv\/lv\/wp-json\/wp\/v2\/comments?post=105345"}],"wp:featuredmedia":[{"embeddable":true,"href":"https:\/\/ddt.lv\/lv\/wp-json\/wp\/v2\/media\/33292"}],"wp:attachment":[{"href":"https:\/\/ddt.lv\/lv\/wp-json\/wp\/v2\/media?parent=105345"}],"wp:term":[{"taxonomy":"product_cat","embeddable":true,"href":"https:\/\/ddt.lv\/lv\/wp-json\/wp\/v2\/product_cat?post=105345"},{"taxonomy":"product_tag","embeddable":true,"href":"https:\/\/ddt.lv\/lv\/wp-json\/wp\/v2\/product_tag?post=105345"},{"taxonomy":"yst_prominent_words","embeddable":true,"href":"https:\/\/ddt.lv\/lv\/wp-json\/wp\/v2\/yst_prominent_words?post=105345"}],"curies":[{"name":"wp","href":"https:\/\/api.w.org\/{rel}","templated":true}]}}