{"id":105308,"date":"2026-03-03T22:50:32","date_gmt":"2026-03-03T20:50:32","guid":{"rendered":"https:\/\/ddt.lv\/lv\/product\/led-candle-filament-e14-7w-240v-1055lm-4000k-spuldze-emos\/"},"modified":"2026-04-13T10:01:02","modified_gmt":"2026-04-13T07:01:02","slug":"led-candle-filament-e14-7w-240v-1055lm-4000k-spuldze-emos","status":"publish","type":"product","link":"https:\/\/ddt.lv\/lv\/product\/led-candle-filament-e14-7w-240v-1055lm-4000k-spuldze-emos\/","title":{"rendered":"LED spuldze Filament Candle E14 7W 1055lm neitr\u0101li balta EMOS"},"content":{"rendered":"<p><\/p>\n<p data-start=\"307\" data-end=\"554\">EMOS LED filamenta sveces tipa spuldze ar E14 cokolu nodro\u0161ina augstu gaismas atdevi 1055 l\u016bmeni un neitr\u0101li baltu 4000K gaismu. T\u0101 apvieno klasisku dekorat\u012bvu dizainu ar modernu LED tehnolo\u0123iju, nodro\u0161inot gan est\u0113tiku, gan efekt\u012bvu apgaismojumu.<\/p>\n<p data-start=\"556\" data-end=\"821\">Filamenta konstrukcija rada vienm\u0113r\u012bgu gaismas izkliedi, kas piem\u0113rota lustru tipa gaismek\u013ciem, sienas lamp\u0101m un atkl\u0101tiem gaismek\u013ciem, kur spuldze ir redzama. 7W pat\u0113ri\u0146\u0161 nodro\u0161ina b\u016btisku elektroener\u0123ijas ietaup\u012bjumu sal\u012bdzin\u0101jum\u0101 ar tradicion\u0101laj\u0101m kv\u0113lspuldz\u0113m.<\/p>\n<p data-start=\"823\" data-end=\"885\">Piem\u0113rota m\u0101jsaimniec\u012bb\u0101m, viesn\u012bc\u0101m, restor\u0101niem un birojiem.<\/p>\n<p><\/p>","protected":false},"excerpt":{"rendered":"<p>EMOS LED filamenta sveces tipa spuldze ar E14 cokolu nodro\u0161ina augstu gaismas atdevi 1055 l\u016bmeni un neitr\u0101li baltu 4000K gaismu. T\u0101 apvieno klasisku dekorat\u012bvu dizainu ar modernu LED tehnolo\u0123iju, nodro\u0161inot gan est\u0113tiku, gan efekt\u012bvu apgaismojumu. Filamenta konstrukcija rada vienm\u0113r\u012bgu gaismas izkliedi, kas piem\u0113rota lustru tipa gaismek\u013ciem, sienas lamp\u0101m un atkl\u0101tiem gaismek\u013ciem, kur spuldze ir redzama. [&hellip;]<\/p>\n","protected":false},"featured_media":105313,"comment_status":"closed","ping_status":"closed","template":"","meta":{"inline_featured_image":false},"product_cat":[772,851],"product_tag":[],"yst_prominent_words":[],"class_list":{"0":"post-105308","1":"product","2":"type-product","3":"status-publish","4":"has-post-thumbnail","6":"product_cat-atlaides","7":"product_cat-e14-spuldzes","9":"first","10":"instock","11":"sale","12":"taxable","13":"shipping-taxable","14":"purchasable","15":"product-type-simple"},"jetpack_sharing_enabled":true,"_links":{"self":[{"href":"https:\/\/ddt.lv\/lv\/wp-json\/wp\/v2\/product\/105308"}],"collection":[{"href":"https:\/\/ddt.lv\/lv\/wp-json\/wp\/v2\/product"}],"about":[{"href":"https:\/\/ddt.lv\/lv\/wp-json\/wp\/v2\/types\/product"}],"replies":[{"embeddable":true,"href":"https:\/\/ddt.lv\/lv\/wp-json\/wp\/v2\/comments?post=105308"}],"wp:featuredmedia":[{"embeddable":true,"href":"https:\/\/ddt.lv\/lv\/wp-json\/wp\/v2\/media\/105313"}],"wp:attachment":[{"href":"https:\/\/ddt.lv\/lv\/wp-json\/wp\/v2\/media?parent=105308"}],"wp:term":[{"taxonomy":"product_cat","embeddable":true,"href":"https:\/\/ddt.lv\/lv\/wp-json\/wp\/v2\/product_cat?post=105308"},{"taxonomy":"product_tag","embeddable":true,"href":"https:\/\/ddt.lv\/lv\/wp-json\/wp\/v2\/product_tag?post=105308"},{"taxonomy":"yst_prominent_words","embeddable":true,"href":"https:\/\/ddt.lv\/lv\/wp-json\/wp\/v2\/yst_prominent_words?post=105308"}],"curies":[{"name":"wp","href":"https:\/\/api.w.org\/{rel}","templated":true}]}}