{"id":105306,"date":"2026-03-03T22:15:28","date_gmt":"2026-03-03T20:15:28","guid":{"rendered":"https:\/\/ddt.lv\/lv\/product\/v675at-pr44-1-4v-energizer-baterija-akustika-bl4-hg0\/"},"modified":"2026-04-13T10:06:39","modified_gmt":"2026-04-13T07:06:39","slug":"v675at-pr44-1-4v-energizer-baterija-akustika-bl4-hg0","status":"publish","type":"product","link":"https:\/\/ddt.lv\/lv\/product\/v675at-pr44-1-4v-energizer-baterija-akustika-bl4-hg0\/","title":{"rendered":"V675AT PR44 1.4V ENERGIZER baterija Akustika BL4 HG=0"},"content":{"rendered":"<p><\/p>\n<h2 data-start=\"188\" data-end=\"271\">ENERGIZER V675AT PR44 1,4V dzirdes apar\u0101tu baterija Zinc Air BL4 bez dz\u012bvsudraba<\/h2>\n<p data-start=\"273\" data-end=\"490\">ENERGIZER V675AT PR44 1,4V dzirdes apar\u0101tu baterijas ar Zinc Air tehnolo\u0123iju nodro\u0161ina stabilu un vienm\u0113r\u012bgu spriegumu vis\u0101 lieto\u0161anas laik\u0101. T\u0101s paredz\u0113tas ier\u012bc\u0113m, kur nepiecie\u0161ama dro\u0161a un prec\u012bza ener\u0123ijas padeve.<\/p>\n<p data-start=\"492\" data-end=\"678\">Cinka-gaisa tehnolo\u0123ija aktiviz\u0113jas p\u0113c aizsargpl\u0113ves no\u0146em\u0161anas, nodro\u0161inot augstu ener\u0123ijas bl\u012bvumu un efekt\u012bvu darb\u012bbu. Baterijas nesatur dz\u012bvsudrabu HG=0, padarot t\u0101s dro\u0161\u0101kas videi.<\/p>\n<p data-start=\"680\" data-end=\"772\">Piem\u0113rotas dzirdes apar\u0101tiem, kas izmanto izm\u0113ru 675 PR44 baterijas. Iepakojum\u0101 4 baterijas.<\/p>\n<h3 data-start=\"774\" data-end=\"796\">Galven\u0101s \u012bpa\u0161\u012bbas:<\/h3>\n<p data-start=\"798\" data-end=\"1085\">\u2022 Tips V675AT PR44 izm\u0113rs 675<br data-start=\"827\" data-end=\"830\" \/>\u2022 Spriegums 1,4V<br data-start=\"846\" data-end=\"849\" \/>\u2022 Zinc Air cinka gaisa tehnolo\u0123ija<br data-start=\"883\" data-end=\"886\" \/>\u2022 HG=0 bez dz\u012bvsudraba<br data-start=\"908\" data-end=\"911\" \/>\u2022 Stabils spriegums uzticamai darb\u012bbai<br data-start=\"949\" data-end=\"952\" \/>\u2022 Ilgsto\u0161a un vienm\u0113r\u012bga jaudas padeve<br data-start=\"990\" data-end=\"993\" \/>\u2022 Aktiviz\u0113jas p\u0113c aizsargpl\u0113ves no\u0146em\u0161anas<br data-start=\"1035\" data-end=\"1038\" \/>\u2022 Iepakojum\u0101 4 gab BL4<br data-start=\"1060\" data-end=\"1063\" \/>\u2022 Ra\u017eot\u0101js ENERGIZER<\/p>\n<p><\/p>","protected":false},"excerpt":{"rendered":"<p>ENERGIZER V675AT PR44 1,4V dzirdes apar\u0101tu baterija Zinc Air BL4 bez dz\u012bvsudraba ENERGIZER V675AT PR44 1,4V dzirdes apar\u0101tu baterijas ar Zinc Air tehnolo\u0123iju nodro\u0161ina stabilu un vienm\u0113r\u012bgu spriegumu vis\u0101 lieto\u0161anas laik\u0101. T\u0101s paredz\u0113tas ier\u012bc\u0113m, kur nepiecie\u0161ama dro\u0161a un prec\u012bza ener\u0123ijas padeve. Cinka-gaisa tehnolo\u0123ija aktiviz\u0113jas p\u0113c aizsargpl\u0113ves no\u0146em\u0161anas, nodro\u0161inot augstu ener\u0123ijas bl\u012bvumu un efekt\u012bvu darb\u012bbu. Baterijas [&hellip;]<\/p>\n","protected":false},"featured_media":105316,"comment_status":"closed","ping_status":"closed","template":"","meta":{"inline_featured_image":false},"product_cat":[772,448],"product_tag":[],"yst_prominent_words":[],"class_list":{"0":"post-105306","1":"product","2":"type-product","3":"status-publish","4":"has-post-thumbnail","6":"product_cat-atlaides","7":"product_cat-dzirdes-aparatiem","9":"first","10":"instock","11":"sale","12":"taxable","13":"shipping-taxable","14":"purchasable","15":"product-type-simple"},"jetpack_sharing_enabled":true,"_links":{"self":[{"href":"https:\/\/ddt.lv\/lv\/wp-json\/wp\/v2\/product\/105306"}],"collection":[{"href":"https:\/\/ddt.lv\/lv\/wp-json\/wp\/v2\/product"}],"about":[{"href":"https:\/\/ddt.lv\/lv\/wp-json\/wp\/v2\/types\/product"}],"replies":[{"embeddable":true,"href":"https:\/\/ddt.lv\/lv\/wp-json\/wp\/v2\/comments?post=105306"}],"wp:featuredmedia":[{"embeddable":true,"href":"https:\/\/ddt.lv\/lv\/wp-json\/wp\/v2\/media\/105316"}],"wp:attachment":[{"href":"https:\/\/ddt.lv\/lv\/wp-json\/wp\/v2\/media?parent=105306"}],"wp:term":[{"taxonomy":"product_cat","embeddable":true,"href":"https:\/\/ddt.lv\/lv\/wp-json\/wp\/v2\/product_cat?post=105306"},{"taxonomy":"product_tag","embeddable":true,"href":"https:\/\/ddt.lv\/lv\/wp-json\/wp\/v2\/product_tag?post=105306"},{"taxonomy":"yst_prominent_words","embeddable":true,"href":"https:\/\/ddt.lv\/lv\/wp-json\/wp\/v2\/yst_prominent_words?post=105306"}],"curies":[{"name":"wp","href":"https:\/\/api.w.org\/{rel}","templated":true}]}}