{"id":105305,"date":"2026-03-03T22:15:28","date_gmt":"2026-03-03T20:15:28","guid":{"rendered":"https:\/\/ddt.lv\/lv\/product\/v312at-pr41-1-4v-energizer-baterija-akustika-bl8-hg0\/"},"modified":"2026-04-13T09:47:43","modified_gmt":"2026-04-13T06:47:43","slug":"v312at-pr41-1-4v-energizer-baterija-akustika-bl8-hg0","status":"publish","type":"product","link":"https:\/\/ddt.lv\/lv\/product\/v312at-pr41-1-4v-energizer-baterija-akustika-bl8-hg0\/","title":{"rendered":"V312AT PR41 1.4V ENERGIZER baterija Akustika BL8 HG=0"},"content":{"rendered":"<p><\/p>\n<h2 data-start=\"182\" data-end=\"265\">ENERGIZER V312AT PR41 1,4V dzirdes apar\u0101tu baterija Zinc Air BL8 bez dz\u012bvsudraba<\/h2>\n<p data-start=\"267\" data-end=\"511\">ENERGIZER V312AT PR41 1,4V dzirdes apar\u0101tu baterijas ar Zinc Air tehnolo\u0123iju nodro\u0161ina stabilu spriegumu un uzticamu darb\u012bbu vis\u0101 lieto\u0161anas laik\u0101. T\u0101s ir paredz\u0113tas dzirdes apar\u0101tiem, kuriem nepiecie\u0161ama prec\u012bza un vienm\u0113r\u012bga ener\u0123ijas padeve.<\/p>\n<p data-start=\"513\" data-end=\"699\">Cinka-gaisa tehnolo\u0123ija aktiviz\u0113jas p\u0113c aizsargpl\u0113ves no\u0146em\u0161anas, nodro\u0161inot augstu ener\u0123ijas bl\u012bvumu un efekt\u012bvu darb\u012bbu. Baterijas nesatur dz\u012bvsudrabu HG=0, padarot t\u0101s dro\u0161\u0101kas videi.<\/p>\n<p data-start=\"701\" data-end=\"808\">Piem\u0113rotas liel\u0101kajai da\u013cai dzirdes apar\u0101tu, kas izmanto izm\u0113ru 312 PR41 baterijas. Iepakojum\u0101 8 baterijas.<\/p>\n<h3 data-start=\"810\" data-end=\"832\">Galven\u0101s \u012bpa\u0161\u012bbas:<\/h3>\n<p data-start=\"834\" data-end=\"1121\">\u2022 Tips V312AT PR41 izm\u0113rs 312<br data-start=\"863\" data-end=\"866\" \/>\u2022 Spriegums 1,4V<br data-start=\"882\" data-end=\"885\" \/>\u2022 Zinc Air cinka gaisa tehnolo\u0123ija<br data-start=\"919\" data-end=\"922\" \/>\u2022 HG=0 bez dz\u012bvsudraba<br data-start=\"944\" data-end=\"947\" \/>\u2022 Stabils spriegums uzticamai darb\u012bbai<br data-start=\"985\" data-end=\"988\" \/>\u2022 Ilgsto\u0161a un vienm\u0113r\u012bga jaudas padeve<br data-start=\"1026\" data-end=\"1029\" \/>\u2022 Aktiviz\u0113jas p\u0113c aizsargpl\u0113ves no\u0146em\u0161anas<br data-start=\"1071\" data-end=\"1074\" \/>\u2022 Iepakojum\u0101 8 gab BL8<br data-start=\"1096\" data-end=\"1099\" \/>\u2022 Ra\u017eot\u0101js ENERGIZER<\/p>\n<p><\/p>","protected":false},"excerpt":{"rendered":"<p>ENERGIZER V312AT PR41 1,4V dzirdes apar\u0101tu baterija Zinc Air BL8 bez dz\u012bvsudraba ENERGIZER V312AT PR41 1,4V dzirdes apar\u0101tu baterijas ar Zinc Air tehnolo\u0123iju nodro\u0161ina stabilu spriegumu un uzticamu darb\u012bbu vis\u0101 lieto\u0161anas laik\u0101. T\u0101s ir paredz\u0113tas dzirdes apar\u0101tiem, kuriem nepiecie\u0161ama prec\u012bza un vienm\u0113r\u012bga ener\u0123ijas padeve. Cinka-gaisa tehnolo\u0123ija aktiviz\u0113jas p\u0113c aizsargpl\u0113ves no\u0146em\u0161anas, nodro\u0161inot augstu ener\u0123ijas bl\u012bvumu un [&hellip;]<\/p>\n","protected":false},"featured_media":105319,"comment_status":"closed","ping_status":"closed","template":"","meta":{"inline_featured_image":false},"product_cat":[772,448],"product_tag":[],"yst_prominent_words":[],"class_list":{"0":"post-105305","1":"product","2":"type-product","3":"status-publish","4":"has-post-thumbnail","6":"product_cat-atlaides","7":"product_cat-dzirdes-aparatiem","9":"first","10":"instock","11":"sale","12":"taxable","13":"shipping-taxable","14":"purchasable","15":"product-type-simple"},"jetpack_sharing_enabled":true,"_links":{"self":[{"href":"https:\/\/ddt.lv\/lv\/wp-json\/wp\/v2\/product\/105305"}],"collection":[{"href":"https:\/\/ddt.lv\/lv\/wp-json\/wp\/v2\/product"}],"about":[{"href":"https:\/\/ddt.lv\/lv\/wp-json\/wp\/v2\/types\/product"}],"replies":[{"embeddable":true,"href":"https:\/\/ddt.lv\/lv\/wp-json\/wp\/v2\/comments?post=105305"}],"wp:featuredmedia":[{"embeddable":true,"href":"https:\/\/ddt.lv\/lv\/wp-json\/wp\/v2\/media\/105319"}],"wp:attachment":[{"href":"https:\/\/ddt.lv\/lv\/wp-json\/wp\/v2\/media?parent=105305"}],"wp:term":[{"taxonomy":"product_cat","embeddable":true,"href":"https:\/\/ddt.lv\/lv\/wp-json\/wp\/v2\/product_cat?post=105305"},{"taxonomy":"product_tag","embeddable":true,"href":"https:\/\/ddt.lv\/lv\/wp-json\/wp\/v2\/product_tag?post=105305"},{"taxonomy":"yst_prominent_words","embeddable":true,"href":"https:\/\/ddt.lv\/lv\/wp-json\/wp\/v2\/yst_prominent_words?post=105305"}],"curies":[{"name":"wp","href":"https:\/\/api.w.org\/{rel}","templated":true}]}}