{"id":105304,"date":"2026-03-03T22:15:28","date_gmt":"2026-03-03T20:15:28","guid":{"rendered":"https:\/\/ddt.lv\/lv\/product\/v13at-pr48-1-4v-energizer-baterija-akustika-bl8-hg0\/"},"modified":"2026-04-14T13:21:05","modified_gmt":"2026-04-14T10:21:05","slug":"v13at-pr48-1-4v-energizer-baterija-akustika-bl8-hg0","status":"publish","type":"product","link":"https:\/\/ddt.lv\/lv\/product\/v13at-pr48-1-4v-energizer-baterija-akustika-bl8-hg0\/","title":{"rendered":"V13AT PR48 1.4V ENERGIZER baterija Akustika BL8 HG=0"},"content":{"rendered":"<p><\/p>\n<p data-start=\"271\" data-end=\"490\">ENERGIZER V13AT PR48 1,4V dzirdes apar\u0101tu baterijas ar Zinc Air tehnolo\u0123iju nodro\u0161ina stabilu spriegumu un uzticamu darb\u012bbu vis\u0101 lieto\u0161anas laik\u0101. Izstr\u0101d\u0101tas prec\u012bzai un vienm\u0113r\u012bgai ener\u0123ijas padevei dzirdes apar\u0101tiem.<\/p>\n<p data-start=\"492\" data-end=\"678\">Cinka-gaisa tehnolo\u0123ija aktiviz\u0113jas p\u0113c aizsargpl\u0113ves no\u0146em\u0161anas, nodro\u0161inot augstu ener\u0123ijas bl\u012bvumu un efekt\u012bvu darb\u012bbu. Baterijas nesatur dz\u012bvsudrabu HG=0, padarot t\u0101s dro\u0161\u0101kas videi.<\/p>\n<p data-start=\"680\" data-end=\"786\">Piem\u0113rotas liel\u0101kajai da\u013cai dzirdes apar\u0101tu, kas izmanto izm\u0113ru 13 PR48 baterijas. Iepakojum\u0101 8 baterijas.<\/p>\n<h3 data-start=\"788\" data-end=\"810\">Galven\u0101s \u012bpa\u0161\u012bbas:<\/h3>\n<p data-start=\"812\" data-end=\"1097\">\u2022 Tips V13AT PR48 izm\u0113rs 13<br data-start=\"839\" data-end=\"842\" \/>\u2022 Spriegums 1,4V<br data-start=\"858\" data-end=\"861\" \/>\u2022 Zinc Air cinka gaisa tehnolo\u0123ija<br data-start=\"895\" data-end=\"898\" \/>\u2022 HG=0 bez dz\u012bvsudraba<br data-start=\"920\" data-end=\"923\" \/>\u2022 Stabils spriegums uzticamai darb\u012bbai<br data-start=\"961\" data-end=\"964\" \/>\u2022 Ilgsto\u0161a un vienm\u0113r\u012bga jaudas padeve<br data-start=\"1002\" data-end=\"1005\" \/>\u2022 Aktiviz\u0113jas p\u0113c aizsargpl\u0113ves no\u0146em\u0161anas<br data-start=\"1047\" data-end=\"1050\" \/>\u2022 Iepakojum\u0101 8 gab BL8<br data-start=\"1072\" data-end=\"1075\" \/>\u2022 Ra\u017eot\u0101js ENERGIZER<\/p>\n<p><\/p>","protected":false},"excerpt":{"rendered":"<p>ENERGIZER V13AT PR48 1,4V dzirdes apar\u0101tu baterijas ar Zinc Air tehnolo\u0123iju nodro\u0161ina stabilu spriegumu un uzticamu darb\u012bbu vis\u0101 lieto\u0161anas laik\u0101. Izstr\u0101d\u0101tas prec\u012bzai un vienm\u0113r\u012bgai ener\u0123ijas padevei dzirdes apar\u0101tiem. Cinka-gaisa tehnolo\u0123ija aktiviz\u0113jas p\u0113c aizsargpl\u0113ves no\u0146em\u0161anas, nodro\u0161inot augstu ener\u0123ijas bl\u012bvumu un efekt\u012bvu darb\u012bbu. Baterijas nesatur dz\u012bvsudrabu HG=0, padarot t\u0101s dro\u0161\u0101kas videi. Piem\u0113rotas liel\u0101kajai da\u013cai dzirdes apar\u0101tu, kas [&hellip;]<\/p>\n","protected":false},"featured_media":105315,"comment_status":"closed","ping_status":"closed","template":"","meta":{"inline_featured_image":false},"product_cat":[772,448],"product_tag":[],"yst_prominent_words":[],"class_list":{"0":"post-105304","1":"product","2":"type-product","3":"status-publish","4":"has-post-thumbnail","6":"product_cat-atlaides","7":"product_cat-dzirdes-aparatiem","9":"first","10":"instock","11":"sale","12":"taxable","13":"shipping-taxable","14":"purchasable","15":"product-type-simple"},"jetpack_sharing_enabled":true,"_links":{"self":[{"href":"https:\/\/ddt.lv\/lv\/wp-json\/wp\/v2\/product\/105304"}],"collection":[{"href":"https:\/\/ddt.lv\/lv\/wp-json\/wp\/v2\/product"}],"about":[{"href":"https:\/\/ddt.lv\/lv\/wp-json\/wp\/v2\/types\/product"}],"replies":[{"embeddable":true,"href":"https:\/\/ddt.lv\/lv\/wp-json\/wp\/v2\/comments?post=105304"}],"wp:featuredmedia":[{"embeddable":true,"href":"https:\/\/ddt.lv\/lv\/wp-json\/wp\/v2\/media\/105315"}],"wp:attachment":[{"href":"https:\/\/ddt.lv\/lv\/wp-json\/wp\/v2\/media?parent=105304"}],"wp:term":[{"taxonomy":"product_cat","embeddable":true,"href":"https:\/\/ddt.lv\/lv\/wp-json\/wp\/v2\/product_cat?post=105304"},{"taxonomy":"product_tag","embeddable":true,"href":"https:\/\/ddt.lv\/lv\/wp-json\/wp\/v2\/product_tag?post=105304"},{"taxonomy":"yst_prominent_words","embeddable":true,"href":"https:\/\/ddt.lv\/lv\/wp-json\/wp\/v2\/yst_prominent_words?post=105304"}],"curies":[{"name":"wp","href":"https:\/\/api.w.org\/{rel}","templated":true}]}}