{"id":105303,"date":"2026-03-03T22:15:27","date_gmt":"2026-03-03T20:15:27","guid":{"rendered":"https:\/\/ddt.lv\/lv\/product\/v10at-pr70-1-4v-energizer-baterija-akustika-bl8-hg0\/"},"modified":"2026-04-13T09:46:24","modified_gmt":"2026-04-13T06:46:24","slug":"v10at-pr70-1-4v-energizer-baterija-akustika-bl8-hg0","status":"publish","type":"product","link":"https:\/\/ddt.lv\/lv\/product\/v10at-pr70-1-4v-energizer-baterija-akustika-bl8-hg0\/","title":{"rendered":"V10AT PR70 1.4V ENERGIZER baterija Akustika BL8 HG=0"},"content":{"rendered":"<p><\/p>\n<h2 data-start=\"187\" data-end=\"269\">ENERGIZER V10AT PR70 1,4V dzirdes apar\u0101tu baterija Zinc Air BL8 bez dz\u012bvsudraba<\/h2>\n<p data-start=\"271\" data-end=\"503\">ENERGIZER V10AT PR70 1,4V dzirdes apar\u0101tu baterijas ar Zinc Air tehnolo\u0123iju nodro\u0161ina stabilu un vienm\u0113r\u012bgu spriegumu vis\u0101 lieto\u0161anas laik\u0101. T\u0101s paredz\u0113tas dzirdes apar\u0101tiem, kuriem nepiecie\u0161ama prec\u012bza un uzticama ener\u0123ijas padeve.<\/p>\n<p data-start=\"505\" data-end=\"688\">Cinka-gaisa tehnolo\u0123ija aktiviz\u0113jas p\u0113c aizsargpl\u0113ves no\u0146em\u0161anas, nodro\u0161inot augstu ener\u0123ijas bl\u012bvumu un efekt\u012bvu darb\u012bbu. Baterijas nesatur dz\u012bvsudrabu HG=0, t\u0101d\u0113\u013c ir dro\u0161\u0101kas videi.<\/p>\n<p data-start=\"690\" data-end=\"796\">Piem\u0113rotas liel\u0101kajai da\u013cai dzirdes apar\u0101tu, kas izmanto izm\u0113ru 10 PR70 baterijas. Iepakojum\u0101 8 baterijas.<\/p>\n<h3 data-start=\"798\" data-end=\"820\">Galven\u0101s \u012bpa\u0161\u012bbas:<\/h3>\n<p data-start=\"822\" data-end=\"1107\">\u2022 Tips V10AT PR70 izm\u0113rs 10<br data-start=\"849\" data-end=\"852\" \/>\u2022 Spriegums 1,4V<br data-start=\"868\" data-end=\"871\" \/>\u2022 Zinc Air cinka gaisa tehnolo\u0123ija<br data-start=\"905\" data-end=\"908\" \/>\u2022 HG=0 bez dz\u012bvsudraba<br data-start=\"930\" data-end=\"933\" \/>\u2022 Stabils spriegums uzticamai darb\u012bbai<br data-start=\"971\" data-end=\"974\" \/>\u2022 Ilgsto\u0161a un vienm\u0113r\u012bga jaudas padeve<br data-start=\"1012\" data-end=\"1015\" \/>\u2022 Aktiviz\u0113jas p\u0113c aizsargpl\u0113ves no\u0146em\u0161anas<br data-start=\"1057\" data-end=\"1060\" \/>\u2022 Iepakojum\u0101 8 gab BL8<br data-start=\"1082\" data-end=\"1085\" \/>\u2022 Ra\u017eot\u0101js ENERGIZER<\/p>\n<p><\/p>","protected":false},"excerpt":{"rendered":"<p>ENERGIZER V10AT PR70 1,4V dzirdes apar\u0101tu baterija Zinc Air BL8 bez dz\u012bvsudraba ENERGIZER V10AT PR70 1,4V dzirdes apar\u0101tu baterijas ar Zinc Air tehnolo\u0123iju nodro\u0161ina stabilu un vienm\u0113r\u012bgu spriegumu vis\u0101 lieto\u0161anas laik\u0101. T\u0101s paredz\u0113tas dzirdes apar\u0101tiem, kuriem nepiecie\u0161ama prec\u012bza un uzticama ener\u0123ijas padeve. Cinka-gaisa tehnolo\u0123ija aktiviz\u0113jas p\u0113c aizsargpl\u0113ves no\u0146em\u0161anas, nodro\u0161inot augstu ener\u0123ijas bl\u012bvumu un efekt\u012bvu darb\u012bbu. [&hellip;]<\/p>\n","protected":false},"featured_media":105321,"comment_status":"closed","ping_status":"closed","template":"","meta":{"inline_featured_image":false},"product_cat":[772,448],"product_tag":[],"yst_prominent_words":[],"class_list":{"0":"post-105303","1":"product","2":"type-product","3":"status-publish","4":"has-post-thumbnail","6":"product_cat-atlaides","7":"product_cat-dzirdes-aparatiem","9":"first","10":"instock","11":"sale","12":"taxable","13":"shipping-taxable","14":"purchasable","15":"product-type-simple"},"jetpack_sharing_enabled":true,"_links":{"self":[{"href":"https:\/\/ddt.lv\/lv\/wp-json\/wp\/v2\/product\/105303"}],"collection":[{"href":"https:\/\/ddt.lv\/lv\/wp-json\/wp\/v2\/product"}],"about":[{"href":"https:\/\/ddt.lv\/lv\/wp-json\/wp\/v2\/types\/product"}],"replies":[{"embeddable":true,"href":"https:\/\/ddt.lv\/lv\/wp-json\/wp\/v2\/comments?post=105303"}],"wp:featuredmedia":[{"embeddable":true,"href":"https:\/\/ddt.lv\/lv\/wp-json\/wp\/v2\/media\/105321"}],"wp:attachment":[{"href":"https:\/\/ddt.lv\/lv\/wp-json\/wp\/v2\/media?parent=105303"}],"wp:term":[{"taxonomy":"product_cat","embeddable":true,"href":"https:\/\/ddt.lv\/lv\/wp-json\/wp\/v2\/product_cat?post=105303"},{"taxonomy":"product_tag","embeddable":true,"href":"https:\/\/ddt.lv\/lv\/wp-json\/wp\/v2\/product_tag?post=105303"},{"taxonomy":"yst_prominent_words","embeddable":true,"href":"https:\/\/ddt.lv\/lv\/wp-json\/wp\/v2\/yst_prominent_words?post=105303"}],"curies":[{"name":"wp","href":"https:\/\/api.w.org\/{rel}","templated":true}]}}