{"id":105301,"date":"2026-03-03T21:55:33","date_gmt":"2026-03-03T19:55:33","guid":{"rendered":"https:\/\/ddt.lv\/lv\/product\/v10at-dzirdes-aparatu-baterijas-pr70-zinc-air-bli-6-acoustics-varta\/"},"modified":"2026-04-13T10:06:33","modified_gmt":"2026-04-13T07:06:33","slug":"v10at-dzirdes-aparatu-baterijas-pr70-zinc-air-bli-6-acoustics-varta","status":"publish","type":"product","link":"https:\/\/ddt.lv\/lv\/product\/v10at-dzirdes-aparatu-baterijas-pr70-zinc-air-bli-6-acoustics-varta\/","title":{"rendered":"V10AT Dzirdes apar\u0101tu baterijas PR70 Zinc-Air BLI 6 Acoustics VARTA"},"content":{"rendered":"<p><\/p>\n<p data-start=\"329\" data-end=\"567\">VARTA V10AT PR70 dzirdes apar\u0101tu baterijas ar Zinc Air tehnolo\u0123iju nodro\u0161ina stabilu spriegumu un uzticamu darb\u012bbu vis\u0101 lieto\u0161anas laik\u0101. T\u0101s ir \u012bpa\u0161i izstr\u0101d\u0101tas dzirdes apar\u0101tiem, kur nepiecie\u0161ama prec\u012bza un vienm\u0113r\u012bga ener\u0123ijas padeve.<\/p>\n<p data-start=\"569\" data-end=\"774\">Cinka-gaisa tehnolo\u0123ija aktiviz\u0113jas p\u0113c aizsargpl\u0113ves no\u0146em\u0161anas, nodro\u0161inot augstu ener\u0123ijas bl\u012bvumu un efekt\u012bvu darb\u012bbu. Piem\u0113rotas liel\u0101kajai da\u013cai dzirdes apar\u0101tu, kas izmanto izm\u0113ru 10 PR70 baterijas.<\/p>\n<p data-start=\"776\" data-end=\"799\">Iepakojum\u0101 6 baterijas.<\/p>\n<p><\/p>","protected":false},"excerpt":{"rendered":"<p>VARTA V10AT PR70 dzirdes apar\u0101tu baterijas ar Zinc Air tehnolo\u0123iju nodro\u0161ina stabilu spriegumu un uzticamu darb\u012bbu vis\u0101 lieto\u0161anas laik\u0101. T\u0101s ir \u012bpa\u0161i izstr\u0101d\u0101tas dzirdes apar\u0101tiem, kur nepiecie\u0161ama prec\u012bza un vienm\u0113r\u012bga ener\u0123ijas padeve. Cinka-gaisa tehnolo\u0123ija aktiviz\u0113jas p\u0113c aizsargpl\u0113ves no\u0146em\u0161anas, nodro\u0161inot augstu ener\u0123ijas bl\u012bvumu un efekt\u012bvu darb\u012bbu. Piem\u0113rotas liel\u0101kajai da\u013cai dzirdes apar\u0101tu, kas izmanto izm\u0113ru 10 PR70 [&hellip;]<\/p>\n","protected":false},"featured_media":105307,"comment_status":"closed","ping_status":"closed","template":"","meta":{"inline_featured_image":false},"product_cat":[772,448],"product_tag":[],"yst_prominent_words":[],"class_list":{"0":"post-105301","1":"product","2":"type-product","3":"status-publish","4":"has-post-thumbnail","6":"product_cat-atlaides","7":"product_cat-dzirdes-aparatiem","9":"first","10":"instock","11":"sale","12":"taxable","13":"shipping-taxable","14":"purchasable","15":"product-type-simple"},"jetpack_sharing_enabled":true,"_links":{"self":[{"href":"https:\/\/ddt.lv\/lv\/wp-json\/wp\/v2\/product\/105301"}],"collection":[{"href":"https:\/\/ddt.lv\/lv\/wp-json\/wp\/v2\/product"}],"about":[{"href":"https:\/\/ddt.lv\/lv\/wp-json\/wp\/v2\/types\/product"}],"replies":[{"embeddable":true,"href":"https:\/\/ddt.lv\/lv\/wp-json\/wp\/v2\/comments?post=105301"}],"wp:featuredmedia":[{"embeddable":true,"href":"https:\/\/ddt.lv\/lv\/wp-json\/wp\/v2\/media\/105307"}],"wp:attachment":[{"href":"https:\/\/ddt.lv\/lv\/wp-json\/wp\/v2\/media?parent=105301"}],"wp:term":[{"taxonomy":"product_cat","embeddable":true,"href":"https:\/\/ddt.lv\/lv\/wp-json\/wp\/v2\/product_cat?post=105301"},{"taxonomy":"product_tag","embeddable":true,"href":"https:\/\/ddt.lv\/lv\/wp-json\/wp\/v2\/product_tag?post=105301"},{"taxonomy":"yst_prominent_words","embeddable":true,"href":"https:\/\/ddt.lv\/lv\/wp-json\/wp\/v2\/yst_prominent_words?post=105301"}],"curies":[{"name":"wp","href":"https:\/\/api.w.org\/{rel}","templated":true}]}}