{"id":105089,"date":"2026-02-28T00:40:31","date_gmt":"2026-02-27T22:40:31","guid":{"rendered":"https:\/\/ddt.lv\/lv\/product\/led-candle-filament-e27-4-5w-240v-470lm-2700k-spuldze-sylvania\/"},"modified":"2026-04-08T14:41:49","modified_gmt":"2026-04-08T11:41:49","slug":"led-candle-filament-e27-4-5w-240v-470lm-2700k-spuldze-sylvania","status":"publish","type":"product","link":"https:\/\/ddt.lv\/lv\/product\/led-candle-filament-e27-4-5w-240v-470lm-2700k-spuldze-sylvania\/","title":{"rendered":"LED CANDLE Filament E27 4.5W 240V 470lm 2700K spuldze Sylvania"},"content":{"rendered":"<p><\/p>\n<h3 data-section-id=\"1vczd6q\" data-start=\"140\" data-end=\"166\">Galven\u0101s priek\u0161roc\u012bbas<\/h3>\n<p data-start=\"168\" data-end=\"818\">\u2022 Ide\u0101li piem\u0113rota dekorat\u012bvajam un visp\u0101r\u0113jam apgaismojumam, rada siltu un m\u0101j\u012bgu atmosf\u0113ru k\u0101 tradicion\u0101l\u0101s spuldzes<br data-start=\"286\" data-end=\"289\" \/>\u2022 ToLEDo Retro sveces tipa spuld\u017eu s\u0113rija ir lieliska halog\u0113na un kv\u0113lspuld\u017eu aizvietot\u0101ja, \u012bpa\u0161i lustru un dekorat\u012bvo gaismek\u013cu lieto\u0161anai<br data-start=\"428\" data-end=\"431\" \/>\u2022 Identisks izskats, izm\u0113rs un funkcionalit\u0101te k\u0101 klasiskaj\u0101m kv\u0113lspuldz\u0113m<br data-start=\"505\" data-end=\"508\" \/>\u2022 Vienm\u0113r\u012bga gaismas izkliede visos virzienos (360\u00b0)<br data-start=\"560\" data-end=\"563\" \/>\u2022 Augsta energoefektivit\u0101te (E klase)<br data-start=\"602\" data-end=\"605\" \/>\u2022 Nodro\u0161ina dzirksto\u0161u gaismas efektu k\u0101 kv\u0113lspuldz\u0113m<br data-start=\"658\" data-end=\"661\" \/>\u2022 Piln\u012bb\u0101 atbilst tradicion\u0101lo spuld\u017eu izm\u0113riem \u2013 piem\u0113rota visiem standarta gaismek\u013ciem<br data-start=\"749\" data-end=\"752\" \/>\u2022 Videi draudz\u012bga \u2013 nesatur dz\u012bvsudrabu un samazina CO\u2082 emisijas<\/p>\n<p><\/p>","protected":false},"excerpt":{"rendered":"<p>Galven\u0101s priek\u0161roc\u012bbas \u2022 Ide\u0101li piem\u0113rota dekorat\u012bvajam un visp\u0101r\u0113jam apgaismojumam, rada siltu un m\u0101j\u012bgu atmosf\u0113ru k\u0101 tradicion\u0101l\u0101s spuldzes\u2022 ToLEDo Retro sveces tipa spuld\u017eu s\u0113rija ir lieliska halog\u0113na un kv\u0113lspuld\u017eu aizvietot\u0101ja, \u012bpa\u0161i lustru un dekorat\u012bvo gaismek\u013cu lieto\u0161anai\u2022 Identisks izskats, izm\u0113rs un funkcionalit\u0101te k\u0101 klasiskaj\u0101m kv\u0113lspuldz\u0113m\u2022 Vienm\u0113r\u012bga gaismas izkliede visos virzienos (360\u00b0)\u2022 Augsta energoefektivit\u0101te (E klase)\u2022 Nodro\u0161ina dzirksto\u0161u [&hellip;]<\/p>\n","protected":false},"featured_media":106727,"comment_status":"closed","ping_status":"closed","template":"","meta":{"inline_featured_image":false},"product_cat":[925],"product_tag":[],"yst_prominent_words":[],"class_list":{"0":"post-105089","1":"product","2":"type-product","3":"status-publish","4":"has-post-thumbnail","6":"product_cat-filament-tipa-spuldzes","8":"first","9":"instock","10":"taxable","11":"shipping-taxable","12":"purchasable","13":"product-type-simple"},"jetpack_sharing_enabled":true,"_links":{"self":[{"href":"https:\/\/ddt.lv\/lv\/wp-json\/wp\/v2\/product\/105089"}],"collection":[{"href":"https:\/\/ddt.lv\/lv\/wp-json\/wp\/v2\/product"}],"about":[{"href":"https:\/\/ddt.lv\/lv\/wp-json\/wp\/v2\/types\/product"}],"replies":[{"embeddable":true,"href":"https:\/\/ddt.lv\/lv\/wp-json\/wp\/v2\/comments?post=105089"}],"wp:featuredmedia":[{"embeddable":true,"href":"https:\/\/ddt.lv\/lv\/wp-json\/wp\/v2\/media\/106727"}],"wp:attachment":[{"href":"https:\/\/ddt.lv\/lv\/wp-json\/wp\/v2\/media?parent=105089"}],"wp:term":[{"taxonomy":"product_cat","embeddable":true,"href":"https:\/\/ddt.lv\/lv\/wp-json\/wp\/v2\/product_cat?post=105089"},{"taxonomy":"product_tag","embeddable":true,"href":"https:\/\/ddt.lv\/lv\/wp-json\/wp\/v2\/product_tag?post=105089"},{"taxonomy":"yst_prominent_words","embeddable":true,"href":"https:\/\/ddt.lv\/lv\/wp-json\/wp\/v2\/yst_prominent_words?post=105089"}],"curies":[{"name":"wp","href":"https:\/\/api.w.org\/{rel}","templated":true}]}}