{"id":105084,"date":"2026-02-28T00:40:28","date_gmt":"2026-02-27T22:40:28","guid":{"rendered":"https:\/\/ddt.lv\/lv\/product\/led-spuldze-emos-svecite-e27-4w-230v-330lm-2700k\/"},"modified":"2026-04-22T08:31:08","modified_gmt":"2026-04-22T05:31:08","slug":"led-spuldze-emos-svecite-e27-4w-230v-330lm-2700k","status":"publish","type":"product","link":"https:\/\/ddt.lv\/lv\/product\/led-spuldze-emos-svecite-e27-4w-230v-330lm-2700k\/","title":{"rendered":"LED spuldze EMOS svec\u012bte E27 4W 230V 330lm 2700K"},"content":{"rendered":"<p><\/p>\n<p data-start=\"105\" data-end=\"384\">LED spuldze Classic Candle ar E27 cokolu ir piem\u0113rota dekorat\u012bvajiem gaismek\u013ciem, sienas lamp\u0101m un lustru tipa apgaismojumam, kur svar\u012bga ir kompakta sveces forma un pat\u012bkama silti balta gaisma. 330lm gaismas pl\u016bsma nodro\u0161ina maigu un vienm\u0113r\u012bgu apgaismojumu ikdienas lieto\u0161anai.<\/p>\n<p data-start=\"386\" data-end=\"616\">\u0160\u012b 4W LED spuldze pal\u012bdz samazin\u0101t elektroener\u0123ijas pat\u0113ri\u0146u un ir piem\u0113rota viet\u0101m, kur nepiecie\u0161ama uzticama gaisma ar klasisku izskatu. 180\u00b0 starojuma le\u0146\u0137is un 30000h kalpo\u0161anas laiks padara to par praktisku izv\u0113li ilgtermi\u0146\u0101.<\/p>\n<h2 data-section-id=\"7cpzmo\" data-start=\"618\" data-end=\"638\">Galven\u0101s \u012bpa\u0161\u012bbas<\/h2>\n<ul data-start=\"639\" data-end=\"904\">\n<li data-section-id=\"f8oczl\" data-start=\"639\" data-end=\"667\">LED spuldze Classic Candle<\/li>\n<li data-section-id=\"t4zjen\" data-start=\"668\" data-end=\"680\">Cokols E27<\/li>\n<li data-section-id=\"hyqe40\" data-start=\"681\" data-end=\"691\">Jauda 4W<\/li>\n<li data-section-id=\"d2iovm\" data-start=\"692\" data-end=\"714\">Gaismas pl\u016bsma 330lm<\/li>\n<li data-section-id=\"7igrrk\" data-start=\"715\" data-end=\"742\">Gaismas kr\u0101sa silti balta<\/li>\n<li data-section-id=\"fqlm4u\" data-start=\"743\" data-end=\"768\">Kr\u0101su temperat\u016bra 2700K<\/li>\n<li data-section-id=\"12i7fa\" data-start=\"769\" data-end=\"788\">Stara le\u0146\u0137is 180\u00b0<\/li>\n<li data-section-id=\"14dt9i6\" data-start=\"789\" data-end=\"812\">Gaismas atdeve 83lm\/W<\/li>\n<li data-section-id=\"1cmo7qi\" data-start=\"813\" data-end=\"838\">Kalpo\u0161anas laiks 30000h<\/li>\n<li data-section-id=\"dukw51\" data-start=\"839\" data-end=\"851\">CRI Ra &gt;80<\/li>\n<li data-section-id=\"ox8fd4\" data-start=\"852\" data-end=\"867\">Nav dimm\u0113jama<\/li>\n<li data-section-id=\"12wts3i\" data-start=\"868\" data-end=\"904\">Piem\u0113rota dekorat\u012bviem gaismek\u013ciem<\/li>\n<\/ul>\n<p><\/p>","protected":false},"excerpt":{"rendered":"<p>LED spuldze Classic Candle ar E27 cokolu ir piem\u0113rota dekorat\u012bvajiem gaismek\u013ciem, sienas lamp\u0101m un lustru tipa apgaismojumam, kur svar\u012bga ir kompakta sveces forma un pat\u012bkama silti balta gaisma. 330lm gaismas pl\u016bsma nodro\u0161ina maigu un vienm\u0113r\u012bgu apgaismojumu ikdienas lieto\u0161anai. \u0160\u012b 4W LED spuldze pal\u012bdz samazin\u0101t elektroener\u0123ijas pat\u0113ri\u0146u un ir piem\u0113rota viet\u0101m, kur nepiecie\u0161ama uzticama gaisma ar [&hellip;]<\/p>\n","protected":false},"featured_media":110596,"comment_status":"closed","ping_status":"closed","template":"","meta":{"inline_featured_image":false},"product_cat":[850],"product_tag":[],"yst_prominent_words":[],"class_list":{"0":"post-105084","1":"product","2":"type-product","3":"status-publish","4":"has-post-thumbnail","6":"product_cat-e27-spuldzes","8":"first","9":"instock","10":"taxable","11":"shipping-taxable","12":"purchasable","13":"product-type-simple"},"jetpack_sharing_enabled":true,"_links":{"self":[{"href":"https:\/\/ddt.lv\/lv\/wp-json\/wp\/v2\/product\/105084"}],"collection":[{"href":"https:\/\/ddt.lv\/lv\/wp-json\/wp\/v2\/product"}],"about":[{"href":"https:\/\/ddt.lv\/lv\/wp-json\/wp\/v2\/types\/product"}],"replies":[{"embeddable":true,"href":"https:\/\/ddt.lv\/lv\/wp-json\/wp\/v2\/comments?post=105084"}],"wp:featuredmedia":[{"embeddable":true,"href":"https:\/\/ddt.lv\/lv\/wp-json\/wp\/v2\/media\/110596"}],"wp:attachment":[{"href":"https:\/\/ddt.lv\/lv\/wp-json\/wp\/v2\/media?parent=105084"}],"wp:term":[{"taxonomy":"product_cat","embeddable":true,"href":"https:\/\/ddt.lv\/lv\/wp-json\/wp\/v2\/product_cat?post=105084"},{"taxonomy":"product_tag","embeddable":true,"href":"https:\/\/ddt.lv\/lv\/wp-json\/wp\/v2\/product_tag?post=105084"},{"taxonomy":"yst_prominent_words","embeddable":true,"href":"https:\/\/ddt.lv\/lv\/wp-json\/wp\/v2\/yst_prominent_words?post=105084"}],"curies":[{"name":"wp","href":"https:\/\/api.w.org\/{rel}","templated":true}]}}