{"id":104892,"date":"2026-02-25T11:20:36","date_gmt":"2026-02-25T09:20:36","guid":{"rendered":"https:\/\/ddt.lv\/lv\/product\/led-ball-e14-5-5w-230v-470lm-4000k-spuldze-emos\/"},"modified":"2026-04-08T14:40:56","modified_gmt":"2026-04-08T11:40:56","slug":"led-ball-e14-5-5w-230v-470lm-4000k-spuldze-emos","status":"publish","type":"product","link":"https:\/\/ddt.lv\/lv\/product\/led-ball-e14-5-5w-230v-470lm-4000k-spuldze-emos\/","title":{"rendered":"LED BALL E14 5.5W 230V 470lm 4000K spuldze EMOS"},"content":{"rendered":"<p><\/p>\n<h2 data-start=\"176\" data-end=\"238\">LED spuldze EMOS BALL E14 4,2W 470lm 2700K 240V silti balta<\/h2>\n<p data-start=\"240\" data-end=\"486\">EMOS LED BALL spuldze ar E14 cokolu nodro\u0161ina 470 l\u016bmenu pat\u012bkamu silti baltu gaismu 2700K temperat\u016br\u0101. \u0160\u012b gaismas kr\u0101sa rada m\u0101j\u012bgu un komfortablu atmosf\u0113ru, t\u0101p\u0113c ir \u012bpa\u0161i piem\u0113rota dz\u012bvojam\u0101m telp\u0101m, gu\u013camistab\u0101m un dekorat\u012bvajiem gaismek\u013ciem.<\/p>\n<p data-start=\"488\" data-end=\"695\">Kompakt\u0101 lodveida forma ir ide\u0101li piem\u0113rota maz\u0101kiem gaismek\u013ciem ar E14 patronu. 4,2W jauda nodro\u0161ina energoefekt\u012bvu darb\u012bbu un zem\u0101ku elektroener\u0123ijas pat\u0113ri\u0146u sal\u012bdzin\u0101jum\u0101 ar tradicion\u0101laj\u0101m kv\u0113lspuldz\u0113m.<\/p>\n<h3 data-start=\"697\" data-end=\"719\">Galven\u0101s \u012bpa\u0161\u012bbas:<\/h3>\n<p data-start=\"721\" data-end=\"1065\">\u2022 Jauda 4,2W<br data-start=\"733\" data-end=\"736\" \/>\u2022 Gaismas pl\u016bsma 470 lm<br data-start=\"759\" data-end=\"762\" \/>\u2022 Gaismas temperat\u016bra 2700K silti balta<br data-start=\"801\" data-end=\"804\" \/>\u2022 Cokols E14<br data-start=\"816\" data-end=\"819\" \/>\u2022 Forma BALL lodveida<br data-start=\"840\" data-end=\"843\" \/>\u2022 Spriegums 240V<br data-start=\"859\" data-end=\"862\" \/>\u2022 Ekvivalents kv\u0113lspuldzei apm\u0113ram 40W<br data-start=\"900\" data-end=\"903\" \/>\u2022 Energoefekt\u012bva LED tehnolo\u0123ija<br data-start=\"935\" data-end=\"938\" \/>\u2022 Vienm\u0113r\u012bga gaismas izkliede<br data-start=\"967\" data-end=\"970\" \/>\u2022 Piem\u0113rota m\u0101jai un dekorat\u012bvajiem gaismek\u013ciem<br data-start=\"1017\" data-end=\"1020\" \/>\u2022 Ilg\u0101ks kalpo\u0161anas laiks nek\u0101 kv\u0113lspuldz\u0113m<\/p>\n<p><\/p>","protected":false},"excerpt":{"rendered":"<p>LED spuldze EMOS BALL E14 4,2W 470lm 2700K 240V silti balta EMOS LED BALL spuldze ar E14 cokolu nodro\u0161ina 470 l\u016bmenu pat\u012bkamu silti baltu gaismu 2700K temperat\u016br\u0101. \u0160\u012b gaismas kr\u0101sa rada m\u0101j\u012bgu un komfortablu atmosf\u0113ru, t\u0101p\u0113c ir \u012bpa\u0161i piem\u0113rota dz\u012bvojam\u0101m telp\u0101m, gu\u013camistab\u0101m un dekorat\u012bvajiem gaismek\u013ciem. Kompakt\u0101 lodveida forma ir ide\u0101li piem\u0113rota maz\u0101kiem gaismek\u013ciem ar E14 [&hellip;]<\/p>\n","protected":false},"featured_media":104895,"comment_status":"closed","ping_status":"closed","template":"","meta":{"inline_featured_image":false},"product_cat":[772,851],"product_tag":[],"yst_prominent_words":[],"class_list":{"0":"post-104892","1":"product","2":"type-product","3":"status-publish","4":"has-post-thumbnail","6":"product_cat-atlaides","7":"product_cat-e14-spuldzes","9":"first","10":"instock","11":"sale","12":"taxable","13":"shipping-taxable","14":"purchasable","15":"product-type-simple"},"jetpack_sharing_enabled":true,"_links":{"self":[{"href":"https:\/\/ddt.lv\/lv\/wp-json\/wp\/v2\/product\/104892"}],"collection":[{"href":"https:\/\/ddt.lv\/lv\/wp-json\/wp\/v2\/product"}],"about":[{"href":"https:\/\/ddt.lv\/lv\/wp-json\/wp\/v2\/types\/product"}],"replies":[{"embeddable":true,"href":"https:\/\/ddt.lv\/lv\/wp-json\/wp\/v2\/comments?post=104892"}],"wp:featuredmedia":[{"embeddable":true,"href":"https:\/\/ddt.lv\/lv\/wp-json\/wp\/v2\/media\/104895"}],"wp:attachment":[{"href":"https:\/\/ddt.lv\/lv\/wp-json\/wp\/v2\/media?parent=104892"}],"wp:term":[{"taxonomy":"product_cat","embeddable":true,"href":"https:\/\/ddt.lv\/lv\/wp-json\/wp\/v2\/product_cat?post=104892"},{"taxonomy":"product_tag","embeddable":true,"href":"https:\/\/ddt.lv\/lv\/wp-json\/wp\/v2\/product_tag?post=104892"},{"taxonomy":"yst_prominent_words","embeddable":true,"href":"https:\/\/ddt.lv\/lv\/wp-json\/wp\/v2\/yst_prominent_words?post=104892"}],"curies":[{"name":"wp","href":"https:\/\/api.w.org\/{rel}","templated":true}]}}