{"id":104884,"date":"2026-02-25T08:55:38","date_gmt":"2026-02-25T06:55:38","guid":{"rendered":"https:\/\/ddt.lv\/lv\/product\/led-gls-a60-e27-7w-230v-806lm-2700k-spuldze-emos\/"},"modified":"2026-04-08T14:40:57","modified_gmt":"2026-04-08T11:40:57","slug":"led-gls-a60-e27-7w-230v-806lm-2700k-spuldze-emos","status":"publish","type":"product","link":"https:\/\/ddt.lv\/lv\/product\/led-gls-a60-e27-7w-230v-806lm-2700k-spuldze-emos\/","title":{"rendered":"LED GLS A60 E27 7W 230V 806lm 2700K spuldze EMOS"},"content":{"rendered":"<p><\/p>\n<p data-start=\"241\" data-end=\"308\"><strong data-start=\"241\" data-end=\"308\">LED spuldze EMOS A60 E27 15,3W 1521lm 4000K 230V neitr\u0101li balta<\/strong><\/p>\n<p data-start=\"310\" data-end=\"557\">EMOS LED spuldze A60 ar E27 cokolu nodro\u0161ina spilgtu un vienm\u0113r\u012bgu neitr\u0101li baltu gaismu 4000K temperat\u016br\u0101. Ar 1521 l\u016bmenu gaismas pl\u016bsmu t\u0101 ir piem\u0113rota telp\u0101m, kur nepiecie\u0161ams labs apgaismojums \u2013 virtuv\u0113m, darba zon\u0101m, birojiem un komerctelp\u0101m.<\/p>\n<p data-start=\"559\" data-end=\"812\">15,3W pat\u0113ri\u0146\u0161 \u013cauj iev\u0113rojami samazin\u0101t elektroener\u0123ijas izmaksas sal\u012bdzin\u0101jum\u0101 ar tradicion\u0101laj\u0101m kv\u0113lspuldz\u0113m, vienlaikus saglab\u0101jot augstu gaismas atdevi. Standarta A60 forma nodro\u0161ina univers\u0101lu pielietojumu liel\u0101kaj\u0101 da\u013c\u0101 gaismek\u013cu ar E27 patronu.<\/p>\n<p data-start=\"814\" data-end=\"868\">Piem\u0113rota m\u0101jsaimniec\u012bb\u0101m un profesion\u0101lai lieto\u0161anai.<\/p>\n<p><\/p>","protected":false},"excerpt":{"rendered":"<p>LED spuldze EMOS A60 E27 15,3W 1521lm 4000K 230V neitr\u0101li balta EMOS LED spuldze A60 ar E27 cokolu nodro\u0161ina spilgtu un vienm\u0113r\u012bgu neitr\u0101li baltu gaismu 4000K temperat\u016br\u0101. Ar 1521 l\u016bmenu gaismas pl\u016bsmu t\u0101 ir piem\u0113rota telp\u0101m, kur nepiecie\u0161ams labs apgaismojums \u2013 virtuv\u0113m, darba zon\u0101m, birojiem un komerctelp\u0101m. 15,3W pat\u0113ri\u0146\u0161 \u013cauj iev\u0113rojami samazin\u0101t elektroener\u0123ijas izmaksas sal\u012bdzin\u0101jum\u0101 [&hellip;]<\/p>\n","protected":false},"featured_media":104885,"comment_status":"closed","ping_status":"closed","template":"","meta":{"inline_featured_image":false},"product_cat":[772,850],"product_tag":[],"yst_prominent_words":[],"class_list":{"0":"post-104884","1":"product","2":"type-product","3":"status-publish","4":"has-post-thumbnail","6":"product_cat-atlaides","7":"product_cat-e27-spuldzes","9":"first","10":"instock","11":"sale","12":"taxable","13":"shipping-taxable","14":"purchasable","15":"product-type-simple"},"jetpack_sharing_enabled":true,"_links":{"self":[{"href":"https:\/\/ddt.lv\/lv\/wp-json\/wp\/v2\/product\/104884"}],"collection":[{"href":"https:\/\/ddt.lv\/lv\/wp-json\/wp\/v2\/product"}],"about":[{"href":"https:\/\/ddt.lv\/lv\/wp-json\/wp\/v2\/types\/product"}],"replies":[{"embeddable":true,"href":"https:\/\/ddt.lv\/lv\/wp-json\/wp\/v2\/comments?post=104884"}],"wp:featuredmedia":[{"embeddable":true,"href":"https:\/\/ddt.lv\/lv\/wp-json\/wp\/v2\/media\/104885"}],"wp:attachment":[{"href":"https:\/\/ddt.lv\/lv\/wp-json\/wp\/v2\/media?parent=104884"}],"wp:term":[{"taxonomy":"product_cat","embeddable":true,"href":"https:\/\/ddt.lv\/lv\/wp-json\/wp\/v2\/product_cat?post=104884"},{"taxonomy":"product_tag","embeddable":true,"href":"https:\/\/ddt.lv\/lv\/wp-json\/wp\/v2\/product_tag?post=104884"},{"taxonomy":"yst_prominent_words","embeddable":true,"href":"https:\/\/ddt.lv\/lv\/wp-json\/wp\/v2\/yst_prominent_words?post=104884"}],"curies":[{"name":"wp","href":"https:\/\/api.w.org\/{rel}","templated":true}]}}