{"id":104794,"date":"2026-02-24T08:40:41","date_gmt":"2026-02-24T06:40:41","guid":{"rendered":"https:\/\/ddt.lv\/lv\/product\/led-ball-e14-6-5w-240v-806lm-2700k-spuldze-emos\/"},"modified":"2026-04-08T14:40:57","modified_gmt":"2026-04-08T11:40:57","slug":"led-ball-e14-6-5w-240v-806lm-2700k-spuldze-emos","status":"publish","type":"product","link":"https:\/\/ddt.lv\/lv\/product\/led-ball-e14-6-5w-240v-806lm-2700k-spuldze-emos\/","title":{"rendered":"LED BALL E14 6.5W 240V 806lm 2700K spuldze EMOS"},"content":{"rendered":"<p><\/p>\n<h3 data-start=\"179\" data-end=\"249\">LED BALL spuldze E14 6,5W 806 lm 2700K \u2013 Silti balta | 240V | EMOS<\/h3>\n<p data-start=\"251\" data-end=\"455\">Kompakta un energoefekt\u012bva <strong data-start=\"278\" data-end=\"312\">LED BALL spuldze ar E14 cokolu<\/strong>, kas pat\u0113r\u0113 <strong data-start=\"325\" data-end=\"334\">6,5 W<\/strong> un nodro\u0161ina <strong data-start=\"348\" data-end=\"389\">806 l\u016bmenu silti baltu gaismu (2700K)<\/strong>. Piem\u0113rota dekorat\u012bvajiem un visp\u0101r\u0113j\u0101 apgaismojuma risin\u0101jumiem.<\/p>\n<p data-start=\"457\" data-end=\"481\"><strong data-start=\"457\" data-end=\"481\">Tehniskie parametri:<\/strong><\/p>\n<ul data-start=\"482\" data-end=\"676\">\n<li data-start=\"482\" data-end=\"502\">\n<p data-start=\"484\" data-end=\"502\"><strong data-start=\"484\" data-end=\"495\">Z\u012bmols:<\/strong> EMOS<\/p>\n<\/li>\n<li data-start=\"503\" data-end=\"522\">\n<p data-start=\"505\" data-end=\"522\"><strong data-start=\"505\" data-end=\"516\">Cokols:<\/strong> E14<\/p>\n<\/li>\n<li data-start=\"523\" data-end=\"543\">\n<p data-start=\"525\" data-end=\"543\"><strong data-start=\"525\" data-end=\"535\">Jauda:<\/strong> 6,5 W<\/p>\n<\/li>\n<li data-start=\"544\" data-end=\"568\">\n<p data-start=\"546\" data-end=\"568\"><strong data-start=\"546\" data-end=\"560\">Spriegums:<\/strong> 240 V<\/p>\n<\/li>\n<li data-start=\"569\" data-end=\"599\">\n<p data-start=\"571\" data-end=\"599\"><strong data-start=\"571\" data-end=\"590\">Gaismas pl\u016bsma:<\/strong> 806 lm<\/p>\n<\/li>\n<li data-start=\"600\" data-end=\"648\">\n<p data-start=\"602\" data-end=\"648\"><strong data-start=\"602\" data-end=\"625\">Kr\u0101sas temperat\u016bra:<\/strong> 2700 K (silti balta)<\/p>\n<\/li>\n<li data-start=\"649\" data-end=\"676\">\n<p data-start=\"651\" data-end=\"676\"><strong data-start=\"651\" data-end=\"661\">Forma:<\/strong> Ball (apa\u013ca)<\/p>\n<\/li>\n<\/ul>\n<p data-start=\"678\" data-end=\"805\">Ide\u0101li piem\u0113rota lustru, sienas lampu un m\u0101jas apgaismojumam, kur nepiecie\u0161ama m\u0101j\u012bga, silta gaisma un zems ener\u0123ijas pat\u0113ri\u0146\u0161.<\/p>\n<p><\/p>","protected":false},"excerpt":{"rendered":"<p>LED BALL spuldze E14 6,5W 806 lm 2700K \u2013 Silti balta | 240V | EMOS Kompakta un energoefekt\u012bva LED BALL spuldze ar E14 cokolu, kas pat\u0113r\u0113 6,5 W un nodro\u0161ina 806 l\u016bmenu silti baltu gaismu (2700K). Piem\u0113rota dekorat\u012bvajiem un visp\u0101r\u0113j\u0101 apgaismojuma risin\u0101jumiem. Tehniskie parametri: Z\u012bmols: EMOS Cokols: E14 Jauda: 6,5 W Spriegums: 240 V Gaismas [&hellip;]<\/p>\n","protected":false},"featured_media":104814,"comment_status":"closed","ping_status":"closed","template":"","meta":{"inline_featured_image":false},"product_cat":[772,851],"product_tag":[],"yst_prominent_words":[],"class_list":{"0":"post-104794","1":"product","2":"type-product","3":"status-publish","4":"has-post-thumbnail","6":"product_cat-atlaides","7":"product_cat-e14-spuldzes","9":"first","10":"instock","11":"sale","12":"taxable","13":"shipping-taxable","14":"purchasable","15":"product-type-simple"},"jetpack_sharing_enabled":true,"_links":{"self":[{"href":"https:\/\/ddt.lv\/lv\/wp-json\/wp\/v2\/product\/104794"}],"collection":[{"href":"https:\/\/ddt.lv\/lv\/wp-json\/wp\/v2\/product"}],"about":[{"href":"https:\/\/ddt.lv\/lv\/wp-json\/wp\/v2\/types\/product"}],"replies":[{"embeddable":true,"href":"https:\/\/ddt.lv\/lv\/wp-json\/wp\/v2\/comments?post=104794"}],"wp:featuredmedia":[{"embeddable":true,"href":"https:\/\/ddt.lv\/lv\/wp-json\/wp\/v2\/media\/104814"}],"wp:attachment":[{"href":"https:\/\/ddt.lv\/lv\/wp-json\/wp\/v2\/media?parent=104794"}],"wp:term":[{"taxonomy":"product_cat","embeddable":true,"href":"https:\/\/ddt.lv\/lv\/wp-json\/wp\/v2\/product_cat?post=104794"},{"taxonomy":"product_tag","embeddable":true,"href":"https:\/\/ddt.lv\/lv\/wp-json\/wp\/v2\/product_tag?post=104794"},{"taxonomy":"yst_prominent_words","embeddable":true,"href":"https:\/\/ddt.lv\/lv\/wp-json\/wp\/v2\/yst_prominent_words?post=104794"}],"curies":[{"name":"wp","href":"https:\/\/api.w.org\/{rel}","templated":true}]}}