{"id":104249,"date":"2026-02-24T00:10:30","date_gmt":"2026-02-23T22:10:30","guid":{"rendered":"https:\/\/ddt.lv\/lv\/product\/led-ball-e27-6-5w-240v-806lm-3000k-spuldze-emos\/"},"modified":"2026-04-08T14:42:43","modified_gmt":"2026-04-08T11:42:43","slug":"led-ball-e27-6-5w-240v-806lm-3000k-spuldze-emos","status":"publish","type":"product","link":"https:\/\/ddt.lv\/lv\/product\/led-ball-e27-6-5w-240v-806lm-3000k-spuldze-emos\/","title":{"rendered":"LED BALL E27 6.5W 240V 806lm 3000K spuldze EMOS"},"content":{"rendered":"<p><\/p>\n<h3 data-start=\"180\" data-end=\"250\">LED BALL spuldze E27 6,5W 806 lm 3000K \u2013 Silti balta | 240V | EMOS<\/h3>\n<p data-start=\"252\" data-end=\"438\">Energoefekt\u012bva <strong data-start=\"267\" data-end=\"301\">LED BALL spuldze ar E27 cokolu<\/strong>, kas pat\u0113r\u0113 tikai <strong data-start=\"320\" data-end=\"329\">6,5 W<\/strong> un nodro\u0161ina <strong data-start=\"343\" data-end=\"384\">806 l\u016bmenu silti baltu gaismu (3000K)<\/strong>. Piem\u0113rota visp\u0101r\u0113jam apgaismojumam m\u0101j\u0101s un birojos.<\/p>\n<p data-start=\"440\" data-end=\"464\"><strong data-start=\"440\" data-end=\"464\">Tehniskie parametri:<\/strong><\/p>\n<ul data-start=\"465\" data-end=\"659\">\n<li data-start=\"465\" data-end=\"485\">\n<p data-start=\"467\" data-end=\"485\"><strong data-start=\"467\" data-end=\"478\">Z\u012bmols:<\/strong> EMOS<\/p>\n<\/li>\n<li data-start=\"486\" data-end=\"505\">\n<p data-start=\"488\" data-end=\"505\"><strong data-start=\"488\" data-end=\"499\">Cokols:<\/strong> E27<\/p>\n<\/li>\n<li data-start=\"506\" data-end=\"526\">\n<p data-start=\"508\" data-end=\"526\"><strong data-start=\"508\" data-end=\"518\">Jauda:<\/strong> 6,5 W<\/p>\n<\/li>\n<li data-start=\"527\" data-end=\"551\">\n<p data-start=\"529\" data-end=\"551\"><strong data-start=\"529\" data-end=\"543\">Spriegums:<\/strong> 240 V<\/p>\n<\/li>\n<li data-start=\"552\" data-end=\"582\">\n<p data-start=\"554\" data-end=\"582\"><strong data-start=\"554\" data-end=\"573\">Gaismas pl\u016bsma:<\/strong> 806 lm<\/p>\n<\/li>\n<li data-start=\"583\" data-end=\"631\">\n<p data-start=\"585\" data-end=\"631\"><strong data-start=\"585\" data-end=\"608\">Kr\u0101sas temperat\u016bra:<\/strong> 3000 K (silti balta)<\/p>\n<\/li>\n<li data-start=\"632\" data-end=\"659\">\n<p data-start=\"634\" data-end=\"659\"><strong data-start=\"634\" data-end=\"644\">Forma:<\/strong> Ball (apa\u013ca)<\/p>\n<\/li>\n<\/ul>\n<p data-start=\"661\" data-end=\"797\">Ide\u0101li piem\u0113rota dz\u012bvojam\u0101m telp\u0101m, virtuv\u0113m, gaite\u0146iem un dekorat\u012bvajiem gaismek\u013ciem, kur nepiecie\u0161ama m\u0101j\u012bga un energoefekt\u012bva gaisma.<\/p>\n<p><\/p>","protected":false},"excerpt":{"rendered":"<p>LED BALL spuldze E27 6,5W 806 lm 3000K \u2013 Silti balta | 240V | EMOS Energoefekt\u012bva LED BALL spuldze ar E27 cokolu, kas pat\u0113r\u0113 tikai 6,5 W un nodro\u0161ina 806 l\u016bmenu silti baltu gaismu (3000K). Piem\u0113rota visp\u0101r\u0113jam apgaismojumam m\u0101j\u0101s un birojos. Tehniskie parametri: Z\u012bmols: EMOS Cokols: E27 Jauda: 6,5 W Spriegums: 240 V Gaismas pl\u016bsma: [&hellip;]<\/p>\n","protected":false},"featured_media":104812,"comment_status":"closed","ping_status":"closed","template":"","meta":{"inline_featured_image":false},"product_cat":[772,850],"product_tag":[],"yst_prominent_words":[],"class_list":{"0":"post-104249","1":"product","2":"type-product","3":"status-publish","4":"has-post-thumbnail","6":"product_cat-atlaides","7":"product_cat-e27-spuldzes","9":"first","10":"instock","11":"sale","12":"taxable","13":"shipping-taxable","14":"purchasable","15":"product-type-simple"},"jetpack_sharing_enabled":true,"_links":{"self":[{"href":"https:\/\/ddt.lv\/lv\/wp-json\/wp\/v2\/product\/104249"}],"collection":[{"href":"https:\/\/ddt.lv\/lv\/wp-json\/wp\/v2\/product"}],"about":[{"href":"https:\/\/ddt.lv\/lv\/wp-json\/wp\/v2\/types\/product"}],"replies":[{"embeddable":true,"href":"https:\/\/ddt.lv\/lv\/wp-json\/wp\/v2\/comments?post=104249"}],"wp:featuredmedia":[{"embeddable":true,"href":"https:\/\/ddt.lv\/lv\/wp-json\/wp\/v2\/media\/104812"}],"wp:attachment":[{"href":"https:\/\/ddt.lv\/lv\/wp-json\/wp\/v2\/media?parent=104249"}],"wp:term":[{"taxonomy":"product_cat","embeddable":true,"href":"https:\/\/ddt.lv\/lv\/wp-json\/wp\/v2\/product_cat?post=104249"},{"taxonomy":"product_tag","embeddable":true,"href":"https:\/\/ddt.lv\/lv\/wp-json\/wp\/v2\/product_tag?post=104249"},{"taxonomy":"yst_prominent_words","embeddable":true,"href":"https:\/\/ddt.lv\/lv\/wp-json\/wp\/v2\/yst_prominent_words?post=104249"}],"curies":[{"name":"wp","href":"https:\/\/api.w.org\/{rel}","templated":true}]}}