{"id":104244,"date":"2026-02-23T23:10:38","date_gmt":"2026-02-23T21:10:38","guid":{"rendered":"https:\/\/ddt.lv\/lv\/product\/russkij-led-candle-e14-8w-230v-806lm-4100k-lampa-emos\/"},"modified":"2026-04-08T14:40:56","modified_gmt":"2026-04-08T11:40:56","slug":"russkij-led-candle-e14-8w-230v-806lm-4100k-lampa-emos","status":"publish","type":"product","link":"https:\/\/ddt.lv\/lv\/product\/russkij-led-candle-e14-8w-230v-806lm-4100k-lampa-emos\/","title":{"rendered":"LED spuldze Classic Candle E14 6,5W 806 lm 4000K Neitr\u0101li balta EMOS"},"content":{"rendered":"<p><\/p>\n<h3 data-start=\"198\" data-end=\"267\">LED spuldze Classic Candle E14 6,5W 806 lm 4000K \u2013 Neitr\u0101li balta<\/h3>\n<p data-start=\"269\" data-end=\"481\">Efekt\u012bva un ilgm\u016b\u017e\u012bga <strong data-start=\"291\" data-end=\"347\">LED sveces tipa spuldze Classic Candle ar E14 cokolu<\/strong>, kas pat\u0113r\u0113 tikai <strong data-start=\"366\" data-end=\"375\">6,5 W<\/strong> un nodro\u0161ina <strong data-start=\"389\" data-end=\"433\">806 l\u016bmenu neitr\u0101li baltu gaismu (4000K)<\/strong>. Piem\u0113rota gan m\u0101jas, gan biroja apgaismojumam.<\/p>\n<p data-start=\"483\" data-end=\"507\"><strong data-start=\"483\" data-end=\"507\">Tehniskie parametri:<\/strong><\/p>\n<ul data-start=\"508\" data-end=\"661\">\n<li data-start=\"508\" data-end=\"527\">\n<p data-start=\"510\" data-end=\"527\"><strong data-start=\"510\" data-end=\"521\">Cokols:<\/strong> E14<\/p>\n<\/li>\n<li data-start=\"528\" data-end=\"548\">\n<p data-start=\"530\" data-end=\"548\"><strong data-start=\"530\" data-end=\"540\">Jauda:<\/strong> 6,5 W<\/p>\n<\/li>\n<li data-start=\"549\" data-end=\"579\">\n<p data-start=\"551\" data-end=\"579\"><strong data-start=\"551\" data-end=\"570\">Gaismas pl\u016bsma:<\/strong> 806 lm<\/p>\n<\/li>\n<li data-start=\"580\" data-end=\"631\">\n<p data-start=\"582\" data-end=\"631\"><strong data-start=\"582\" data-end=\"605\">Kr\u0101sas temperat\u016bra:<\/strong> 4000 K (neitr\u0101li balta)<\/p>\n<\/li>\n<li data-start=\"632\" data-end=\"661\">\n<p data-start=\"634\" data-end=\"661\"><strong data-start=\"634\" data-end=\"644\">Forma:<\/strong> Classic Candle<\/p>\n<\/li>\n<\/ul>\n<p data-start=\"663\" data-end=\"810\">Ide\u0101li piem\u0113rota lustru, sienas lampu un dekorat\u012bvo gaismek\u013cu apgaismojumam, kur nepiecie\u0161ama skaidra un dabiska gaisma ar zemu ener\u0123ijas pat\u0113ri\u0146u.<\/p>\n<p><\/p>","protected":false},"excerpt":{"rendered":"<p>LED spuldze Classic Candle E14 6,5W 806 lm 4000K \u2013 Neitr\u0101li balta Efekt\u012bva un ilgm\u016b\u017e\u012bga LED sveces tipa spuldze Classic Candle ar E14 cokolu, kas pat\u0113r\u0113 tikai 6,5 W un nodro\u0161ina 806 l\u016bmenu neitr\u0101li baltu gaismu (4000K). Piem\u0113rota gan m\u0101jas, gan biroja apgaismojumam. Tehniskie parametri: Cokols: E14 Jauda: 6,5 W Gaismas pl\u016bsma: 806 lm Kr\u0101sas [&hellip;]<\/p>\n","protected":false},"featured_media":104247,"comment_status":"closed","ping_status":"closed","template":"","meta":{"inline_featured_image":false},"product_cat":[772,851],"product_tag":[],"yst_prominent_words":[],"class_list":{"0":"post-104244","1":"product","2":"type-product","3":"status-publish","4":"has-post-thumbnail","6":"product_cat-atlaides","7":"product_cat-e14-spuldzes","9":"first","10":"instock","11":"sale","12":"taxable","13":"shipping-taxable","14":"purchasable","15":"product-type-simple"},"jetpack_sharing_enabled":true,"_links":{"self":[{"href":"https:\/\/ddt.lv\/lv\/wp-json\/wp\/v2\/product\/104244"}],"collection":[{"href":"https:\/\/ddt.lv\/lv\/wp-json\/wp\/v2\/product"}],"about":[{"href":"https:\/\/ddt.lv\/lv\/wp-json\/wp\/v2\/types\/product"}],"replies":[{"embeddable":true,"href":"https:\/\/ddt.lv\/lv\/wp-json\/wp\/v2\/comments?post=104244"}],"wp:featuredmedia":[{"embeddable":true,"href":"https:\/\/ddt.lv\/lv\/wp-json\/wp\/v2\/media\/104247"}],"wp:attachment":[{"href":"https:\/\/ddt.lv\/lv\/wp-json\/wp\/v2\/media?parent=104244"}],"wp:term":[{"taxonomy":"product_cat","embeddable":true,"href":"https:\/\/ddt.lv\/lv\/wp-json\/wp\/v2\/product_cat?post=104244"},{"taxonomy":"product_tag","embeddable":true,"href":"https:\/\/ddt.lv\/lv\/wp-json\/wp\/v2\/product_tag?post=104244"},{"taxonomy":"yst_prominent_words","embeddable":true,"href":"https:\/\/ddt.lv\/lv\/wp-json\/wp\/v2\/yst_prominent_words?post=104244"}],"curies":[{"name":"wp","href":"https:\/\/api.w.org\/{rel}","templated":true}]}}