{"id":104240,"date":"2026-02-23T22:10:29","date_gmt":"2026-02-23T20:10:29","guid":{"rendered":"https:\/\/ddt.lv\/lv\/product\/led-spuldze-emos-svecite-e14-4w-240v-330lm-3000k\/"},"modified":"2026-04-08T14:31:10","modified_gmt":"2026-04-08T11:31:10","slug":"led-spuldze-emos-svecite-e14-4w-240v-330lm-3000k","status":"publish","type":"product","link":"https:\/\/ddt.lv\/lv\/product\/led-spuldze-emos-svecite-e14-4w-240v-330lm-3000k\/","title":{"rendered":"LED spuldze EMOS svec\u012bte E14 4W 240V 330lm 3000K"},"content":{"rendered":"<p><\/p>\n<h3 data-start=\"208\" data-end=\"266\">LED sveces spuldze Classic Candle 4W E14 \u2013 Silti balta<\/h3>\n<p data-start=\"268\" data-end=\"486\">Energoefekt\u012bva <strong data-start=\"283\" data-end=\"342\">LED sveces tipa spuldze Classic Candle 4W ar E14 cokolu<\/strong>, kas nodro\u0161ina pat\u012bkamu <strong data-start=\"367\" data-end=\"389\">silti baltu gaismu<\/strong>m\u0101j\u012bgai atmosf\u0113rai. Ide\u0101li piem\u0113rota lustru, sienas lampu un dekorat\u012bvo gaismek\u013cu apgaismojumam.<\/p>\n<p data-start=\"488\" data-end=\"515\"><strong data-start=\"488\" data-end=\"515\">Galven\u0101s priek\u0161roc\u012bbas:<\/strong><\/p>\n<ul data-start=\"516\" data-end=\"686\">\n<li data-start=\"516\" data-end=\"535\">\n<p data-start=\"518\" data-end=\"535\"><strong data-start=\"518\" data-end=\"529\">Cokols:<\/strong> E14<\/p>\n<\/li>\n<li data-start=\"536\" data-end=\"554\">\n<p data-start=\"538\" data-end=\"554\"><strong data-start=\"538\" data-end=\"548\">Jauda:<\/strong> 4 W<\/p>\n<\/li>\n<li data-start=\"555\" data-end=\"589\">\n<p data-start=\"557\" data-end=\"589\"><strong data-start=\"557\" data-end=\"575\">Gaismas kr\u0101sa:<\/strong> Silti balta<\/p>\n<\/li>\n<li data-start=\"590\" data-end=\"629\">\n<p data-start=\"592\" data-end=\"629\"><strong data-start=\"592\" data-end=\"602\">Forma:<\/strong> Svece (Candle \/ Classic)<\/p>\n<\/li>\n<li data-start=\"630\" data-end=\"657\">\n<p data-start=\"632\" data-end=\"657\">Zems ener\u0123ijas pat\u0113ri\u0146\u0161<\/p>\n<\/li>\n<li data-start=\"658\" data-end=\"686\">\n<p data-start=\"660\" data-end=\"686\">Ilgm\u016b\u017e\u012bgs LED risin\u0101jums<\/p>\n<\/li>\n<\/ul>\n<p data-start=\"688\" data-end=\"824\">Piem\u0113rota dz\u012bvojam\u0101m telp\u0101m, gu\u013camistab\u0101m, restor\u0101niem un klasisk\u0101 stila gaismek\u013ciem, kur svar\u012bgs ir dekorat\u012bvs izskats un silta gaisma.<\/p>\n<p><\/p>","protected":false},"excerpt":{"rendered":"<p>LED sveces spuldze Classic Candle 4W E14 \u2013 Silti balta Energoefekt\u012bva LED sveces tipa spuldze Classic Candle 4W ar E14 cokolu, kas nodro\u0161ina pat\u012bkamu silti baltu gaismum\u0101j\u012bgai atmosf\u0113rai. Ide\u0101li piem\u0113rota lustru, sienas lampu un dekorat\u012bvo gaismek\u013cu apgaismojumam. Galven\u0101s priek\u0161roc\u012bbas: Cokols: E14 Jauda: 4 W Gaismas kr\u0101sa: Silti balta Forma: Svece (Candle \/ Classic) Zems ener\u0123ijas [&hellip;]<\/p>\n","protected":false},"featured_media":104243,"comment_status":"closed","ping_status":"closed","template":"","meta":{"inline_featured_image":false},"product_cat":[772,851],"product_tag":[],"yst_prominent_words":[],"class_list":{"0":"post-104240","1":"product","2":"type-product","3":"status-publish","4":"has-post-thumbnail","6":"product_cat-atlaides","7":"product_cat-e14-spuldzes","9":"first","10":"instock","11":"sale","12":"taxable","13":"shipping-taxable","14":"purchasable","15":"product-type-simple"},"jetpack_sharing_enabled":true,"_links":{"self":[{"href":"https:\/\/ddt.lv\/lv\/wp-json\/wp\/v2\/product\/104240"}],"collection":[{"href":"https:\/\/ddt.lv\/lv\/wp-json\/wp\/v2\/product"}],"about":[{"href":"https:\/\/ddt.lv\/lv\/wp-json\/wp\/v2\/types\/product"}],"replies":[{"embeddable":true,"href":"https:\/\/ddt.lv\/lv\/wp-json\/wp\/v2\/comments?post=104240"}],"wp:featuredmedia":[{"embeddable":true,"href":"https:\/\/ddt.lv\/lv\/wp-json\/wp\/v2\/media\/104243"}],"wp:attachment":[{"href":"https:\/\/ddt.lv\/lv\/wp-json\/wp\/v2\/media?parent=104240"}],"wp:term":[{"taxonomy":"product_cat","embeddable":true,"href":"https:\/\/ddt.lv\/lv\/wp-json\/wp\/v2\/product_cat?post=104240"},{"taxonomy":"product_tag","embeddable":true,"href":"https:\/\/ddt.lv\/lv\/wp-json\/wp\/v2\/product_tag?post=104240"},{"taxonomy":"yst_prominent_words","embeddable":true,"href":"https:\/\/ddt.lv\/lv\/wp-json\/wp\/v2\/yst_prominent_words?post=104240"}],"curies":[{"name":"wp","href":"https:\/\/api.w.org\/{rel}","templated":true}]}}