{"id":104239,"date":"2026-02-23T21:20:30","date_gmt":"2026-02-23T19:20:30","guid":{"rendered":"https:\/\/ddt.lv\/lv\/product\/led-sveces-spuldze-e14-2w-230v-80lm-2700k-silti-balta-rm\/"},"modified":"2026-04-08T14:27:01","modified_gmt":"2026-04-08T11:27:01","slug":"led-sveces-spuldze-e14-2w-230v-80lm-2700k-silti-balta-rm","status":"publish","type":"product","link":"https:\/\/ddt.lv\/lv\/product\/led-sveces-spuldze-e14-2w-230v-80lm-2700k-silti-balta-rm\/","title":{"rendered":"LED sveces spuldze E14 2W 230V 80lm 2700K silti balta RM"},"content":{"rendered":"<p><\/p>\n<h2 data-start=\"347\" data-end=\"406\">LED sveces spuldze RM E14 2W 80lm 2700K 230V silti balta<\/h2>\n<p data-start=\"408\" data-end=\"614\">RM LED sveces tipa spuldze ar E14 cokolu nodro\u0161ina maigu silti baltu 2700K gaismu ar 80 l\u016bmenu gaismas pl\u016bsmu. T\u0101 paredz\u0113ta dekorat\u012bvam un noska\u0146as apgaismojumam, kur nepiecie\u0161ama maiga, neuzkr\u012bto\u0161a gaisma.<\/p>\n<p data-start=\"616\" data-end=\"775\">2W pat\u0113ri\u0146\u0161 nodro\u0161ina \u013coti zemu elektroener\u0123ijas pat\u0113ri\u0146u, padarot to piem\u0113rotu naktslamp\u0101m, dekorat\u012bvaj\u0101m lamp\u0101m, sv\u0113tku apgaismojumam un interjera akcentiem.<\/p>\n<h3 data-start=\"777\" data-end=\"799\">Galven\u0101s \u012bpa\u0161\u012bbas:<\/h3>\n<p data-start=\"801\" data-end=\"1095\">\u2022 Jauda 2W<br data-start=\"811\" data-end=\"814\" \/>\u2022 Gaismas pl\u016bsma 80 lm<br data-start=\"836\" data-end=\"839\" \/>\u2022 Gaismas temperat\u016bra 2700K silti balta<br data-start=\"878\" data-end=\"881\" \/>\u2022 Cokols E14<br data-start=\"893\" data-end=\"896\" \/>\u2022 Forma sveces tipa<br data-start=\"915\" data-end=\"918\" \/>\u2022 Spriegums 230V<br data-start=\"934\" data-end=\"937\" \/>\u2022 Ekvivalents kv\u0113lspuldzei apm\u0113ram 10W<br data-start=\"975\" data-end=\"978\" \/>\u2022 \u013boti zems ener\u0123ijas pat\u0113ri\u0146\u0161<br data-start=\"1008\" data-end=\"1011\" \/>\u2022 Piem\u0113rota dekorat\u012bvam un noska\u0146as apgaismojumam<br data-start=\"1060\" data-end=\"1063\" \/>\u2022 Kompakta un viegli uzst\u0101d\u0101ma<\/p>\n<p><\/p>","protected":false},"excerpt":{"rendered":"<p>LED sveces spuldze RM E14 2W 80lm 2700K 230V silti balta RM LED sveces tipa spuldze ar E14 cokolu nodro\u0161ina maigu silti baltu 2700K gaismu ar 80 l\u016bmenu gaismas pl\u016bsmu. T\u0101 paredz\u0113ta dekorat\u012bvam un noska\u0146as apgaismojumam, kur nepiecie\u0161ama maiga, neuzkr\u012bto\u0161a gaisma. 2W pat\u0113ri\u0146\u0161 nodro\u0161ina \u013coti zemu elektroener\u0123ijas pat\u0113ri\u0146u, padarot to piem\u0113rotu naktslamp\u0101m, dekorat\u012bvaj\u0101m lamp\u0101m, sv\u0113tku [&hellip;]<\/p>\n","protected":false},"featured_media":105324,"comment_status":"closed","ping_status":"closed","template":"","meta":{"inline_featured_image":false},"product_cat":[772,851],"product_tag":[],"yst_prominent_words":[],"class_list":{"0":"post-104239","1":"product","2":"type-product","3":"status-publish","4":"has-post-thumbnail","6":"product_cat-atlaides","7":"product_cat-e14-spuldzes","9":"first","10":"instock","11":"sale","12":"taxable","13":"shipping-taxable","14":"purchasable","15":"product-type-simple"},"jetpack_sharing_enabled":true,"_links":{"self":[{"href":"https:\/\/ddt.lv\/lv\/wp-json\/wp\/v2\/product\/104239"}],"collection":[{"href":"https:\/\/ddt.lv\/lv\/wp-json\/wp\/v2\/product"}],"about":[{"href":"https:\/\/ddt.lv\/lv\/wp-json\/wp\/v2\/types\/product"}],"replies":[{"embeddable":true,"href":"https:\/\/ddt.lv\/lv\/wp-json\/wp\/v2\/comments?post=104239"}],"wp:featuredmedia":[{"embeddable":true,"href":"https:\/\/ddt.lv\/lv\/wp-json\/wp\/v2\/media\/105324"}],"wp:attachment":[{"href":"https:\/\/ddt.lv\/lv\/wp-json\/wp\/v2\/media?parent=104239"}],"wp:term":[{"taxonomy":"product_cat","embeddable":true,"href":"https:\/\/ddt.lv\/lv\/wp-json\/wp\/v2\/product_cat?post=104239"},{"taxonomy":"product_tag","embeddable":true,"href":"https:\/\/ddt.lv\/lv\/wp-json\/wp\/v2\/product_tag?post=104239"},{"taxonomy":"yst_prominent_words","embeddable":true,"href":"https:\/\/ddt.lv\/lv\/wp-json\/wp\/v2\/yst_prominent_words?post=104239"}],"curies":[{"name":"wp","href":"https:\/\/api.w.org\/{rel}","templated":true}]}}