{"id":104215,"date":"2026-02-23T12:00:25","date_gmt":"2026-02-23T10:00:25","guid":{"rendered":"https:\/\/ddt.lv\/lv\/product\/litija-polimeru-akumulators-li-po-3-8v-1850mah-913246-no-pcm\/"},"modified":"2026-04-08T14:40:29","modified_gmt":"2026-04-08T11:40:29","slug":"litija-polimeru-akumulators-li-po-3-8v-1850mah-913246-no-pcm","status":"publish","type":"product","link":"https:\/\/ddt.lv\/lv\/product\/litija-polimeru-akumulators-li-po-3-8v-1850mah-913246-no-pcm\/","title":{"rendered":"Litija polim\u0113ru akumulators Li-Po 3.8V 1850mAh 913246 bez PCM"},"content":{"rendered":"<p><\/p>\n<h3 data-start=\"217\" data-end=\"305\">Litija polim\u0113ru akumulators (Li-Po) 3.8V 1850mAh 913246 \u2013 Bez PCM | 9 \u00d7 32 \u00d7 46 mm<\/h3>\n<p data-start=\"307\" data-end=\"471\">Augstas kvalit\u0101tes <strong data-start=\"326\" data-end=\"378\">Lithium Polymer (Li-Po) akumulators 3.8V 1850mAh<\/strong>, modelis <strong data-start=\"388\" data-end=\"398\">913246<\/strong>, paredz\u0113ts portat\u012bv\u0101m elektronikas ier\u012bc\u0113m un specializ\u0113tiem projektiem.<\/p>\n<p data-start=\"473\" data-end=\"497\"><strong data-start=\"473\" data-end=\"497\">Tehniskie parametri:<\/strong><\/p>\n<ul data-start=\"498\" data-end=\"707\">\n<li data-start=\"498\" data-end=\"547\">\n<p data-start=\"500\" data-end=\"547\"><strong data-start=\"500\" data-end=\"509\">Tips:<\/strong> Litija polim\u0113ru (Li-Po) akumulators<\/p>\n<\/li>\n<li data-start=\"548\" data-end=\"571\">\n<p data-start=\"550\" data-end=\"571\"><strong data-start=\"550\" data-end=\"562\">Modelis:<\/strong> 913246<\/p>\n<\/li>\n<li data-start=\"572\" data-end=\"607\">\n<p data-start=\"574\" data-end=\"607\"><strong data-start=\"574\" data-end=\"599\">Nomin\u0101lais spriegums:<\/strong> 3.8 V<\/p>\n<\/li>\n<li data-start=\"608\" data-end=\"636\">\n<p data-start=\"610\" data-end=\"636\"><strong data-start=\"610\" data-end=\"625\">Kapacit\u0101te:<\/strong> 1850 mAh<\/p>\n<\/li>\n<li data-start=\"637\" data-end=\"674\">\n<p data-start=\"639\" data-end=\"674\"><strong data-start=\"639\" data-end=\"668\">Aizsardz\u012bbas plate (PCM):<\/strong> Nav<\/p>\n<\/li>\n<li data-start=\"675\" data-end=\"707\">\n<p data-start=\"677\" data-end=\"707\"><strong data-start=\"677\" data-end=\"688\">Izm\u0113ri:<\/strong> 9 \u00d7 32 \u00d7 46 mm<\/p>\n<\/li>\n<\/ul>\n<p data-start=\"709\" data-end=\"847\">Piem\u0113rots ier\u012bc\u0113m ar \u0101r\u0113ju aizsardz\u012bbas \u0137\u0113di vai BMS sist\u0113mu. Nodro\u0161ina augstu ener\u0123ijas bl\u012bvumu un stabilu darb\u012bbu kompaktos risin\u0101jumos.<\/p>\n<p><\/p>","protected":false},"excerpt":{"rendered":"<p>Litija polim\u0113ru akumulators (Li-Po) 3.8V 1850mAh 913246 \u2013 Bez PCM | 9 \u00d7 32 \u00d7 46 mm Augstas kvalit\u0101tes Lithium Polymer (Li-Po) akumulators 3.8V 1850mAh, modelis 913246, paredz\u0113ts portat\u012bv\u0101m elektronikas ier\u012bc\u0113m un specializ\u0113tiem projektiem. Tehniskie parametri: Tips: Litija polim\u0113ru (Li-Po) akumulators Modelis: 913246 Nomin\u0101lais spriegums: 3.8 V Kapacit\u0101te: 1850 mAh Aizsardz\u012bbas plate (PCM): Nav Izm\u0113ri: [&hellip;]<\/p>\n","protected":false},"featured_media":104219,"comment_status":"closed","ping_status":"closed","template":"","meta":{"inline_featured_image":false},"product_cat":[1811,772],"product_tag":[],"yst_prominent_words":[],"class_list":{"0":"post-104215","1":"product","2":"type-product","3":"status-publish","4":"has-post-thumbnail","6":"product_cat-lija-polimera","7":"product_cat-atlaides","9":"first","10":"instock","11":"sale","12":"taxable","13":"shipping-taxable","14":"purchasable","15":"product-type-simple"},"jetpack_sharing_enabled":true,"_links":{"self":[{"href":"https:\/\/ddt.lv\/lv\/wp-json\/wp\/v2\/product\/104215"}],"collection":[{"href":"https:\/\/ddt.lv\/lv\/wp-json\/wp\/v2\/product"}],"about":[{"href":"https:\/\/ddt.lv\/lv\/wp-json\/wp\/v2\/types\/product"}],"replies":[{"embeddable":true,"href":"https:\/\/ddt.lv\/lv\/wp-json\/wp\/v2\/comments?post=104215"}],"wp:featuredmedia":[{"embeddable":true,"href":"https:\/\/ddt.lv\/lv\/wp-json\/wp\/v2\/media\/104219"}],"wp:attachment":[{"href":"https:\/\/ddt.lv\/lv\/wp-json\/wp\/v2\/media?parent=104215"}],"wp:term":[{"taxonomy":"product_cat","embeddable":true,"href":"https:\/\/ddt.lv\/lv\/wp-json\/wp\/v2\/product_cat?post=104215"},{"taxonomy":"product_tag","embeddable":true,"href":"https:\/\/ddt.lv\/lv\/wp-json\/wp\/v2\/product_tag?post=104215"},{"taxonomy":"yst_prominent_words","embeddable":true,"href":"https:\/\/ddt.lv\/lv\/wp-json\/wp\/v2\/yst_prominent_words?post=104215"}],"curies":[{"name":"wp","href":"https:\/\/api.w.org\/{rel}","templated":true}]}}