{"id":104201,"date":"2026-02-22T23:25:32","date_gmt":"2026-02-22T21:25:32","guid":{"rendered":"https:\/\/ddt.lv\/lv\/product\/led-gls-a60-e27-7w-230v-806lm-4000k-spuldze-emos\/"},"modified":"2026-04-08T14:42:44","modified_gmt":"2026-04-08T11:42:44","slug":"led-gls-a60-e27-7w-230v-806lm-4000k-spuldze-emos","status":"publish","type":"product","link":"https:\/\/ddt.lv\/lv\/product\/led-gls-a60-e27-7w-230v-806lm-4000k-spuldze-emos\/","title":{"rendered":"LED GLS A60 E27 7W 230V 806lm 4000K spuldze EMOS"},"content":{"rendered":"<p><\/p>\n<h3 data-start=\"184\" data-end=\"260\">LED spuldze Classic A60 E27 7W (60W ekvivalents) 806 lm \u2013 Neitr\u0101li balta<\/h3>\n<p data-start=\"262\" data-end=\"518\">Energoefekt\u012bva <strong data-start=\"277\" data-end=\"318\">LED spuldze Classic A60 ar E27 cokolu<\/strong>, kas pat\u0113r\u0113 tikai <strong data-start=\"337\" data-end=\"344\">7 W<\/strong>, bet nodro\u0161ina apgaismojumu, kas l\u012bdzv\u0113rt\u012bgs <strong data-start=\"390\" data-end=\"411\">60 W kv\u0113lspuldzei<\/strong>. Izstaro <strong data-start=\"421\" data-end=\"466\">806 l\u016bmenus neitr\u0101li baltu gaismu (4000K)<\/strong>, kas piem\u0113rota gan m\u0101jas, gan biroja apgaismojumam.<\/p>\n<p><\/p>","protected":false},"excerpt":{"rendered":"<p>LED spuldze Classic A60 E27 7W (60W ekvivalents) 806 lm \u2013 Neitr\u0101li balta Energoefekt\u012bva LED spuldze Classic A60 ar E27 cokolu, kas pat\u0113r\u0113 tikai 7 W, bet nodro\u0161ina apgaismojumu, kas l\u012bdzv\u0113rt\u012bgs 60 W kv\u0113lspuldzei. Izstaro 806 l\u016bmenus neitr\u0101li baltu gaismu (4000K), kas piem\u0113rota gan m\u0101jas, gan biroja apgaismojumam.<\/p>\n","protected":false},"featured_media":104202,"comment_status":"closed","ping_status":"closed","template":"","meta":{"inline_featured_image":false},"product_cat":[772,850],"product_tag":[],"yst_prominent_words":[],"class_list":{"0":"post-104201","1":"product","2":"type-product","3":"status-publish","4":"has-post-thumbnail","6":"product_cat-atlaides","7":"product_cat-e27-spuldzes","9":"first","10":"instock","11":"sale","12":"taxable","13":"shipping-taxable","14":"purchasable","15":"product-type-simple"},"jetpack_sharing_enabled":true,"_links":{"self":[{"href":"https:\/\/ddt.lv\/lv\/wp-json\/wp\/v2\/product\/104201"}],"collection":[{"href":"https:\/\/ddt.lv\/lv\/wp-json\/wp\/v2\/product"}],"about":[{"href":"https:\/\/ddt.lv\/lv\/wp-json\/wp\/v2\/types\/product"}],"replies":[{"embeddable":true,"href":"https:\/\/ddt.lv\/lv\/wp-json\/wp\/v2\/comments?post=104201"}],"wp:featuredmedia":[{"embeddable":true,"href":"https:\/\/ddt.lv\/lv\/wp-json\/wp\/v2\/media\/104202"}],"wp:attachment":[{"href":"https:\/\/ddt.lv\/lv\/wp-json\/wp\/v2\/media?parent=104201"}],"wp:term":[{"taxonomy":"product_cat","embeddable":true,"href":"https:\/\/ddt.lv\/lv\/wp-json\/wp\/v2\/product_cat?post=104201"},{"taxonomy":"product_tag","embeddable":true,"href":"https:\/\/ddt.lv\/lv\/wp-json\/wp\/v2\/product_tag?post=104201"},{"taxonomy":"yst_prominent_words","embeddable":true,"href":"https:\/\/ddt.lv\/lv\/wp-json\/wp\/v2\/yst_prominent_words?post=104201"}],"curies":[{"name":"wp","href":"https:\/\/api.w.org\/{rel}","templated":true}]}}