{"id":104182,"date":"2026-02-22T22:25:34","date_gmt":"2026-02-22T20:25:34","guid":{"rendered":"https:\/\/ddt.lv\/lv\/product\/led-gls-a60-e27-9-5w-240v-1055lm-4000k-spuldze-emos\/"},"modified":"2026-04-09T16:11:18","modified_gmt":"2026-04-09T13:11:18","slug":"led-gls-a60-e27-9-5w-240v-1055lm-4000k-spuldze-emos","status":"publish","type":"product","link":"https:\/\/ddt.lv\/lv\/product\/led-gls-a60-e27-9-5w-240v-1055lm-4000k-spuldze-emos\/","title":{"rendered":"LED GLS A60 E27 9.5W 240V 1055lm 4000K spuldze EMOS"},"content":{"rendered":"<p><\/p>\n<h3 data-start=\"107\" data-end=\"186\">LED spuldze Classic A60 E27 9,5W (75W ekvivalents) 1055 lm \u2013 Neitr\u0101li balta<\/h3>\n<p data-start=\"188\" data-end=\"443\">Energoefekt\u012bva <strong data-start=\"203\" data-end=\"244\">LED spuldze Classic A60 ar E27 cokolu<\/strong>, kas pat\u0113r\u0113 tikai <strong data-start=\"263\" data-end=\"272\">9,5 W<\/strong>, bet nodro\u0161ina apgaismojumu, kas l\u012bdzv\u0113rt\u012bgs <strong data-start=\"318\" data-end=\"339\">75 W kv\u0113lspuldzei<\/strong>. Spuldze izstaro <strong data-start=\"357\" data-end=\"395\">1055 l\u016bmenus neitr\u0101li baltu gaismu<\/strong>, kas piem\u0113rota darba un ikdienas apgaismojumam.<\/p>\n<p><\/p>","protected":false},"excerpt":{"rendered":"<p>LED spuldze Classic A60 E27 9,5W (75W ekvivalents) 1055 lm \u2013 Neitr\u0101li balta Energoefekt\u012bva LED spuldze Classic A60 ar E27 cokolu, kas pat\u0113r\u0113 tikai 9,5 W, bet nodro\u0161ina apgaismojumu, kas l\u012bdzv\u0113rt\u012bgs 75 W kv\u0113lspuldzei. Spuldze izstaro 1055 l\u016bmenus neitr\u0101li baltu gaismu, kas piem\u0113rota darba un ikdienas apgaismojumam.<\/p>\n","protected":false},"featured_media":104196,"comment_status":"closed","ping_status":"closed","template":"","meta":{"inline_featured_image":false},"product_cat":[772,850],"product_tag":[],"yst_prominent_words":[],"class_list":{"0":"post-104182","1":"product","2":"type-product","3":"status-publish","4":"has-post-thumbnail","6":"product_cat-atlaides","7":"product_cat-e27-spuldzes","9":"first","10":"instock","11":"sale","12":"taxable","13":"shipping-taxable","14":"purchasable","15":"product-type-simple"},"jetpack_sharing_enabled":true,"_links":{"self":[{"href":"https:\/\/ddt.lv\/lv\/wp-json\/wp\/v2\/product\/104182"}],"collection":[{"href":"https:\/\/ddt.lv\/lv\/wp-json\/wp\/v2\/product"}],"about":[{"href":"https:\/\/ddt.lv\/lv\/wp-json\/wp\/v2\/types\/product"}],"replies":[{"embeddable":true,"href":"https:\/\/ddt.lv\/lv\/wp-json\/wp\/v2\/comments?post=104182"}],"wp:featuredmedia":[{"embeddable":true,"href":"https:\/\/ddt.lv\/lv\/wp-json\/wp\/v2\/media\/104196"}],"wp:attachment":[{"href":"https:\/\/ddt.lv\/lv\/wp-json\/wp\/v2\/media?parent=104182"}],"wp:term":[{"taxonomy":"product_cat","embeddable":true,"href":"https:\/\/ddt.lv\/lv\/wp-json\/wp\/v2\/product_cat?post=104182"},{"taxonomy":"product_tag","embeddable":true,"href":"https:\/\/ddt.lv\/lv\/wp-json\/wp\/v2\/product_tag?post=104182"},{"taxonomy":"yst_prominent_words","embeddable":true,"href":"https:\/\/ddt.lv\/lv\/wp-json\/wp\/v2\/yst_prominent_words?post=104182"}],"curies":[{"name":"wp","href":"https:\/\/api.w.org\/{rel}","templated":true}]}}