{"id":104181,"date":"2026-02-22T22:25:34","date_gmt":"2026-02-22T20:25:34","guid":{"rendered":"https:\/\/ddt.lv\/lv\/product\/russkij-svetodiodnaya-lampa-gls-a60-e27-14w-230v-1521lm-3000k-emos\/"},"modified":"2026-04-08T14:42:43","modified_gmt":"2026-04-08T11:42:43","slug":"russkij-svetodiodnaya-lampa-gls-a60-e27-14w-230v-1521lm-3000k-emos","status":"publish","type":"product","link":"https:\/\/ddt.lv\/lv\/product\/russkij-svetodiodnaya-lampa-gls-a60-e27-14w-230v-1521lm-3000k-emos\/","title":{"rendered":"LED spuldze Classic A60 E27 9,5W 1055 lm Silti balta EMOS"},"content":{"rendered":"<p><\/p>\n<h2 data-start=\"98\" data-end=\"173\">LED spuldze Classic A60 E27 9,5W (75W ekvivalents) 1055 lm \u2013 Silti balta<\/h2>\n<p data-start=\"175\" data-end=\"445\">Efekt\u012bva un ekonomiska <strong data-start=\"198\" data-end=\"239\">LED spuldze Classic A60 ar E27 cokolu<\/strong>, kas pat\u0113r\u0113 tikai <strong data-start=\"258\" data-end=\"267\">9,5 W<\/strong>, bet nodro\u0161ina apgaismojumu, kas l\u012bdzv\u0113rt\u012bgs <strong data-start=\"313\" data-end=\"334\">75 W kv\u0113lspuldzei<\/strong>. Spuldze izstaro <strong data-start=\"352\" data-end=\"368\">1055 l\u016bmenus<\/strong> silti baltu gaismu, radot pat\u012bkamu un komfortablu atmosf\u0113ru m\u0101j\u0101s vai darb\u0101.<\/p>\n<p><\/p>","protected":false},"excerpt":{"rendered":"<p>LED spuldze Classic A60 E27 9,5W (75W ekvivalents) 1055 lm \u2013 Silti balta Efekt\u012bva un ekonomiska LED spuldze Classic A60 ar E27 cokolu, kas pat\u0113r\u0113 tikai 9,5 W, bet nodro\u0161ina apgaismojumu, kas l\u012bdzv\u0113rt\u012bgs 75 W kv\u0113lspuldzei. Spuldze izstaro 1055 l\u016bmenus silti baltu gaismu, radot pat\u012bkamu un komfortablu atmosf\u0113ru m\u0101j\u0101s vai darb\u0101.<\/p>\n","protected":false},"featured_media":104191,"comment_status":"closed","ping_status":"closed","template":"","meta":{"inline_featured_image":false},"product_cat":[772,850],"product_tag":[],"yst_prominent_words":[],"class_list":{"0":"post-104181","1":"product","2":"type-product","3":"status-publish","4":"has-post-thumbnail","6":"product_cat-atlaides","7":"product_cat-e27-spuldzes","9":"first","10":"instock","11":"sale","12":"taxable","13":"shipping-taxable","14":"purchasable","15":"product-type-simple"},"jetpack_sharing_enabled":true,"_links":{"self":[{"href":"https:\/\/ddt.lv\/lv\/wp-json\/wp\/v2\/product\/104181"}],"collection":[{"href":"https:\/\/ddt.lv\/lv\/wp-json\/wp\/v2\/product"}],"about":[{"href":"https:\/\/ddt.lv\/lv\/wp-json\/wp\/v2\/types\/product"}],"replies":[{"embeddable":true,"href":"https:\/\/ddt.lv\/lv\/wp-json\/wp\/v2\/comments?post=104181"}],"wp:featuredmedia":[{"embeddable":true,"href":"https:\/\/ddt.lv\/lv\/wp-json\/wp\/v2\/media\/104191"}],"wp:attachment":[{"href":"https:\/\/ddt.lv\/lv\/wp-json\/wp\/v2\/media?parent=104181"}],"wp:term":[{"taxonomy":"product_cat","embeddable":true,"href":"https:\/\/ddt.lv\/lv\/wp-json\/wp\/v2\/product_cat?post=104181"},{"taxonomy":"product_tag","embeddable":true,"href":"https:\/\/ddt.lv\/lv\/wp-json\/wp\/v2\/product_tag?post=104181"},{"taxonomy":"yst_prominent_words","embeddable":true,"href":"https:\/\/ddt.lv\/lv\/wp-json\/wp\/v2\/yst_prominent_words?post=104181"}],"curies":[{"name":"wp","href":"https:\/\/api.w.org\/{rel}","templated":true}]}}