{"id":104180,"date":"2026-02-22T22:25:33","date_gmt":"2026-02-22T20:25:33","guid":{"rendered":"https:\/\/ddt.lv\/lv\/product\/led-gls-a80-e27-20w-230v-2452lm-2700k-spuldze-emos\/"},"modified":"2026-04-08T14:42:44","modified_gmt":"2026-04-08T11:42:44","slug":"led-gls-a80-e27-20w-230v-2452lm-2700k-spuldze-emos","status":"publish","type":"product","link":"https:\/\/ddt.lv\/lv\/product\/led-gls-a80-e27-20w-230v-2452lm-2700k-spuldze-emos\/","title":{"rendered":"LED GLS A80 E27 20W 230V 2452lm 2700K spuldze EMOS"},"content":{"rendered":"<p><\/p>\n<h2 data-start=\"98\" data-end=\"173\">LED spuldze Classic A80 E27 20W (150W ekvivalents) 2452 lm \u2013 Silti balta<\/h2>\n<p data-start=\"175\" data-end=\"427\">Augstas jaudas <strong data-start=\"190\" data-end=\"231\">LED spuldze Classic A80 ar E27 cokolu<\/strong>, kas pat\u0113r\u0113 tikai <strong data-start=\"250\" data-end=\"258\">20 W<\/strong>, bet nodro\u0161ina gaismas jaudu, kas atbilst tradicion\u0101lai <strong data-start=\"315\" data-end=\"337\">150 W kv\u0113lspuldzei<\/strong>. Spuldze izstaro <strong data-start=\"355\" data-end=\"371\">2452 l\u016bmenus<\/strong> silti baltu gaismu, radot pat\u012bkamu un m\u0101j\u012bgu atmosf\u0113ru.<\/p>\n<p><\/p>","protected":false},"excerpt":{"rendered":"<p>LED spuldze Classic A80 E27 20W (150W ekvivalents) 2452 lm \u2013 Silti balta Augstas jaudas LED spuldze Classic A80 ar E27 cokolu, kas pat\u0113r\u0113 tikai 20 W, bet nodro\u0161ina gaismas jaudu, kas atbilst tradicion\u0101lai 150 W kv\u0113lspuldzei. Spuldze izstaro 2452 l\u016bmenus silti baltu gaismu, radot pat\u012bkamu un m\u0101j\u012bgu atmosf\u0113ru.<\/p>\n","protected":false},"featured_media":104183,"comment_status":"closed","ping_status":"closed","template":"","meta":{"inline_featured_image":false},"product_cat":[772,850],"product_tag":[],"yst_prominent_words":[],"class_list":{"0":"post-104180","1":"product","2":"type-product","3":"status-publish","4":"has-post-thumbnail","6":"product_cat-atlaides","7":"product_cat-e27-spuldzes","9":"first","10":"instock","11":"sale","12":"taxable","13":"shipping-taxable","14":"purchasable","15":"product-type-simple"},"jetpack_sharing_enabled":true,"_links":{"self":[{"href":"https:\/\/ddt.lv\/lv\/wp-json\/wp\/v2\/product\/104180"}],"collection":[{"href":"https:\/\/ddt.lv\/lv\/wp-json\/wp\/v2\/product"}],"about":[{"href":"https:\/\/ddt.lv\/lv\/wp-json\/wp\/v2\/types\/product"}],"replies":[{"embeddable":true,"href":"https:\/\/ddt.lv\/lv\/wp-json\/wp\/v2\/comments?post=104180"}],"wp:featuredmedia":[{"embeddable":true,"href":"https:\/\/ddt.lv\/lv\/wp-json\/wp\/v2\/media\/104183"}],"wp:attachment":[{"href":"https:\/\/ddt.lv\/lv\/wp-json\/wp\/v2\/media?parent=104180"}],"wp:term":[{"taxonomy":"product_cat","embeddable":true,"href":"https:\/\/ddt.lv\/lv\/wp-json\/wp\/v2\/product_cat?post=104180"},{"taxonomy":"product_tag","embeddable":true,"href":"https:\/\/ddt.lv\/lv\/wp-json\/wp\/v2\/product_tag?post=104180"},{"taxonomy":"yst_prominent_words","embeddable":true,"href":"https:\/\/ddt.lv\/lv\/wp-json\/wp\/v2\/yst_prominent_words?post=104180"}],"curies":[{"name":"wp","href":"https:\/\/api.w.org\/{rel}","templated":true}]}}