{"id":102166,"date":"2026-02-12T00:02:19","date_gmt":"2026-02-11T22:02:19","guid":{"rendered":"https:\/\/ddt.lv\/lv\/product\/mr16-gu5-3-20w-38-12v-spl-spuldze\/"},"modified":"2026-04-13T11:50:33","modified_gmt":"2026-04-13T08:50:33","slug":"mr16-gu5-3-20w-38-12v-spl-spuldze","status":"publish","type":"product","link":"https:\/\/ddt.lv\/lv\/product\/mr16-gu5-3-20w-38-12v-spl-spuldze\/","title":{"rendered":"MR16 GU5.3 20W 38&#8242; 12V SPL spuldze"},"content":{"rendered":"<p><\/p>\n<h2 data-start=\"134\" data-end=\"202\">Halog\u0113na spuldze MR16 GU5.3 12V 20W \u2013 38\u00b0, caursp\u012bd\u012bgs p\u0101rkl\u0101jums<\/h2>\n<p data-start=\"204\" data-end=\"414\"><strong data-start=\"204\" data-end=\"245\">Halog\u0113na spuldze MR16 ar GU5.3 cokolu<\/strong> ir piem\u0113rota prec\u012bzam un akcenta apgaismojumam. Ar jaudu <strong data-start=\"303\" data-end=\"311\">20 W<\/strong> un darba spriegumu <strong data-start=\"331\" data-end=\"338\">12V<\/strong>, t\u0101 nodro\u0161ina spilgtu un fokus\u0113tu gaismas staru ar <strong data-start=\"390\" data-end=\"413\">38\u00b0 izkliedes le\u0146\u0137i<\/strong>.<\/p>\n<p data-start=\"416\" data-end=\"617\">Spuldzes izm\u0113ri <strong data-start=\"432\" data-end=\"448\">50 \u00d7 47,5 mm<\/strong> atbilst standarta MR16 form\u0101tam. <strong data-start=\"482\" data-end=\"529\">Caursp\u012bd\u012bgs stikla p\u0101rkl\u0101jums (Clear Cover)<\/strong>nodro\u0161ina skaidru un intens\u012bvu gaismas pl\u016bsmu. Kalpo\u0161anas laiks l\u012bdz <strong data-start=\"599\" data-end=\"616\">2 000 stund\u0101m<\/strong>.<\/p>\n<p data-start=\"619\" data-end=\"722\">Ide\u0101li piem\u0113rota vitr\u012bn\u0101m, akcenta apgaismojumam, dekorat\u012bvajiem gaismek\u013ciem un interjera risin\u0101jumiem.<\/p>\n<p data-start=\"724\" data-end=\"746\"><strong data-start=\"724\" data-end=\"746\">Galven\u0101s \u012bpa\u0161\u012bbas:<\/strong><\/p>\n<ul data-start=\"747\" data-end=\"933\">\n<li data-start=\"747\" data-end=\"761\">\n<p data-start=\"749\" data-end=\"761\">Tips: MR16<\/p>\n<\/li>\n<li data-start=\"762\" data-end=\"779\">\n<p data-start=\"764\" data-end=\"779\">Cokols: GU5.3<\/p>\n<\/li>\n<li data-start=\"780\" data-end=\"798\">\n<p data-start=\"782\" data-end=\"798\">Spriegums: 12V<\/p>\n<\/li>\n<li data-start=\"799\" data-end=\"813\">\n<p data-start=\"801\" data-end=\"813\">Jauda: 20W<\/p>\n<\/li>\n<li data-start=\"814\" data-end=\"838\">\n<p data-start=\"816\" data-end=\"838\">Izm\u0113ri: 50 \u00d7 47,5 mm<\/p>\n<\/li>\n<li data-start=\"839\" data-end=\"862\">\n<p data-start=\"841\" data-end=\"862\">Gaismas le\u0146\u0137is: 38\u00b0<\/p>\n<\/li>\n<li data-start=\"863\" data-end=\"898\">\n<p data-start=\"865\" data-end=\"898\">P\u0101rkl\u0101jums: caursp\u012bd\u012bgs (Clear)<\/p>\n<\/li>\n<li data-start=\"899\" data-end=\"933\">\n<p data-start=\"901\" data-end=\"933\">Kalpo\u0161anas laiks: l\u012bdz 2 000 h<\/p>\n<\/li>\n<\/ul>\n<p><\/p>","protected":false},"excerpt":{"rendered":"<p>Halog\u0113na spuldze MR16 GU5.3 12V 20W \u2013 38\u00b0, caursp\u012bd\u012bgs p\u0101rkl\u0101jums Halog\u0113na spuldze MR16 ar GU5.3 cokolu ir piem\u0113rota prec\u012bzam un akcenta apgaismojumam. Ar jaudu 20 W un darba spriegumu 12V, t\u0101 nodro\u0161ina spilgtu un fokus\u0113tu gaismas staru ar 38\u00b0 izkliedes le\u0146\u0137i. Spuldzes izm\u0113ri 50 \u00d7 47,5 mm atbilst standarta MR16 form\u0101tam. Caursp\u012bd\u012bgs stikla p\u0101rkl\u0101jums (Clear [&hellip;]<\/p>\n","protected":false},"featured_media":102234,"comment_status":"closed","ping_status":"closed","template":"","meta":{"inline_featured_image":false},"product_cat":[1365,857],"product_tag":[],"yst_prominent_words":[],"class_list":{"0":"post-102166","1":"product","2":"type-product","3":"status-publish","4":"has-post-thumbnail","6":"product_cat-eco-halogen-spuldzes","7":"product_cat-zemsprieguma-kvelspuldzes-spec-pielietojuma-kvelspuldzes-spuldzes","9":"first","10":"instock","11":"taxable","12":"shipping-taxable","13":"purchasable","14":"product-type-simple"},"jetpack_sharing_enabled":true,"_links":{"self":[{"href":"https:\/\/ddt.lv\/lv\/wp-json\/wp\/v2\/product\/102166"}],"collection":[{"href":"https:\/\/ddt.lv\/lv\/wp-json\/wp\/v2\/product"}],"about":[{"href":"https:\/\/ddt.lv\/lv\/wp-json\/wp\/v2\/types\/product"}],"replies":[{"embeddable":true,"href":"https:\/\/ddt.lv\/lv\/wp-json\/wp\/v2\/comments?post=102166"}],"wp:featuredmedia":[{"embeddable":true,"href":"https:\/\/ddt.lv\/lv\/wp-json\/wp\/v2\/media\/102234"}],"wp:attachment":[{"href":"https:\/\/ddt.lv\/lv\/wp-json\/wp\/v2\/media?parent=102166"}],"wp:term":[{"taxonomy":"product_cat","embeddable":true,"href":"https:\/\/ddt.lv\/lv\/wp-json\/wp\/v2\/product_cat?post=102166"},{"taxonomy":"product_tag","embeddable":true,"href":"https:\/\/ddt.lv\/lv\/wp-json\/wp\/v2\/product_tag?post=102166"},{"taxonomy":"yst_prominent_words","embeddable":true,"href":"https:\/\/ddt.lv\/lv\/wp-json\/wp\/v2\/yst_prominent_words?post=102166"}],"curies":[{"name":"wp","href":"https:\/\/api.w.org\/{rel}","templated":true}]}}