{"id":102165,"date":"2026-02-11T23:50:33","date_gmt":"2026-02-11T21:50:33","guid":{"rendered":"https:\/\/ddt.lv\/lv\/product\/halogenspuldze-mr11-20w-12v-30-spl\/"},"modified":"2026-04-13T10:06:31","modified_gmt":"2026-04-13T07:06:31","slug":"halogenspuldze-mr11-20w-12v-30-spl","status":"publish","type":"product","link":"https:\/\/ddt.lv\/lv\/product\/halogenspuldze-mr11-20w-12v-30-spl\/","title":{"rendered":"Halog\u0113nspuldze MR11 20W GU4 12V 30` SPL"},"content":{"rendered":"<p><\/p>\n<h2 data-start=\"123\" data-end=\"182\">Halog\u0113nspuldze MR11 20W GU4 12V \u2013 30\u00b0 staru le\u0146\u0137is (SPL)<\/h2>\n<p data-start=\"184\" data-end=\"402\"><strong data-start=\"184\" data-end=\"221\">Halog\u0113nspuldze MR11 ar GU4 cokolu<\/strong> ir paredz\u0113ta prec\u012bzam un akcenta apgaismojumam. Ar jaudu <strong data-start=\"279\" data-end=\"287\">20 W<\/strong> un spriegumu <strong data-start=\"301\" data-end=\"308\">12V<\/strong>, t\u0101 nodro\u0161ina fokus\u0113tu un intens\u012bvu gaismas pl\u016bsmu ar <strong data-start=\"363\" data-end=\"401\">30\u00b0 staru le\u0146\u0137i (SPL \u2013 Spot Light)<\/strong>.<\/p>\n<p data-start=\"404\" data-end=\"533\">Kompaktais MR11 form\u0101ts ir ide\u0101li piem\u0113rots vitr\u012bn\u0101m, m\u0113be\u013cu apgaismojumam, dekorat\u012bvajiem gaismek\u013ciem un interjera akcent\u0113\u0161anai.<\/p>\n<p data-start=\"535\" data-end=\"557\"><strong data-start=\"535\" data-end=\"557\">Galven\u0101s \u012bpa\u0161\u012bbas:<\/strong><\/p>\n<ul data-start=\"558\" data-end=\"703\">\n<li data-start=\"558\" data-end=\"572\">\n<p data-start=\"560\" data-end=\"572\">Tips: MR11<\/p>\n<\/li>\n<li data-start=\"573\" data-end=\"588\">\n<p data-start=\"575\" data-end=\"588\">Cokols: GU4<\/p>\n<\/li>\n<li data-start=\"589\" data-end=\"607\">\n<p data-start=\"591\" data-end=\"607\">Spriegums: 12V<\/p>\n<\/li>\n<li data-start=\"608\" data-end=\"622\">\n<p data-start=\"610\" data-end=\"622\">Jauda: 20W<\/p>\n<\/li>\n<li data-start=\"623\" data-end=\"650\">\n<p data-start=\"625\" data-end=\"650\">Staru le\u0146\u0137is: 30\u00b0 (SPL)<\/p>\n<\/li>\n<li data-start=\"651\" data-end=\"703\">\n<p data-start=\"653\" data-end=\"703\">Piem\u0113rota akcenta un dekorat\u012bvajam apgaismojumam<\/p>\n<\/li>\n<\/ul>\n<p><\/p>","protected":false},"excerpt":{"rendered":"<p>Halog\u0113nspuldze MR11 20W GU4 12V \u2013 30\u00b0 staru le\u0146\u0137is (SPL) Halog\u0113nspuldze MR11 ar GU4 cokolu ir paredz\u0113ta prec\u012bzam un akcenta apgaismojumam. Ar jaudu 20 W un spriegumu 12V, t\u0101 nodro\u0161ina fokus\u0113tu un intens\u012bvu gaismas pl\u016bsmu ar 30\u00b0 staru le\u0146\u0137i (SPL \u2013 Spot Light). Kompaktais MR11 form\u0101ts ir ide\u0101li piem\u0113rots vitr\u012bn\u0101m, m\u0113be\u013cu apgaismojumam, dekorat\u012bvajiem gaismek\u013ciem un [&hellip;]<\/p>\n","protected":false},"featured_media":102236,"comment_status":"closed","ping_status":"closed","template":"","meta":{"inline_featured_image":false},"product_cat":[857],"product_tag":[],"yst_prominent_words":[],"class_list":{"0":"post-102165","1":"product","2":"type-product","3":"status-publish","4":"has-post-thumbnail","6":"product_cat-zemsprieguma-kvelspuldzes-spec-pielietojuma-kvelspuldzes-spuldzes","8":"first","9":"instock","10":"taxable","11":"shipping-taxable","12":"purchasable","13":"product-type-simple"},"jetpack_sharing_enabled":true,"_links":{"self":[{"href":"https:\/\/ddt.lv\/lv\/wp-json\/wp\/v2\/product\/102165"}],"collection":[{"href":"https:\/\/ddt.lv\/lv\/wp-json\/wp\/v2\/product"}],"about":[{"href":"https:\/\/ddt.lv\/lv\/wp-json\/wp\/v2\/types\/product"}],"replies":[{"embeddable":true,"href":"https:\/\/ddt.lv\/lv\/wp-json\/wp\/v2\/comments?post=102165"}],"wp:featuredmedia":[{"embeddable":true,"href":"https:\/\/ddt.lv\/lv\/wp-json\/wp\/v2\/media\/102236"}],"wp:attachment":[{"href":"https:\/\/ddt.lv\/lv\/wp-json\/wp\/v2\/media?parent=102165"}],"wp:term":[{"taxonomy":"product_cat","embeddable":true,"href":"https:\/\/ddt.lv\/lv\/wp-json\/wp\/v2\/product_cat?post=102165"},{"taxonomy":"product_tag","embeddable":true,"href":"https:\/\/ddt.lv\/lv\/wp-json\/wp\/v2\/product_tag?post=102165"},{"taxonomy":"yst_prominent_words","embeddable":true,"href":"https:\/\/ddt.lv\/lv\/wp-json\/wp\/v2\/yst_prominent_words?post=102165"}],"curies":[{"name":"wp","href":"https:\/\/api.w.org\/{rel}","templated":true}]}}