{"id":102161,"date":"2026-02-11T23:50:31","date_gmt":"2026-02-11T21:50:31","guid":{"rendered":"https:\/\/ddt.lv\/lv\/product\/halogen-stabe-eco-118mm-r7s-240w-3000k-spl-spuldze\/"},"modified":"2026-04-14T13:00:28","modified_gmt":"2026-04-14T10:00:28","slug":"halogen-stabe-eco-118mm-r7s-240w-3000k-spl-spuldze","status":"publish","type":"product","link":"https:\/\/ddt.lv\/lv\/product\/halogen-stabe-eco-118mm-r7s-240w-3000k-spl-spuldze\/","title":{"rendered":"Halogen stabe ECO 118mm R7S 240W 3000K SPL spuldze"},"content":{"rendered":"<p><\/p>\n<h2 data-start=\"182\" data-end=\"266\">Eco Halogen R7s 240W 3000K 117.6 mm \u2013 230\u2013240V | Caursp\u012bd\u012bga | Dimm\u0113jama | 2000 h<\/h2>\n<p data-start=\"268\" data-end=\"502\">Augstas kvalit\u0101tes <strong data-start=\"287\" data-end=\"334\">Eco Halogen R7s line\u0101r\u0101 halog\u0113na lampa 240W<\/strong>, kas nodro\u0161ina spilgtu un dab\u012bgu <strong data-start=\"368\" data-end=\"396\">3000K silti baltu gaismu<\/strong>. Piem\u0113rota pro\u017eektoriem, st\u0101vlamp\u0101m un dekorat\u012bvajam apgaismojumam gan m\u0101jsaimniec\u012bb\u0101s, gan komerctelp\u0101s.<\/p>\n<p><\/p>","protected":false},"excerpt":{"rendered":"<p>Eco Halogen R7s 240W 3000K 117.6 mm \u2013 230\u2013240V | Caursp\u012bd\u012bga | Dimm\u0113jama | 2000 h Augstas kvalit\u0101tes Eco Halogen R7s line\u0101r\u0101 halog\u0113na lampa 240W, kas nodro\u0161ina spilgtu un dab\u012bgu 3000K silti baltu gaismu. Piem\u0113rota pro\u017eektoriem, st\u0101vlamp\u0101m un dekorat\u012bvajam apgaismojumam gan m\u0101jsaimniec\u012bb\u0101s, gan komerctelp\u0101s.<\/p>\n","protected":false},"featured_media":101422,"comment_status":"closed","ping_status":"closed","template":"","meta":{"inline_featured_image":false},"product_cat":[1365],"product_tag":[],"yst_prominent_words":[],"class_list":{"0":"post-102161","1":"product","2":"type-product","3":"status-publish","4":"has-post-thumbnail","6":"product_cat-eco-halogen-spuldzes","8":"first","9":"instock","10":"taxable","11":"shipping-taxable","12":"purchasable","13":"product-type-simple"},"jetpack_sharing_enabled":true,"_links":{"self":[{"href":"https:\/\/ddt.lv\/lv\/wp-json\/wp\/v2\/product\/102161"}],"collection":[{"href":"https:\/\/ddt.lv\/lv\/wp-json\/wp\/v2\/product"}],"about":[{"href":"https:\/\/ddt.lv\/lv\/wp-json\/wp\/v2\/types\/product"}],"replies":[{"embeddable":true,"href":"https:\/\/ddt.lv\/lv\/wp-json\/wp\/v2\/comments?post=102161"}],"wp:featuredmedia":[{"embeddable":true,"href":"https:\/\/ddt.lv\/lv\/wp-json\/wp\/v2\/media\/101422"}],"wp:attachment":[{"href":"https:\/\/ddt.lv\/lv\/wp-json\/wp\/v2\/media?parent=102161"}],"wp:term":[{"taxonomy":"product_cat","embeddable":true,"href":"https:\/\/ddt.lv\/lv\/wp-json\/wp\/v2\/product_cat?post=102161"},{"taxonomy":"product_tag","embeddable":true,"href":"https:\/\/ddt.lv\/lv\/wp-json\/wp\/v2\/product_tag?post=102161"},{"taxonomy":"yst_prominent_words","embeddable":true,"href":"https:\/\/ddt.lv\/lv\/wp-json\/wp\/v2\/yst_prominent_words?post=102161"}],"curies":[{"name":"wp","href":"https:\/\/api.w.org\/{rel}","templated":true}]}}