{"id":102160,"date":"2026-02-11T23:45:32","date_gmt":"2026-02-11T21:45:32","guid":{"rendered":"https:\/\/ddt.lv\/lv\/product\/led-gls-e27-a60-15w-3000k-1200lm-160-100v-240v-ac-dc-spl\/"},"modified":"2026-04-22T08:51:29","modified_gmt":"2026-04-22T05:51:29","slug":"led-gls-e27-a60-15w-3000k-1200lm-160-100v-240v-ac-dc-spl","status":"publish","type":"product","link":"https:\/\/ddt.lv\/lv\/product\/led-gls-e27-a60-15w-3000k-1200lm-160-100v-240v-ac-dc-spl\/","title":{"rendered":"LED GLS E27 A60 15W 3000K 1200lm 160\u00b0 100V- 240V AC\/DC SPL"},"content":{"rendered":"<p><\/p>\n<h2 data-start=\"231\" data-end=\"312\">LED E27 GLS A71 15W 3000K 1200lm \u2013 100\u2013240V AC\/DC | Op\u0101la | 160\u00b0 | Nedimm\u0113jama<\/h2>\n<p data-start=\"314\" data-end=\"544\">Augstas kvalit\u0101tes <strong data-start=\"333\" data-end=\"364\">LED E27 GLS A71 spuldze 15W<\/strong>, kas nodro\u0161ina <strong data-start=\"380\" data-end=\"395\">1200 l\u016bmenu<\/strong> silti baltu apgaismojumu (3000K, 830). Piem\u0113rota m\u0101jsaimniec\u012bb\u0101m un visp\u0101r\u0113jam apgaismojumam ar pla\u0161u pielietojumu dz\u012bvojam\u0101s un komerci\u0101l\u0101s telp\u0101s.<\/p>\n<p data-start=\"314\" data-end=\"544\">Nodro\u0161ina vienm\u0113r\u012bgu gaismas izkliedi un stabilu darb\u012bbu pla\u0161\u0101 sprieguma diapazon\u0101 (AC\/DC).<\/p>\n<p><\/p>","protected":false},"excerpt":{"rendered":"<p>LED E27 GLS A71 15W 3000K 1200lm \u2013 100\u2013240V AC\/DC | Op\u0101la | 160\u00b0 | Nedimm\u0113jama Augstas kvalit\u0101tes LED E27 GLS A71 spuldze 15W, kas nodro\u0161ina 1200 l\u016bmenu silti baltu apgaismojumu (3000K, 830). Piem\u0113rota m\u0101jsaimniec\u012bb\u0101m un visp\u0101r\u0113jam apgaismojumam ar pla\u0161u pielietojumu dz\u012bvojam\u0101s un komerci\u0101l\u0101s telp\u0101s. Nodro\u0161ina vienm\u0113r\u012bgu gaismas izkliedi un stabilu darb\u012bbu pla\u0161\u0101 sprieguma diapazon\u0101 [&hellip;]<\/p>\n","protected":false},"featured_media":104171,"comment_status":"closed","ping_status":"closed","template":"","meta":{"inline_featured_image":false},"product_cat":[1713],"product_tag":[],"yst_prominent_words":[],"class_list":{"0":"post-102160","1":"product","2":"type-product","3":"status-publish","4":"has-post-thumbnail","6":"product_cat-spec-spuldzes","8":"first","9":"instock","10":"taxable","11":"shipping-taxable","12":"purchasable","13":"product-type-simple"},"jetpack_sharing_enabled":true,"_links":{"self":[{"href":"https:\/\/ddt.lv\/lv\/wp-json\/wp\/v2\/product\/102160"}],"collection":[{"href":"https:\/\/ddt.lv\/lv\/wp-json\/wp\/v2\/product"}],"about":[{"href":"https:\/\/ddt.lv\/lv\/wp-json\/wp\/v2\/types\/product"}],"replies":[{"embeddable":true,"href":"https:\/\/ddt.lv\/lv\/wp-json\/wp\/v2\/comments?post=102160"}],"wp:featuredmedia":[{"embeddable":true,"href":"https:\/\/ddt.lv\/lv\/wp-json\/wp\/v2\/media\/104171"}],"wp:attachment":[{"href":"https:\/\/ddt.lv\/lv\/wp-json\/wp\/v2\/media?parent=102160"}],"wp:term":[{"taxonomy":"product_cat","embeddable":true,"href":"https:\/\/ddt.lv\/lv\/wp-json\/wp\/v2\/product_cat?post=102160"},{"taxonomy":"product_tag","embeddable":true,"href":"https:\/\/ddt.lv\/lv\/wp-json\/wp\/v2\/product_tag?post=102160"},{"taxonomy":"yst_prominent_words","embeddable":true,"href":"https:\/\/ddt.lv\/lv\/wp-json\/wp\/v2\/yst_prominent_words?post=102160"}],"curies":[{"name":"wp","href":"https:\/\/api.w.org\/{rel}","templated":true}]}}