{"id":102158,"date":"2026-02-11T23:40:34","date_gmt":"2026-02-11T21:40:34","guid":{"rendered":"https:\/\/ddt.lv\/lv\/product\/spuldze-ek-cfl-3u-e27-20w-blb-spl\/"},"modified":"2026-04-08T14:46:17","modified_gmt":"2026-04-08T11:46:17","slug":"spuldze-ek-cfl-3u-e27-20w-blb-spl","status":"publish","type":"product","link":"https:\/\/ddt.lv\/lv\/product\/spuldze-ek-cfl-3u-e27-20w-blb-spl-blacklight-blue-blb-uv-specefektiem\/","title":{"rendered":"Spuldze ek. CFL 3U E27 20W BLB SPL &#8211; Blacklight Blue (BLB) UV specefektiem"},"content":{"rendered":"<p>Augstas kvalit\u0101tes <strong data-start=\"498\" data-end=\"540\">CFL 3U 20W E27 Blacklight Blue spuldze<\/strong>, paredz\u0113ta ultravioletajam (UV) apgaismojumam un specefektiem. Piem\u0113rota klubiem, skatuv\u0113m, izklaides pas\u0101kumiem, dekorat\u012bvam apgaismojumam un dro\u0161\u012bbas mar\u0137\u0113jumiem. Standarta <strong data-start=\"716\" data-end=\"730\">E27 cokols<\/strong> nodro\u0161ina vienk\u0101r\u0161u uzst\u0101d\u012b\u0161anu, savuk\u0101rt l\u012bdz <strong data-start=\"778\" data-end=\"812\">10 000 stundu kalpo\u0161anas laiks<\/strong>garant\u0113 ilgm\u016b\u017e\u012bbu un uzticamu darb\u012bbu.<\/p>","protected":false},"excerpt":{"rendered":"<p>Augstas kvalit\u0101tes CFL 3U 20W E27 Blacklight Blue spuldze, paredz\u0113ta ultravioletajam (UV) apgaismojumam un specefektiem. Piem\u0113rota klubiem, skatuv\u0113m, izklaides pas\u0101kumiem, dekorat\u012bvam apgaismojumam un dro\u0161\u012bbas mar\u0137\u0113jumiem. Standarta E27 cokols nodro\u0161ina vienk\u0101r\u0161u uzst\u0101d\u012b\u0161anu, savuk\u0101rt l\u012bdz 10 000 stundu kalpo\u0161anas laiksgarant\u0113 ilgm\u016b\u017e\u012bbu un uzticamu darb\u012bbu.<\/p>\n","protected":false},"featured_media":104167,"comment_status":"closed","ping_status":"closed","template":"","meta":{"inline_featured_image":false},"product_cat":[1712],"product_tag":[],"yst_prominent_words":[],"class_list":{"0":"post-102158","1":"product","2":"type-product","3":"status-publish","4":"has-post-thumbnail","6":"product_cat-speciala-pielietojuma-spuldzes-luminiscentas-spuldzes-spuldzes","8":"first","9":"instock","10":"taxable","11":"shipping-taxable","12":"purchasable","13":"product-type-simple"},"jetpack_sharing_enabled":true,"_links":{"self":[{"href":"https:\/\/ddt.lv\/lv\/wp-json\/wp\/v2\/product\/102158"}],"collection":[{"href":"https:\/\/ddt.lv\/lv\/wp-json\/wp\/v2\/product"}],"about":[{"href":"https:\/\/ddt.lv\/lv\/wp-json\/wp\/v2\/types\/product"}],"replies":[{"embeddable":true,"href":"https:\/\/ddt.lv\/lv\/wp-json\/wp\/v2\/comments?post=102158"}],"wp:featuredmedia":[{"embeddable":true,"href":"https:\/\/ddt.lv\/lv\/wp-json\/wp\/v2\/media\/104167"}],"wp:attachment":[{"href":"https:\/\/ddt.lv\/lv\/wp-json\/wp\/v2\/media?parent=102158"}],"wp:term":[{"taxonomy":"product_cat","embeddable":true,"href":"https:\/\/ddt.lv\/lv\/wp-json\/wp\/v2\/product_cat?post=102158"},{"taxonomy":"product_tag","embeddable":true,"href":"https:\/\/ddt.lv\/lv\/wp-json\/wp\/v2\/product_tag?post=102158"},{"taxonomy":"yst_prominent_words","embeddable":true,"href":"https:\/\/ddt.lv\/lv\/wp-json\/wp\/v2\/yst_prominent_words?post=102158"}],"curies":[{"name":"wp","href":"https:\/\/api.w.org\/{rel}","templated":true}]}}