{"id":102157,"date":"2026-02-11T23:40:33","date_gmt":"2026-02-11T21:40:33","guid":{"rendered":"https:\/\/ddt.lv\/lv\/product\/fl18w-t8-blb-g13-spl-luminiscenta-spuldze\/"},"modified":"2026-04-13T11:50:33","modified_gmt":"2026-04-13T08:50:33","slug":"fl18w-t8-blb-g13-spl-luminiscenta-spuldze","status":"publish","type":"product","link":"https:\/\/ddt.lv\/lv\/product\/fl18w-t8-blb-g13-spl-luminiscenta-spuldze\/","title":{"rendered":"FL18W T8 BLB G13 SPL luminiscent\u0101 spuldze &#8211; Blacklight Blue (BLB) UV specefektiem"},"content":{"rendered":"<p>Augstas kvalit\u0101tes <strong data-start=\"617\" data-end=\"683\">T8 18W Blacklight Blue (BLB) luminiscences lampa ar G13 cokolu<\/strong>, paredz\u0113ta UV apgaismojumam un specefektu rad\u012b\u0161anai. Ide\u0101li piem\u0113rota izklaides pas\u0101kumiem, skatuv\u0113m, klubiem, rekl\u0101mas instal\u0101cij\u0101m un dekorat\u012bvam ultravioletajam apgaismojumam.<\/p>","protected":false},"excerpt":{"rendered":"<p>Augstas kvalit\u0101tes T8 18W Blacklight Blue (BLB) luminiscences lampa ar G13 cokolu, paredz\u0113ta UV apgaismojumam un specefektu rad\u012b\u0161anai. Ide\u0101li piem\u0113rota izklaides pas\u0101kumiem, skatuv\u0113m, klubiem, rekl\u0101mas instal\u0101cij\u0101m un dekorat\u012bvam ultravioletajam apgaismojumam.<\/p>\n","protected":false},"featured_media":104164,"comment_status":"closed","ping_status":"closed","template":"","meta":{"inline_featured_image":false},"product_cat":[1712,772],"product_tag":[],"yst_prominent_words":[],"class_list":{"0":"post-102157","1":"product","2":"type-product","3":"status-publish","4":"has-post-thumbnail","6":"product_cat-speciala-pielietojuma-spuldzes-luminiscentas-spuldzes-spuldzes","7":"product_cat-atlaides","9":"first","10":"instock","11":"sale","12":"taxable","13":"shipping-taxable","14":"purchasable","15":"product-type-simple"},"jetpack_sharing_enabled":true,"_links":{"self":[{"href":"https:\/\/ddt.lv\/lv\/wp-json\/wp\/v2\/product\/102157"}],"collection":[{"href":"https:\/\/ddt.lv\/lv\/wp-json\/wp\/v2\/product"}],"about":[{"href":"https:\/\/ddt.lv\/lv\/wp-json\/wp\/v2\/types\/product"}],"replies":[{"embeddable":true,"href":"https:\/\/ddt.lv\/lv\/wp-json\/wp\/v2\/comments?post=102157"}],"wp:featuredmedia":[{"embeddable":true,"href":"https:\/\/ddt.lv\/lv\/wp-json\/wp\/v2\/media\/104164"}],"wp:attachment":[{"href":"https:\/\/ddt.lv\/lv\/wp-json\/wp\/v2\/media?parent=102157"}],"wp:term":[{"taxonomy":"product_cat","embeddable":true,"href":"https:\/\/ddt.lv\/lv\/wp-json\/wp\/v2\/product_cat?post=102157"},{"taxonomy":"product_tag","embeddable":true,"href":"https:\/\/ddt.lv\/lv\/wp-json\/wp\/v2\/product_tag?post=102157"},{"taxonomy":"yst_prominent_words","embeddable":true,"href":"https:\/\/ddt.lv\/lv\/wp-json\/wp\/v2\/yst_prominent_words?post=102157"}],"curies":[{"name":"wp","href":"https:\/\/api.w.org\/{rel}","templated":true}]}}