{"id":102154,"date":"2026-02-11T23:40:32","date_gmt":"2026-02-11T21:40:32","guid":{"rendered":"https:\/\/ddt.lv\/lv\/product\/cfl-pls-11w-840-g23-spl-ekonomiska-spuldze\/"},"modified":"2026-04-16T09:10:33","modified_gmt":"2026-04-16T06:10:33","slug":"cfl-pls-11w-840-g23-spl-ekonomiska-spuldze","status":"publish","type":"product","link":"https:\/\/ddt.lv\/lv\/product\/cfl-pls-11w-840-g23-spl-ekonomiska-spuldze\/","title":{"rendered":"CFL PLS 11W\/840 G23 SPL ekonomisk\u0101 spuldze"},"content":{"rendered":"<p>11 W spuldze ar G23 (2 pin) cokolu, kas nodro\u0161ina 900 l\u016bmenu v\u0113si baltu (4000K) apgaismojumu. Piem\u0113rota birojiem, sabiedrisk\u0101m un cit\u0101m iek\u0161telp\u0101m, kur nepiecie\u0161ams uzticams un regul\u0113jams apgaismojums.<\/p>","protected":false},"excerpt":{"rendered":"<p>11 W spuldze ar G23 (2 pin) cokolu, kas nodro\u0161ina 900 l\u016bmenu v\u0113si baltu (4000K) apgaismojumu. Piem\u0113rota birojiem, sabiedrisk\u0101m un cit\u0101m iek\u0161telp\u0101m, kur nepiecie\u0161ams uzticams un regul\u0113jams apgaismojums.<\/p>\n","protected":false},"featured_media":104163,"comment_status":"closed","ping_status":"closed","template":"","meta":{"inline_featured_image":false},"product_cat":[868],"product_tag":[],"yst_prominent_words":[],"class_list":{"0":"post-102154","1":"product","2":"type-product","3":"status-publish","4":"has-post-thumbnail","6":"product_cat-g23-spuldzes-cf-kompaktas-spuldzes-luminiscentas-spuldzes-spuldzes","8":"first","9":"instock","10":"taxable","11":"shipping-taxable","12":"purchasable","13":"product-type-simple"},"jetpack_sharing_enabled":true,"_links":{"self":[{"href":"https:\/\/ddt.lv\/lv\/wp-json\/wp\/v2\/product\/102154"}],"collection":[{"href":"https:\/\/ddt.lv\/lv\/wp-json\/wp\/v2\/product"}],"about":[{"href":"https:\/\/ddt.lv\/lv\/wp-json\/wp\/v2\/types\/product"}],"replies":[{"embeddable":true,"href":"https:\/\/ddt.lv\/lv\/wp-json\/wp\/v2\/comments?post=102154"}],"wp:featuredmedia":[{"embeddable":true,"href":"https:\/\/ddt.lv\/lv\/wp-json\/wp\/v2\/media\/104163"}],"wp:attachment":[{"href":"https:\/\/ddt.lv\/lv\/wp-json\/wp\/v2\/media?parent=102154"}],"wp:term":[{"taxonomy":"product_cat","embeddable":true,"href":"https:\/\/ddt.lv\/lv\/wp-json\/wp\/v2\/product_cat?post=102154"},{"taxonomy":"product_tag","embeddable":true,"href":"https:\/\/ddt.lv\/lv\/wp-json\/wp\/v2\/product_tag?post=102154"},{"taxonomy":"yst_prominent_words","embeddable":true,"href":"https:\/\/ddt.lv\/lv\/wp-json\/wp\/v2\/yst_prominent_words?post=102154"}],"curies":[{"name":"wp","href":"https:\/\/api.w.org\/{rel}","templated":true}]}}