{"id":102153,"date":"2026-02-11T23:35:31","date_gmt":"2026-02-11T21:35:31","guid":{"rendered":"https:\/\/ddt.lv\/lv\/product\/fl-he-14w-840-t5-spl-luminiscenta-spuldze\/"},"modified":"2026-04-13T10:06:33","modified_gmt":"2026-04-13T07:06:33","slug":"fl-he-14w-840-t5-spl-luminiscenta-spuldze","status":"publish","type":"product","link":"https:\/\/ddt.lv\/lv\/product\/fl-he-14w-840-t5-spl-luminiscenta-spuldze\/","title":{"rendered":"FL HE 14W\/840 T5 SPL luminiscent\u0101 spuldze"},"content":{"rendered":"<p><\/p>\n<h2 data-start=\"135\" data-end=\"192\">Luminiscences lampa T5 14W HE G5 840 \u2013 4000K, 20 000 h<\/h2>\n<p data-start=\"194\" data-end=\"443\"><strong data-start=\"194\" data-end=\"240\">T5 luminiscences lampa 14W HE ar G5 cokolu<\/strong> ir energoefekt\u012bvs apgaismojuma risin\u0101jums birojiem, veikaliem un industri\u0101l\u0101m telp\u0101m. Kr\u0101sas temperat\u016bra <strong data-start=\"346\" data-end=\"385\">840 (4000K \u2013 neitr\u0101li balta gaisma)<\/strong> nodro\u0161ina dabisku un komfortablu apgaismojumu darba vid\u0113.<\/p>\n<p data-start=\"445\" data-end=\"646\">Ar ilgu kalpo\u0161anas laiku l\u012bdz <strong data-start=\"475\" data-end=\"493\">20 000 stund\u0101m<\/strong>, \u0161\u012b <strong data-start=\"498\" data-end=\"513\">T5 G5 lampa<\/strong> garant\u0113 uzticamu un ekonomisku darb\u012bbu. Piem\u0113rota profesion\u0101l\u0101m apgaismojuma sist\u0113m\u0101m ar augstu efektivit\u0101ti (HE \u2013 High Efficiency).<\/p>\n<p data-start=\"648\" data-end=\"670\"><strong data-start=\"648\" data-end=\"670\">Galven\u0101s \u012bpa\u0161\u012bbas:<\/strong><\/p>\n<ul data-start=\"671\" data-end=\"875\">\n<li data-start=\"671\" data-end=\"686\">\n<p data-start=\"673\" data-end=\"686\">Jauda: 14 W<\/p>\n<\/li>\n<li data-start=\"687\" data-end=\"720\">\n<p data-start=\"689\" data-end=\"720\">Tips: T5 HE (High Efficiency)<\/p>\n<\/li>\n<li data-start=\"721\" data-end=\"735\">\n<p data-start=\"723\" data-end=\"735\">Cokols: G5<\/p>\n<\/li>\n<li data-start=\"736\" data-end=\"782\">\n<p data-start=\"738\" data-end=\"782\">Gaismas kr\u0101sa: 840 (4000K, neitr\u0101li balta)<\/p>\n<\/li>\n<li data-start=\"783\" data-end=\"824\">\n<p data-start=\"785\" data-end=\"824\">Kalpo\u0161anas laiks: l\u012bdz 20 000 stund\u0101m<\/p>\n<\/li>\n<li data-start=\"825\" data-end=\"875\">\n<p data-start=\"827\" data-end=\"875\">Piem\u0113rota birojiem, noliktav\u0101m un komerctelp\u0101m<\/p>\n<\/li>\n<\/ul>\n<p><\/p>","protected":false},"excerpt":{"rendered":"<p>Luminiscences lampa T5 14W HE G5 840 \u2013 4000K, 20 000 h T5 luminiscences lampa 14W HE ar G5 cokolu ir energoefekt\u012bvs apgaismojuma risin\u0101jums birojiem, veikaliem un industri\u0101l\u0101m telp\u0101m. Kr\u0101sas temperat\u016bra 840 (4000K \u2013 neitr\u0101li balta gaisma) nodro\u0161ina dabisku un komfortablu apgaismojumu darba vid\u0113. Ar ilgu kalpo\u0161anas laiku l\u012bdz 20 000 stund\u0101m, \u0161\u012b T5 G5 [&hellip;]<\/p>\n","protected":false},"featured_media":102226,"comment_status":"closed","ping_status":"closed","template":"","meta":{"inline_featured_image":false},"product_cat":[860],"product_tag":[],"yst_prominent_words":[],"class_list":{"0":"post-102153","1":"product","2":"type-product","3":"status-publish","4":"has-post-thumbnail","6":"product_cat-t5-spuldzes-luminiscentas-spuldzes-spuldzes","8":"first","9":"instock","10":"taxable","11":"shipping-taxable","12":"purchasable","13":"product-type-simple"},"jetpack_sharing_enabled":true,"_links":{"self":[{"href":"https:\/\/ddt.lv\/lv\/wp-json\/wp\/v2\/product\/102153"}],"collection":[{"href":"https:\/\/ddt.lv\/lv\/wp-json\/wp\/v2\/product"}],"about":[{"href":"https:\/\/ddt.lv\/lv\/wp-json\/wp\/v2\/types\/product"}],"replies":[{"embeddable":true,"href":"https:\/\/ddt.lv\/lv\/wp-json\/wp\/v2\/comments?post=102153"}],"wp:featuredmedia":[{"embeddable":true,"href":"https:\/\/ddt.lv\/lv\/wp-json\/wp\/v2\/media\/102226"}],"wp:attachment":[{"href":"https:\/\/ddt.lv\/lv\/wp-json\/wp\/v2\/media?parent=102153"}],"wp:term":[{"taxonomy":"product_cat","embeddable":true,"href":"https:\/\/ddt.lv\/lv\/wp-json\/wp\/v2\/product_cat?post=102153"},{"taxonomy":"product_tag","embeddable":true,"href":"https:\/\/ddt.lv\/lv\/wp-json\/wp\/v2\/product_tag?post=102153"},{"taxonomy":"yst_prominent_words","embeddable":true,"href":"https:\/\/ddt.lv\/lv\/wp-json\/wp\/v2\/yst_prominent_words?post=102153"}],"curies":[{"name":"wp","href":"https:\/\/api.w.org\/{rel}","templated":true}]}}