{"id":102152,"date":"2026-02-11T23:35:31","date_gmt":"2026-02-11T21:35:31","guid":{"rendered":"https:\/\/ddt.lv\/lv\/product\/fl-13w-840-t5-spl-luminiscenta-spuldze\/"},"modified":"2026-04-14T10:55:18","modified_gmt":"2026-04-14T07:55:18","slug":"fl-13w-840-t5-spl-luminiscenta-spuldze","status":"publish","type":"product","link":"https:\/\/ddt.lv\/lv\/product\/fl-13w-840-t5-spl-luminiscenta-spuldze\/","title":{"rendered":"FL 13W\/840 T5 SPL luminiscent\u0101 spuldze"},"content":{"rendered":"<p><\/p>\n<h2 data-start=\"137\" data-end=\"211\">Luminiscences lampa T5 13W 21&#8243; 840 \u2013 4000K, neitr\u0101li balta (Cool White)<\/h2>\n<p data-start=\"213\" data-end=\"477\"><strong data-start=\"213\" data-end=\"264\">T5 luminiscences lampa 13W ar 840 (4000K) kr\u0101su<\/strong> nodro\u0161ina spilgtu un vienm\u0113r\u012bgu <strong data-start=\"297\" data-end=\"328\">neitr\u0101li baltu (Cool White)<\/strong>apgaismojumu. T\u0101 ir piem\u0113rota birojiem, veikaliem, skol\u0101m un cit\u0101m darba telp\u0101m, kur nepiecie\u0161ama laba redzam\u012bba un koncentr\u0113\u0161an\u0101s veicino\u0161a gaisma.<\/p>\n<p data-start=\"479\" data-end=\"629\">Lampas garums <strong data-start=\"493\" data-end=\"523\">21 colla (aptuveni 517 mm)<\/strong> atbilst standarta T5 13W form\u0101tam. Energoefekt\u012bva un uzticama izv\u0113le profesion\u0101l\u0101m apgaismojuma sist\u0113m\u0101m.<\/p>\n<p data-start=\"631\" data-end=\"653\"><strong data-start=\"631\" data-end=\"653\">Galven\u0101s \u012bpa\u0161\u012bbas:<\/strong><\/p>\n<ul data-start=\"654\" data-end=\"829\">\n<li data-start=\"654\" data-end=\"669\">\n<p data-start=\"656\" data-end=\"669\">Jauda: 13 W<\/p>\n<\/li>\n<li data-start=\"670\" data-end=\"682\">\n<p data-start=\"672\" data-end=\"682\">Tips: T5<\/p>\n<\/li>\n<li data-start=\"683\" data-end=\"709\">\n<p data-start=\"685\" data-end=\"709\">Garums: 21&#8243; (\u2248 517 mm)<\/p>\n<\/li>\n<li data-start=\"710\" data-end=\"769\">\n<p data-start=\"712\" data-end=\"769\">Gaismas kr\u0101sa: 840 (4000K, neitr\u0101li balta \/ Cool White)<\/p>\n<\/li>\n<li data-start=\"770\" data-end=\"829\">\n<p data-start=\"772\" data-end=\"829\">Piem\u0113rota birojiem, komerctelp\u0101m un izgl\u012bt\u012bbas iest\u0101d\u0113m<\/p>\n<\/li>\n<\/ul>\n<p><\/p>","protected":false},"excerpt":{"rendered":"<p>Luminiscences lampa T5 13W 21&#8243; 840 \u2013 4000K, neitr\u0101li balta (Cool White) T5 luminiscences lampa 13W ar 840 (4000K) kr\u0101su nodro\u0161ina spilgtu un vienm\u0113r\u012bgu neitr\u0101li baltu (Cool White)apgaismojumu. T\u0101 ir piem\u0113rota birojiem, veikaliem, skol\u0101m un cit\u0101m darba telp\u0101m, kur nepiecie\u0161ama laba redzam\u012bba un koncentr\u0113\u0161an\u0101s veicino\u0161a gaisma. Lampas garums 21 colla (aptuveni 517 mm) atbilst standarta [&hellip;]<\/p>\n","protected":false},"featured_media":102226,"comment_status":"closed","ping_status":"closed","template":"","meta":{"inline_featured_image":false},"product_cat":[860],"product_tag":[],"yst_prominent_words":[],"class_list":{"0":"post-102152","1":"product","2":"type-product","3":"status-publish","4":"has-post-thumbnail","6":"product_cat-t5-spuldzes-luminiscentas-spuldzes-spuldzes","8":"first","9":"instock","10":"taxable","11":"shipping-taxable","12":"purchasable","13":"product-type-simple"},"jetpack_sharing_enabled":true,"_links":{"self":[{"href":"https:\/\/ddt.lv\/lv\/wp-json\/wp\/v2\/product\/102152"}],"collection":[{"href":"https:\/\/ddt.lv\/lv\/wp-json\/wp\/v2\/product"}],"about":[{"href":"https:\/\/ddt.lv\/lv\/wp-json\/wp\/v2\/types\/product"}],"replies":[{"embeddable":true,"href":"https:\/\/ddt.lv\/lv\/wp-json\/wp\/v2\/comments?post=102152"}],"wp:featuredmedia":[{"embeddable":true,"href":"https:\/\/ddt.lv\/lv\/wp-json\/wp\/v2\/media\/102226"}],"wp:attachment":[{"href":"https:\/\/ddt.lv\/lv\/wp-json\/wp\/v2\/media?parent=102152"}],"wp:term":[{"taxonomy":"product_cat","embeddable":true,"href":"https:\/\/ddt.lv\/lv\/wp-json\/wp\/v2\/product_cat?post=102152"},{"taxonomy":"product_tag","embeddable":true,"href":"https:\/\/ddt.lv\/lv\/wp-json\/wp\/v2\/product_tag?post=102152"},{"taxonomy":"yst_prominent_words","embeddable":true,"href":"https:\/\/ddt.lv\/lv\/wp-json\/wp\/v2\/yst_prominent_words?post=102152"}],"curies":[{"name":"wp","href":"https:\/\/api.w.org\/{rel}","templated":true}]}}