{"id":102151,"date":"2026-02-11T23:35:31","date_gmt":"2026-02-11T21:35:31","guid":{"rendered":"https:\/\/ddt.lv\/lv\/product\/fl-he-21w-840-t5-spl-luminiscenta-spuldze\/"},"modified":"2026-04-13T11:50:33","modified_gmt":"2026-04-13T08:50:33","slug":"fl-he-21w-840-t5-spl-luminiscenta-spuldze","status":"publish","type":"product","link":"https:\/\/ddt.lv\/lv\/product\/fl-he-21w-840-t5-spl-luminiscenta-spuldze\/","title":{"rendered":"FL HE 21W\/840 T5 SPL  luminiscent\u0101 spuldze"},"content":{"rendered":"<p><\/p>\n<h2 data-start=\"122\" data-end=\"192\">Luminiscences lampa T5 21W HE G5 840 \u2013 4000K, 20 000 h, 16 \u00d7 849 mm<\/h2>\n<p data-start=\"194\" data-end=\"432\"><strong data-start=\"194\" data-end=\"240\">T5 luminiscences lampa 21W HE ar G5 cokolu<\/strong> ir energoefekt\u012bvs risin\u0101jums biroju, tirdzniec\u012bbas un industri\u0101lo telpu apgaismojumam. Gaismas kr\u0101sa <strong data-start=\"342\" data-end=\"374\">840 (4000K \u2013 neitr\u0101li balta)<\/strong> nodro\u0161ina dabisku un komfortablu apgaismojumu darba vid\u0113.<\/p>\n<p data-start=\"434\" data-end=\"679\">Lampas izm\u0113ri <strong data-start=\"448\" data-end=\"482\">16 mm diametrs \u00d7 849 mm garums<\/strong> atbilst standarta <strong data-start=\"501\" data-end=\"511\">T5 21W<\/strong> form\u0101tam. Ar kalpo\u0161anas laiku l\u012bdz <strong data-start=\"547\" data-end=\"565\">20 000 stund\u0101m<\/strong>, \u0161\u012b <strong data-start=\"570\" data-end=\"597\">T5 HE (High Efficiency)<\/strong> lampa garant\u0113 uzticamu un ekonomisku darb\u012bbu profesion\u0101l\u0101s apgaismojuma sist\u0113m\u0101s.<\/p>\n<p data-start=\"681\" data-end=\"703\"><strong data-start=\"681\" data-end=\"703\">Galven\u0101s \u012bpa\u0161\u012bbas:<\/strong><\/p>\n<ul data-start=\"704\" data-end=\"936\">\n<li data-start=\"704\" data-end=\"719\">\n<p data-start=\"706\" data-end=\"719\">Jauda: 21 W<\/p>\n<\/li>\n<li data-start=\"720\" data-end=\"753\">\n<p data-start=\"722\" data-end=\"753\">Tips: T5 HE (High Efficiency)<\/p>\n<\/li>\n<li data-start=\"754\" data-end=\"768\">\n<p data-start=\"756\" data-end=\"768\">Cokols: G5<\/p>\n<\/li>\n<li data-start=\"769\" data-end=\"815\">\n<p data-start=\"771\" data-end=\"815\">Gaismas kr\u0101sa: 840 (4000K, neitr\u0101li balta)<\/p>\n<\/li>\n<li data-start=\"816\" data-end=\"843\">\n<p data-start=\"818\" data-end=\"843\">Izm\u0113ri: <strong data-start=\"826\" data-end=\"841\">16 \u00d7 849 mm<\/strong><\/p>\n<\/li>\n<li data-start=\"844\" data-end=\"885\">\n<p data-start=\"846\" data-end=\"885\">Kalpo\u0161anas laiks: l\u012bdz 20 000 stund\u0101m<\/p>\n<\/li>\n<li data-start=\"886\" data-end=\"936\">\n<p data-start=\"888\" data-end=\"936\">Piem\u0113rota birojiem, noliktav\u0101m un komerctelp\u0101m<\/p>\n<\/li>\n<\/ul>\n<p><\/p>","protected":false},"excerpt":{"rendered":"<p>Luminiscences lampa T5 21W HE G5 840 \u2013 4000K, 20 000 h, 16 \u00d7 849 mm T5 luminiscences lampa 21W HE ar G5 cokolu ir energoefekt\u012bvs risin\u0101jums biroju, tirdzniec\u012bbas un industri\u0101lo telpu apgaismojumam. Gaismas kr\u0101sa 840 (4000K \u2013 neitr\u0101li balta) nodro\u0161ina dabisku un komfortablu apgaismojumu darba vid\u0113. Lampas izm\u0113ri 16 mm diametrs \u00d7 849 mm [&hellip;]<\/p>\n","protected":false},"featured_media":102226,"comment_status":"closed","ping_status":"closed","template":"","meta":{"inline_featured_image":false},"product_cat":[860],"product_tag":[],"yst_prominent_words":[],"class_list":{"0":"post-102151","1":"product","2":"type-product","3":"status-publish","4":"has-post-thumbnail","6":"product_cat-t5-spuldzes-luminiscentas-spuldzes-spuldzes","8":"first","9":"instock","10":"taxable","11":"shipping-taxable","12":"purchasable","13":"product-type-simple"},"jetpack_sharing_enabled":true,"_links":{"self":[{"href":"https:\/\/ddt.lv\/lv\/wp-json\/wp\/v2\/product\/102151"}],"collection":[{"href":"https:\/\/ddt.lv\/lv\/wp-json\/wp\/v2\/product"}],"about":[{"href":"https:\/\/ddt.lv\/lv\/wp-json\/wp\/v2\/types\/product"}],"replies":[{"embeddable":true,"href":"https:\/\/ddt.lv\/lv\/wp-json\/wp\/v2\/comments?post=102151"}],"wp:featuredmedia":[{"embeddable":true,"href":"https:\/\/ddt.lv\/lv\/wp-json\/wp\/v2\/media\/102226"}],"wp:attachment":[{"href":"https:\/\/ddt.lv\/lv\/wp-json\/wp\/v2\/media?parent=102151"}],"wp:term":[{"taxonomy":"product_cat","embeddable":true,"href":"https:\/\/ddt.lv\/lv\/wp-json\/wp\/v2\/product_cat?post=102151"},{"taxonomy":"product_tag","embeddable":true,"href":"https:\/\/ddt.lv\/lv\/wp-json\/wp\/v2\/product_tag?post=102151"},{"taxonomy":"yst_prominent_words","embeddable":true,"href":"https:\/\/ddt.lv\/lv\/wp-json\/wp\/v2\/yst_prominent_words?post=102151"}],"curies":[{"name":"wp","href":"https:\/\/api.w.org\/{rel}","templated":true}]}}