{"id":102134,"date":"2026-02-11T20:25:24","date_gmt":"2026-02-11T18:25:24","guid":{"rendered":"https:\/\/ddt.lv\/lv\/product\/led-spuldze-basic-mini-globe-e14-94-w-60-w-806-lm-silti-balta\/"},"modified":"2026-04-13T15:10:31","modified_gmt":"2026-04-13T12:10:31","slug":"led-spuldze-basic-mini-globe-e14-94-w-60-w-806-lm-silti-balta","status":"publish","type":"product","link":"https:\/\/ddt.lv\/lv\/product\/led-spuldze-basic-mini-globe-e14-94-w-60-w-806-lm-silti-balta\/","title":{"rendered":"LED spuldze Basic Mini Globe E14 9,4 W (60 W) \u2013 806 lm, silti balta"},"content":{"rendered":"<p><\/p>\n<h2 data-start=\"201\" data-end=\"259\">LED spuldze Basic Mini Globe E14 9,4W 806lm silti balta<\/h2>\n<p data-start=\"261\" data-end=\"489\">Basic Mini Globe LED spuldze ar E14 cokolu nodro\u0161ina pat\u012bkamu silti baltu apgaismojumu, kas rada m\u0101j\u012bgu un komfortablu atmosf\u0113ru dz\u012bvojam\u0101s telp\u0101s. 806 l\u016bmenu gaismas pl\u016bsma nodro\u0161ina pietiekamu apgaismojumu ikdienas lieto\u0161anai.<\/p>\n<p data-start=\"491\" data-end=\"779\">Ar 9,4W pat\u0113ri\u0146u \u0161\u012b LED spuldze pied\u0101v\u0101 b\u016btisku ener\u0123ijas ietaup\u012bjumu sal\u012bdzin\u0101jum\u0101 ar tradicion\u0101laj\u0101m kv\u0113lspuldz\u0113m, vienlaikus nodro\u0161inot l\u012bdzv\u0113rt\u012bgu apgaismojumu. Kompakt\u0101 Mini Globe forma ir \u012bpa\u0161i piem\u0113rota galda lamp\u0101m, sienas gaismek\u013ciem un dekorat\u012bvajiem gaismek\u013ciem ar E14 patronu.<\/p>\n<h3 data-start=\"781\" data-end=\"803\">Galven\u0101s \u012bpa\u0161\u012bbas:<\/h3>\n<p data-start=\"805\" data-end=\"1069\">\u2022 Jauda 9,4W<br data-start=\"817\" data-end=\"820\" \/>\u2022 Gaismas pl\u016bsma 806 lm<br data-start=\"843\" data-end=\"846\" \/>\u2022 Gaismas kr\u0101sa silti balta<br data-start=\"873\" data-end=\"876\" \/>\u2022 Cokols E14<br data-start=\"888\" data-end=\"891\" \/>\u2022 Forma Mini Globe<br data-start=\"909\" data-end=\"912\" \/>\u2022 Ekvivalents kv\u0113lspuldzei apm\u0113ram 60W<br data-start=\"950\" data-end=\"953\" \/>\u2022 Energoefekt\u012bva LED tehnolo\u0123ija<br data-start=\"985\" data-end=\"988\" \/>\u2022 Vienm\u0113r\u012bga gaismas izkliede<br data-start=\"1017\" data-end=\"1020\" \/>\u2022 Piem\u0113rota m\u0101jai un dekorat\u012bvajiem gaismek\u013ciem<\/p>\n<p><\/p>","protected":false},"excerpt":{"rendered":"<p>LED spuldze Basic Mini Globe E14 9,4W 806lm silti balta Basic Mini Globe LED spuldze ar E14 cokolu nodro\u0161ina pat\u012bkamu silti baltu apgaismojumu, kas rada m\u0101j\u012bgu un komfortablu atmosf\u0113ru dz\u012bvojam\u0101s telp\u0101s. 806 l\u016bmenu gaismas pl\u016bsma nodro\u0161ina pietiekamu apgaismojumu ikdienas lieto\u0161anai. Ar 9,4W pat\u0113ri\u0146u \u0161\u012b LED spuldze pied\u0101v\u0101 b\u016btisku ener\u0123ijas ietaup\u012bjumu sal\u012bdzin\u0101jum\u0101 ar tradicion\u0101laj\u0101m kv\u0113lspuldz\u0113m, vienlaikus [&hellip;]<\/p>\n","protected":false},"featured_media":102128,"comment_status":"closed","ping_status":"closed","template":"","meta":{"inline_featured_image":false},"product_cat":[772,851],"product_tag":[],"yst_prominent_words":[],"class_list":{"0":"post-102134","1":"product","2":"type-product","3":"status-publish","4":"has-post-thumbnail","6":"product_cat-atlaides","7":"product_cat-e14-spuldzes","9":"first","10":"instock","11":"sale","12":"taxable","13":"shipping-taxable","14":"purchasable","15":"product-type-simple"},"jetpack_sharing_enabled":true,"_links":{"self":[{"href":"https:\/\/ddt.lv\/lv\/wp-json\/wp\/v2\/product\/102134"}],"collection":[{"href":"https:\/\/ddt.lv\/lv\/wp-json\/wp\/v2\/product"}],"about":[{"href":"https:\/\/ddt.lv\/lv\/wp-json\/wp\/v2\/types\/product"}],"replies":[{"embeddable":true,"href":"https:\/\/ddt.lv\/lv\/wp-json\/wp\/v2\/comments?post=102134"}],"wp:featuredmedia":[{"embeddable":true,"href":"https:\/\/ddt.lv\/lv\/wp-json\/wp\/v2\/media\/102128"}],"wp:attachment":[{"href":"https:\/\/ddt.lv\/lv\/wp-json\/wp\/v2\/media?parent=102134"}],"wp:term":[{"taxonomy":"product_cat","embeddable":true,"href":"https:\/\/ddt.lv\/lv\/wp-json\/wp\/v2\/product_cat?post=102134"},{"taxonomy":"product_tag","embeddable":true,"href":"https:\/\/ddt.lv\/lv\/wp-json\/wp\/v2\/product_tag?post=102134"},{"taxonomy":"yst_prominent_words","embeddable":true,"href":"https:\/\/ddt.lv\/lv\/wp-json\/wp\/v2\/yst_prominent_words?post=102134"}],"curies":[{"name":"wp","href":"https:\/\/api.w.org\/{rel}","templated":true}]}}