{"id":101697,"date":"2026-02-09T09:05:53","date_gmt":"2026-02-09T07:05:53","guid":{"rendered":"https:\/\/ddt.lv\/lv\/product\/russkij-powerbank-betaq10-20-000-mach-ch-micro-usb-a-usb-c-chernyj-emos-2\/"},"modified":"2026-04-13T10:06:10","modified_gmt":"2026-04-13T07:06:10","slug":"russkij-powerbank-betaq10-20-000-mach-ch-micro-usb-a-usb-c-chernyj-emos-2","status":"publish","type":"product","link":"https:\/\/ddt.lv\/lv\/product\/powerbank-ntbf30-27-000mah-100w-pd-usb-a-2xusb-c-melns-emos\/","title":{"rendered":"Powerbank NTBF30 27 000mAh 100W PD USB-A\/2xUSB-C melns EMOS"},"content":{"rendered":"<p><\/p>\n<h3 data-start=\"97\" data-end=\"153\">Ener\u0123ija vienm\u0113r pa rokai \u2013 ar\u012b portat\u012bvajam datoram<\/h3>\n<h2 data-start=\"127\" data-end=\"194\">Power banka 27 000 mAh ar \u0101tro uzl\u0101di<\/h2>\n<p data-start=\"196\" data-end=\"448\">Jaud\u012bga <strong data-start=\"204\" data-end=\"230\">power banka 27 000 mAh<\/strong> ar \u0101tr\u0101s uzl\u0101des tehnolo\u0123iju, kas paredz\u0113ta ne tikai viedt\u0101lru\u0146u, bet ar\u012b <strong data-start=\"305\" data-end=\"333\">portat\u012bvo datoru uzl\u0101dei<\/strong>. Ide\u0101ls risin\u0101jums ce\u013cojumiem, darbam, skolai un ikdienas lieto\u0161anai, kad nepiecie\u0161ama uzticama rezerves ener\u0123ija.<\/p>\n<p data-start=\"450\" data-end=\"753\">\u0100r\u0113j\u0101 baterija nodro\u0161ina <strong data-start=\"475\" data-end=\"502\">\u0101tru un efekt\u012bvu uzl\u0101di<\/strong>, autom\u0101tiski iesl\u0113dzas un izsl\u0113dzas, k\u0101 ar\u012b ir vienm\u0113r gatava lieto\u0161anai. Ieb\u016bv\u0113tais <strong data-start=\"588\" data-end=\"600\">displejs<\/strong> \u013cauj \u0113rti kontrol\u0113t uzl\u0101des l\u012bmeni, savuk\u0101rt <strong data-start=\"646\" data-end=\"670\">passthrough funkcija<\/strong> nodro\u0161ina iesp\u0113ju vienlaikus uzl\u0101d\u0113t gan power banku, gan tai pievienot\u0101s ier\u012bces.<\/p>\n<p data-start=\"755\" data-end=\"932\">Power banka ir <strong data-start=\"770\" data-end=\"817\">at\u013cauta p\u0101rvad\u0101\u0161anai rokas bag\u0101\u017e\u0101 lidma\u0161\u012bn\u0101<\/strong>, padarot to par lielisku sabiedroto ce\u013cojumos. Ar <strong data-start=\"868\" data-end=\"884\">3 USB izej\u0101m<\/strong> iesp\u0113jams vienlaikus uzl\u0101d\u0113t l\u012bdz trim ier\u012bc\u0113m.<\/p>\n<h3 data-start=\"934\" data-end=\"956\">Galven\u0101s \u012bpa\u0161\u012bbas:<\/h3>\n<ul data-start=\"957\" data-end=\"1195\">\n<li data-start=\"957\" data-end=\"984\">\n<p data-start=\"959\" data-end=\"984\">Ietilp\u012bba: <strong data-start=\"970\" data-end=\"984\">27 000 mAh<\/strong><\/p>\n<\/li>\n<li data-start=\"985\" data-end=\"1025\">\n<p data-start=\"987\" data-end=\"1025\">Piem\u0113rota <strong data-start=\"997\" data-end=\"1025\">portat\u012bvo datoru uzl\u0101dei<\/strong><\/p>\n<\/li>\n<li data-start=\"1026\" data-end=\"1043\">\n<p data-start=\"1028\" data-end=\"1043\"><strong data-start=\"1028\" data-end=\"1043\">\u0100tr\u0101 uzl\u0101de<\/strong><\/p>\n<\/li>\n<li data-start=\"1044\" data-end=\"1082\">\n<p data-start=\"1046\" data-end=\"1082\">Ieb\u016bv\u0113ts <strong data-start=\"1055\" data-end=\"1082\">uzl\u0101des l\u012bme\u0146a displejs<\/strong><\/p>\n<\/li>\n<li data-start=\"1083\" data-end=\"1107\">\n<p data-start=\"1085\" data-end=\"1107\"><strong data-start=\"1085\" data-end=\"1107\">Passthrough uzl\u0101de<\/strong><\/p>\n<\/li>\n<li data-start=\"1108\" data-end=\"1126\">\n<p data-start=\"1110\" data-end=\"1126\"><strong data-start=\"1110\" data-end=\"1126\">3 USB izejas<\/strong><\/p>\n<\/li>\n<li data-start=\"1127\" data-end=\"1153\">\n<p data-start=\"1129\" data-end=\"1153\">At\u013cauta <strong data-start=\"1137\" data-end=\"1153\">rokas bag\u0101\u017e\u0101<\/strong><\/p>\n<\/li>\n<li data-start=\"1154\" data-end=\"1195\">\n<p data-start=\"1156\" data-end=\"1195\">Piem\u0113rota ce\u013cojumiem, darbam un m\u0101c\u012bb\u0101m<\/p>\n<\/li>\n<\/ul>\n<h3 data-start=\"1197\" data-end=\"1233\">K\u0101p\u0113c izv\u0113l\u0113ties \u0161o power banku?<\/h3>\n<p data-start=\"1234\" data-end=\"1378\">\u0160\u012b <strong data-start=\"1237\" data-end=\"1263\">jaud\u012bg\u0101 \u0101r\u0113j\u0101 baterija<\/strong> apvieno lielu ietilp\u012bbu, \u0101tru uzl\u0101di un \u0113rtu lieto\u0161anu, nodro\u0161inot ener\u0123iju vis\u0101m tav\u0101m ier\u012bc\u0113m jebkur\u0101 situ\u0101cij\u0101.<\/p>\n<p><\/p>","protected":false},"excerpt":{"rendered":"<p>Ener\u0123ija vienm\u0113r pa rokai \u2013 ar\u012b portat\u012bvajam datoram Power banka 27 000 mAh ar \u0101tro uzl\u0101di Jaud\u012bga power banka 27 000 mAh ar \u0101tr\u0101s uzl\u0101des tehnolo\u0123iju, kas paredz\u0113ta ne tikai viedt\u0101lru\u0146u, bet ar\u012b portat\u012bvo datoru uzl\u0101dei. Ide\u0101ls risin\u0101jums ce\u013cojumiem, darbam, skolai un ikdienas lieto\u0161anai, kad nepiecie\u0161ama uzticama rezerves ener\u0123ija. \u0100r\u0113j\u0101 baterija nodro\u0161ina \u0101tru un efekt\u012bvu [&hellip;]<\/p>\n","protected":false},"featured_media":101780,"comment_status":"closed","ping_status":"closed","template":"","meta":{"inline_featured_image":false},"product_cat":[772,460],"product_tag":[],"yst_prominent_words":[],"class_list":{"0":"post-101697","1":"product","2":"type-product","3":"status-publish","4":"has-post-thumbnail","6":"product_cat-atlaides","7":"product_cat-uzlades-stacijas","9":"first","10":"instock","11":"sale","12":"taxable","13":"shipping-taxable","14":"purchasable","15":"product-type-simple"},"jetpack_sharing_enabled":true,"_links":{"self":[{"href":"https:\/\/ddt.lv\/lv\/wp-json\/wp\/v2\/product\/101697"}],"collection":[{"href":"https:\/\/ddt.lv\/lv\/wp-json\/wp\/v2\/product"}],"about":[{"href":"https:\/\/ddt.lv\/lv\/wp-json\/wp\/v2\/types\/product"}],"replies":[{"embeddable":true,"href":"https:\/\/ddt.lv\/lv\/wp-json\/wp\/v2\/comments?post=101697"}],"wp:featuredmedia":[{"embeddable":true,"href":"https:\/\/ddt.lv\/lv\/wp-json\/wp\/v2\/media\/101780"}],"wp:attachment":[{"href":"https:\/\/ddt.lv\/lv\/wp-json\/wp\/v2\/media?parent=101697"}],"wp:term":[{"taxonomy":"product_cat","embeddable":true,"href":"https:\/\/ddt.lv\/lv\/wp-json\/wp\/v2\/product_cat?post=101697"},{"taxonomy":"product_tag","embeddable":true,"href":"https:\/\/ddt.lv\/lv\/wp-json\/wp\/v2\/product_tag?post=101697"},{"taxonomy":"yst_prominent_words","embeddable":true,"href":"https:\/\/ddt.lv\/lv\/wp-json\/wp\/v2\/yst_prominent_words?post=101697"}],"curies":[{"name":"wp","href":"https:\/\/api.w.org\/{rel}","templated":true}]}}