{"id":101696,"date":"2026-02-09T09:05:52","date_gmt":"2026-02-09T07:05:52","guid":{"rendered":"https:\/\/ddt.lv\/lv\/product\/russkij-powerbank-betaq10-20-000-mach-ch-micro-usb-a-usb-c-chernyj-emos\/"},"modified":"2026-04-13T10:06:09","modified_gmt":"2026-04-13T07:06:09","slug":"russkij-powerbank-betaq10-20-000-mach-ch-micro-usb-a-usb-c-chernyj-emos","status":"publish","type":"product","link":"https:\/\/ddt.lv\/lv\/product\/powerbank-ntbf20-20-000mah-65w-pd-usb-a-usb-c-melns-emos\/","title":{"rendered":"Powerbank NTBF20 20 000mAh 65W PD USB-A\/USB-C melns EMOS"},"content":{"rendered":"<p><\/p>\n<h2 data-start=\"152\" data-end=\"207\">Ener\u0123ija vienm\u0113r pa rokai \u2013 ar\u012b portat\u012bvajam datoram<\/h2>\n<p data-start=\"209\" data-end=\"453\">Kompakta, bet jaud\u012bga <strong data-start=\"231\" data-end=\"257\">power banka 20 000 mAh<\/strong>, kas uzticami uzl\u0101d\u0113 ne tikai viedt\u0101lruni, bet ar\u012b <strong data-start=\"309\" data-end=\"329\">portat\u012bvo datoru<\/strong>. Ide\u0101ls risin\u0101jums ce\u013cojumiem, darbam, skolai un ikdienas lieto\u0161anai, kad nepiecie\u0161ama dro\u0161a un pieejama rezerves ener\u0123ija.<\/p>\n<p data-start=\"455\" data-end=\"656\">Pateicoties <strong data-start=\"467\" data-end=\"497\">\u0101tr\u0101s uzl\u0101des tehnolo\u0123ijai<\/strong>, ier\u012bces tiek uzl\u0101d\u0113tas \u0101tri un efekt\u012bvi. Power banka autom\u0101tiski iesl\u0113dzas un izsl\u0113dzas (<strong data-start=\"588\" data-end=\"603\">auto ON\/OFF<\/strong>), nodro\u0161inot \u0113rtu un gatavu lieto\u0161anu jebkur\u0101 br\u012bd\u012b.<\/p>\n<p data-start=\"658\" data-end=\"890\">Ieb\u016bv\u0113tais <strong data-start=\"669\" data-end=\"681\">displejs<\/strong> \u013cauj vienk\u0101r\u0161i p\u0101rbaud\u012bt aktu\u0101lo uzl\u0101des l\u012bmeni, savuk\u0101rt <strong data-start=\"740\" data-end=\"764\">passthrough funkcija<\/strong> dod iesp\u0113ju vienlaikus uzl\u0101d\u0113t gan pa\u0161u power banku, gan tai pievienot\u0101s ier\u012bces \u2013 ide\u0101li akt\u012bvai ikdienai un multitaskingam.<\/p>\n<p data-start=\"892\" data-end=\"1104\">Power banka ir <strong data-start=\"907\" data-end=\"944\">at\u013cauta p\u0101rvad\u0101\u0161anai rokas bag\u0101\u017e\u0101<\/strong>, t\u0101p\u0113c to var dro\u0161i \u0146emt l\u012bdzi lidma\u0161\u012bn\u0101. Ar <strong data-start=\"990\" data-end=\"1006\">2 USB izej\u0101m<\/strong> iesp\u0113jams vienlaikus uzl\u0101d\u0113t l\u012bdz div\u0101m ier\u012bc\u0113m \u2013 praktiska izv\u0113le ce\u013cojumiem, darbam un m\u0101c\u012bb\u0101m.<\/p>\n<p><\/p>","protected":false},"excerpt":{"rendered":"<p>Ener\u0123ija vienm\u0113r pa rokai \u2013 ar\u012b portat\u012bvajam datoram Kompakta, bet jaud\u012bga power banka 20 000 mAh, kas uzticami uzl\u0101d\u0113 ne tikai viedt\u0101lruni, bet ar\u012b portat\u012bvo datoru. Ide\u0101ls risin\u0101jums ce\u013cojumiem, darbam, skolai un ikdienas lieto\u0161anai, kad nepiecie\u0161ama dro\u0161a un pieejama rezerves ener\u0123ija. Pateicoties \u0101tr\u0101s uzl\u0101des tehnolo\u0123ijai, ier\u012bces tiek uzl\u0101d\u0113tas \u0101tri un efekt\u012bvi. Power banka autom\u0101tiski iesl\u0113dzas [&hellip;]<\/p>\n","protected":false},"featured_media":101787,"comment_status":"closed","ping_status":"closed","template":"","meta":{"inline_featured_image":false},"product_cat":[772,460],"product_tag":[],"yst_prominent_words":[],"class_list":{"0":"post-101696","1":"product","2":"type-product","3":"status-publish","4":"has-post-thumbnail","6":"product_cat-atlaides","7":"product_cat-uzlades-stacijas","9":"first","10":"instock","11":"sale","12":"taxable","13":"shipping-taxable","14":"purchasable","15":"product-type-simple"},"jetpack_sharing_enabled":true,"_links":{"self":[{"href":"https:\/\/ddt.lv\/lv\/wp-json\/wp\/v2\/product\/101696"}],"collection":[{"href":"https:\/\/ddt.lv\/lv\/wp-json\/wp\/v2\/product"}],"about":[{"href":"https:\/\/ddt.lv\/lv\/wp-json\/wp\/v2\/types\/product"}],"replies":[{"embeddable":true,"href":"https:\/\/ddt.lv\/lv\/wp-json\/wp\/v2\/comments?post=101696"}],"wp:featuredmedia":[{"embeddable":true,"href":"https:\/\/ddt.lv\/lv\/wp-json\/wp\/v2\/media\/101787"}],"wp:attachment":[{"href":"https:\/\/ddt.lv\/lv\/wp-json\/wp\/v2\/media?parent=101696"}],"wp:term":[{"taxonomy":"product_cat","embeddable":true,"href":"https:\/\/ddt.lv\/lv\/wp-json\/wp\/v2\/product_cat?post=101696"},{"taxonomy":"product_tag","embeddable":true,"href":"https:\/\/ddt.lv\/lv\/wp-json\/wp\/v2\/product_tag?post=101696"},{"taxonomy":"yst_prominent_words","embeddable":true,"href":"https:\/\/ddt.lv\/lv\/wp-json\/wp\/v2\/yst_prominent_words?post=101696"}],"curies":[{"name":"wp","href":"https:\/\/api.w.org\/{rel}","templated":true}]}}