{"id":101695,"date":"2026-02-09T09:02:29","date_gmt":"2026-02-09T07:02:29","guid":{"rendered":"https:\/\/ddt.lv\/lv\/product\/russkij-emos-powerbank-5000mah-chernyj\/"},"modified":"2026-04-20T10:30:21","modified_gmt":"2026-04-20T07:30:21","slug":"russkij-emos-powerbank-5000mah-chernyj","status":"publish","type":"product","link":"https:\/\/ddt.lv\/lv\/product\/powerbank-wi1046-10000-mah-20w-bezvadu-uzlade-usb-c-peleeka-krasa-emos\/","title":{"rendered":"Powerbank WI1046 10000 mAh 20W+Bezvadu uzl\u0101de USB-C pel\u0113ek\u0101 kr\u0101s\u0101 EMOS"},"content":{"rendered":"<p><\/p>\n<h2 data-start=\"162\" data-end=\"209\">Met\u0101la power banka 10 000 mAh ar \u0101tro uzl\u0101di<\/h2>\n<p data-start=\"211\" data-end=\"485\">Kompakta un iztur\u012bga <strong data-start=\"232\" data-end=\"265\">met\u0101la power banka 10 000 mAh<\/strong> ar <strong data-start=\"269\" data-end=\"286\">\u0101tr\u0101s uzl\u0101des<\/strong> funkciju ir ide\u0101li piem\u0113rota ce\u013cojumiem un ikdienas lieto\u0161anai. Nelielais izm\u0113rs \u013cauj to \u0113rti ievietot kabat\u0101, savuk\u0101rt <strong data-start=\"407\" data-end=\"425\">met\u0101la korpuss<\/strong> nodro\u0161ina papildu aizsardz\u012bbu pret triecieniem un nodilumu.<\/p>\n<p data-start=\"487\" data-end=\"703\">Ieb\u016bv\u0113tais <strong data-start=\"498\" data-end=\"524\">LED uzl\u0101des indikators<\/strong> \u013cauj vienm\u0113r p\u0101rskat\u012bt atliku\u0161o baterijas kapacit\u0101ti. Power banka apr\u012bkota ar <strong data-start=\"603\" data-end=\"637\">dro\u0161\u012bbas aizsardz\u012bbas sist\u0113m\u0101m<\/strong>, kas nodro\u0161ina uzticamu un dro\u0161u ier\u012b\u010du uzl\u0101di jebkur\u0101 situ\u0101cij\u0101.<\/p>\n<h3 data-start=\"705\" data-end=\"727\">Galven\u0101s \u012bpa\u0161\u012bbas:<\/h3>\n<ul data-start=\"728\" data-end=\"1119\">\n<li data-start=\"728\" data-end=\"802\">\n<p data-start=\"730\" data-end=\"802\"><strong data-start=\"730\" data-end=\"754\">10 000 mAh ietilp\u012bba<\/strong> \u2013 ide\u0101li piem\u0113rota mobilo ier\u012b\u010du uzl\u0101dei ce\u013c\u0101<\/p>\n<\/li>\n<li data-start=\"803\" data-end=\"862\">\n<p data-start=\"805\" data-end=\"862\"><strong data-start=\"805\" data-end=\"835\">Kompakts un viegls dizains<\/strong> \u2013 netrauc\u0113 kameras l\u0113c\u0101m<\/p>\n<\/li>\n<li data-start=\"863\" data-end=\"949\">\n<p data-start=\"865\" data-end=\"949\"><strong data-start=\"865\" data-end=\"888\">Univers\u0101la sader\u012bba<\/strong> \u2013 piem\u0113rota viedt\u0101lru\u0146iem, plan\u0161et\u0113m un citai elektronikai<\/p>\n<\/li>\n<li data-start=\"950\" data-end=\"1029\">\n<p data-start=\"952\" data-end=\"1029\"><strong data-start=\"952\" data-end=\"989\">LED baterijas st\u0101vok\u013ca indikators<\/strong> \u2013 skaidrs p\u0101rskats par atliku\u0161o jaudu<\/p>\n<\/li>\n<li data-start=\"1030\" data-end=\"1119\">\n<p data-start=\"1032\" data-end=\"1119\"><strong data-start=\"1032\" data-end=\"1056\">Dro\u0161\u012bbas aizsardz\u012bba<\/strong> \u2013 aizsardz\u012bba pret p\u0101rkar\u0161anu, p\u0101rspriegumu un \u012bssavienojumu<\/p>\n<\/li>\n<\/ul>\n<p><\/p>","protected":false},"excerpt":{"rendered":"<p>Met\u0101la power banka 10 000 mAh ar \u0101tro uzl\u0101di Kompakta un iztur\u012bga met\u0101la power banka 10 000 mAh ar \u0101tr\u0101s uzl\u0101des funkciju ir ide\u0101li piem\u0113rota ce\u013cojumiem un ikdienas lieto\u0161anai. Nelielais izm\u0113rs \u013cauj to \u0113rti ievietot kabat\u0101, savuk\u0101rt met\u0101la korpuss nodro\u0161ina papildu aizsardz\u012bbu pret triecieniem un nodilumu. Ieb\u016bv\u0113tais LED uzl\u0101des indikators \u013cauj vienm\u0113r p\u0101rskat\u012bt atliku\u0161o baterijas [&hellip;]<\/p>\n","protected":false},"featured_media":101801,"comment_status":"closed","ping_status":"closed","template":"","meta":{"inline_featured_image":false},"product_cat":[772,460],"product_tag":[],"yst_prominent_words":[],"class_list":{"0":"post-101695","1":"product","2":"type-product","3":"status-publish","4":"has-post-thumbnail","6":"product_cat-atlaides","7":"product_cat-uzlades-stacijas","9":"first","10":"instock","11":"sale","12":"taxable","13":"shipping-taxable","14":"purchasable","15":"product-type-simple"},"jetpack_sharing_enabled":true,"_links":{"self":[{"href":"https:\/\/ddt.lv\/lv\/wp-json\/wp\/v2\/product\/101695"}],"collection":[{"href":"https:\/\/ddt.lv\/lv\/wp-json\/wp\/v2\/product"}],"about":[{"href":"https:\/\/ddt.lv\/lv\/wp-json\/wp\/v2\/types\/product"}],"replies":[{"embeddable":true,"href":"https:\/\/ddt.lv\/lv\/wp-json\/wp\/v2\/comments?post=101695"}],"wp:featuredmedia":[{"embeddable":true,"href":"https:\/\/ddt.lv\/lv\/wp-json\/wp\/v2\/media\/101801"}],"wp:attachment":[{"href":"https:\/\/ddt.lv\/lv\/wp-json\/wp\/v2\/media?parent=101695"}],"wp:term":[{"taxonomy":"product_cat","embeddable":true,"href":"https:\/\/ddt.lv\/lv\/wp-json\/wp\/v2\/product_cat?post=101695"},{"taxonomy":"product_tag","embeddable":true,"href":"https:\/\/ddt.lv\/lv\/wp-json\/wp\/v2\/product_tag?post=101695"},{"taxonomy":"yst_prominent_words","embeddable":true,"href":"https:\/\/ddt.lv\/lv\/wp-json\/wp\/v2\/yst_prominent_words?post=101695"}],"curies":[{"name":"wp","href":"https:\/\/api.w.org\/{rel}","templated":true}]}}