{"id":101521,"date":"2026-02-07T00:45:36","date_gmt":"2026-02-06T22:45:36","guid":{"rendered":"https:\/\/ddt.lv\/lv\/product\/101521\/"},"modified":"2026-04-08T14:46:01","modified_gmt":"2026-04-08T11:46:01","slug":"101521","status":"publish","type":"product","link":"https:\/\/ddt.lv\/lv\/product\/powerbank-10-000-mah-37wh-micro-usb-a-c-melns-alphaq3-emos\/","title":{"rendered":"Powerbank 10 000 mAh\/37Wh Micro USB-A\/C melns ALPHAQ3 EMOS"},"content":{"rendered":"<p><\/p>\n<p data-start=\"0\" data-end=\"24\"><strong data-start=\"0\" data-end=\"24\">Svar\u012bg\u0101kie parametri<\/strong><\/p>\n<p data-start=\"26\" data-end=\"169\" data-is-last-node=\"\" data-is-only-node=\"\"><strong data-start=\"26\" data-end=\"49\">Autom\u0101tiska ON\/OFF:<\/strong> j\u0101<br data-start=\"52\" data-end=\"55\" data-is-only-node=\"\" \/><strong data-start=\"55\" data-end=\"81\">Akumulatora ietilp\u012bba:<\/strong> 10 000 mAh \/ 37 Wh<br data-start=\"100\" data-end=\"103\" \/><strong data-start=\"103\" data-end=\"124\">Akumulatora tips:<\/strong> Li-Po 3,7 V<br data-start=\"136\" data-end=\"139\" \/><strong data-start=\"139\" data-end=\"162\">Maks. izejas jauda:<\/strong> 22,5 W<\/p>\n<p data-start=\"0\" data-end=\"33\">\n<p><\/p>","protected":false},"excerpt":{"rendered":"<p>Svar\u012bg\u0101kie parametri Autom\u0101tiska ON\/OFF: j\u0101Akumulatora ietilp\u012bba: 10 000 mAh \/ 37 WhAkumulatora tips: Li-Po 3,7 VMaks. izejas jauda: 22,5 W<\/p>\n","protected":false},"featured_media":101574,"comment_status":"closed","ping_status":"closed","template":"","meta":{"inline_featured_image":false},"product_cat":[772,460],"product_tag":[],"yst_prominent_words":[],"class_list":{"0":"post-101521","1":"product","2":"type-product","3":"status-publish","4":"has-post-thumbnail","6":"product_cat-atlaides","7":"product_cat-uzlades-stacijas","9":"first","10":"instock","11":"sale","12":"taxable","13":"shipping-taxable","14":"purchasable","15":"product-type-simple"},"jetpack_sharing_enabled":true,"_links":{"self":[{"href":"https:\/\/ddt.lv\/lv\/wp-json\/wp\/v2\/product\/101521"}],"collection":[{"href":"https:\/\/ddt.lv\/lv\/wp-json\/wp\/v2\/product"}],"about":[{"href":"https:\/\/ddt.lv\/lv\/wp-json\/wp\/v2\/types\/product"}],"replies":[{"embeddable":true,"href":"https:\/\/ddt.lv\/lv\/wp-json\/wp\/v2\/comments?post=101521"}],"wp:featuredmedia":[{"embeddable":true,"href":"https:\/\/ddt.lv\/lv\/wp-json\/wp\/v2\/media\/101574"}],"wp:attachment":[{"href":"https:\/\/ddt.lv\/lv\/wp-json\/wp\/v2\/media?parent=101521"}],"wp:term":[{"taxonomy":"product_cat","embeddable":true,"href":"https:\/\/ddt.lv\/lv\/wp-json\/wp\/v2\/product_cat?post=101521"},{"taxonomy":"product_tag","embeddable":true,"href":"https:\/\/ddt.lv\/lv\/wp-json\/wp\/v2\/product_tag?post=101521"},{"taxonomy":"yst_prominent_words","embeddable":true,"href":"https:\/\/ddt.lv\/lv\/wp-json\/wp\/v2\/yst_prominent_words?post=101521"}],"curies":[{"name":"wp","href":"https:\/\/api.w.org\/{rel}","templated":true}]}}