{"id":101519,"date":"2026-02-07T00:45:35","date_gmt":"2026-02-06T22:45:35","guid":{"rendered":"https:\/\/ddt.lv\/lv\/product\/101519\/"},"modified":"2026-04-08T14:46:14","modified_gmt":"2026-04-08T11:46:14","slug":"101519","status":"publish","type":"product","link":"https:\/\/ddt.lv\/lv\/product\/powerbank-wi1046-10000-mah-20w-bezvadu-uzlade-usb-c-zeltroza-krasa-emos\/","title":{"rendered":"Powerbank WI1031 10000 mAh 20W+Bezvadu uzl\u0101de USB-C zeltroz\u0101 kr\u0101s\u0101 EMOS"},"content":{"rendered":"<p>\u25aa <strong data-start=\"2\" data-end=\"46\">Visi mode\u013ci ir sader\u012bgi ar USB-C ier\u012bc\u0113m<\/strong><br data-start=\"46\" data-end=\"49\" \/>\u25aa <strong data-start=\"51\" data-end=\"102\">6 elektronisk\u0101s dro\u0161\u012bbas aizsardz\u012bbas funkcijas<\/strong><br data-start=\"102\" data-end=\"105\" \/>\u25aa <strong data-start=\"107\" data-end=\"166\">Komplekt\u0101 iek\u013cauti kabe\u013ci ar datu p\u0101rs\u016bt\u012b\u0161anas funkciju<\/strong><br data-start=\"166\" data-end=\"169\" \/>\u25aa <strong data-start=\"171\" data-end=\"244\">Atsevi\u0161\u0137i mode\u013ci apr\u012bkoti ar \u0101tr\u0101s uzl\u0101des funkcij\u0101m QC3.0 un PD 20 W<\/strong><br data-start=\"244\" data-end=\"247\" \/>\u25aa <strong data-start=\"249\" data-end=\"348\">Izcila veiktsp\u0113ja, pateicoties augstas kvalit\u0101tes akumulatoram un elektroniskajiem komponentiem<\/strong><br data-start=\"348\" data-end=\"351\" \/>\u25aa <strong data-start=\"353\" data-end=\"419\">Passthrough funkcija, autom\u0101tiska ON\/OFF iesl\u0113g\u0161ana\/izsl\u0113g\u0161ana<\/strong><br data-start=\"419\" data-end=\"422\" \/>\u25aa <strong data-start=\"424\" data-end=\"507\" data-is-last-node=\"\">Noteiktiem mode\u013ciem pieejama bezvadu uzl\u0101des iesp\u0113ja (MagSafe Wireless modelis)<\/strong><\/p>","protected":false},"excerpt":{"rendered":"<p>\u25aa Visi mode\u013ci ir sader\u012bgi ar USB-C ier\u012bc\u0113m\u25aa 6 elektronisk\u0101s dro\u0161\u012bbas aizsardz\u012bbas funkcijas\u25aa Komplekt\u0101 iek\u013cauti kabe\u013ci ar datu p\u0101rs\u016bt\u012b\u0161anas funkciju\u25aa Atsevi\u0161\u0137i mode\u013ci apr\u012bkoti ar \u0101tr\u0101s uzl\u0101des funkcij\u0101m QC3.0 un PD 20 W\u25aa Izcila veiktsp\u0113ja, pateicoties augstas kvalit\u0101tes akumulatoram un elektroniskajiem komponentiem\u25aa Passthrough funkcija, autom\u0101tiska ON\/OFF iesl\u0113g\u0161ana\/izsl\u0113g\u0161ana\u25aa Noteiktiem mode\u013ciem pieejama bezvadu uzl\u0101des iesp\u0113ja (MagSafe Wireless modelis)<\/p>\n","protected":false},"featured_media":101580,"comment_status":"closed","ping_status":"closed","template":"","meta":{"inline_featured_image":false},"product_cat":[772,460],"product_tag":[],"yst_prominent_words":[],"class_list":{"0":"post-101519","1":"product","2":"type-product","3":"status-publish","4":"has-post-thumbnail","6":"product_cat-atlaides","7":"product_cat-uzlades-stacijas","9":"first","10":"instock","11":"sale","12":"taxable","13":"shipping-taxable","14":"purchasable","15":"product-type-simple"},"jetpack_sharing_enabled":true,"_links":{"self":[{"href":"https:\/\/ddt.lv\/lv\/wp-json\/wp\/v2\/product\/101519"}],"collection":[{"href":"https:\/\/ddt.lv\/lv\/wp-json\/wp\/v2\/product"}],"about":[{"href":"https:\/\/ddt.lv\/lv\/wp-json\/wp\/v2\/types\/product"}],"replies":[{"embeddable":true,"href":"https:\/\/ddt.lv\/lv\/wp-json\/wp\/v2\/comments?post=101519"}],"wp:featuredmedia":[{"embeddable":true,"href":"https:\/\/ddt.lv\/lv\/wp-json\/wp\/v2\/media\/101580"}],"wp:attachment":[{"href":"https:\/\/ddt.lv\/lv\/wp-json\/wp\/v2\/media?parent=101519"}],"wp:term":[{"taxonomy":"product_cat","embeddable":true,"href":"https:\/\/ddt.lv\/lv\/wp-json\/wp\/v2\/product_cat?post=101519"},{"taxonomy":"product_tag","embeddable":true,"href":"https:\/\/ddt.lv\/lv\/wp-json\/wp\/v2\/product_tag?post=101519"},{"taxonomy":"yst_prominent_words","embeddable":true,"href":"https:\/\/ddt.lv\/lv\/wp-json\/wp\/v2\/yst_prominent_words?post=101519"}],"curies":[{"name":"wp","href":"https:\/\/api.w.org\/{rel}","templated":true}]}}