{"id":101515,"date":"2026-02-07T00:30:32","date_gmt":"2026-02-06T22:30:32","guid":{"rendered":"https:\/\/ddt.lv\/lv\/product\/57908-powerbank-wireless-ladejama-ierice-usb-c-15000mah-bl1-varta\/"},"modified":"2026-04-13T10:06:28","modified_gmt":"2026-04-13T07:06:28","slug":"57908-powerbank-wireless-ladejama-ierice-usb-c-15000mah-bl1-varta","status":"publish","type":"product","link":"https:\/\/ddt.lv\/lv\/product\/57908-powerbank-wireless-ladejama-ierice-usb-c-15000mah-bl1-varta\/","title":{"rendered":"57904 Powerbank Mag PRO Wireless  USB C 10000mAh BL1 VARTA"},"content":{"rendered":"<p><\/p>\n<p data-start=\"0\" data-end=\"46\"><strong data-start=\"0\" data-end=\"46\">Mag Pro bezvadu \u0101r\u0113jais akumulators 10 000<\/strong><\/p>\n<p data-start=\"48\" data-end=\"62\"><strong data-start=\"48\" data-end=\"62\">Tips 57904<\/strong><\/p>\n<p data-start=\"64\" data-end=\"254\" data-is-last-node=\"\" data-is-only-node=\"\">\u2022 <strong data-start=\"66\" data-end=\"80\">Ietilp\u012bba:<\/strong> 10 000 mAh<br data-start=\"91\" data-end=\"94\" \/>\u2022 <strong data-start=\"96\" data-end=\"111\">1\u00d7 USB-C PD<\/strong><br data-start=\"111\" data-end=\"114\" \/>\u2022 <strong data-start=\"116\" data-end=\"181\">Magn\u0113tiska fiks\u0101cija starp mobilo ier\u012bci un \u0101r\u0113jo akumulatoru<\/strong><br data-start=\"181\" data-end=\"184\" \/>\u2022 <strong data-start=\"186\" data-end=\"228\">Apgaismots logotips jaudas indik\u0101cijai<\/strong><br data-start=\"228\" data-end=\"231\" \/>\u2022 <strong data-start=\"233\" data-end=\"254\" data-is-last-node=\"\">Soft touch virsma<\/strong><\/p>\n<p><\/p>","protected":false},"excerpt":{"rendered":"<p>Mag Pro bezvadu \u0101r\u0113jais akumulators 10 000 Tips 57904 \u2022 Ietilp\u012bba: 10 000 mAh\u2022 1\u00d7 USB-C PD\u2022 Magn\u0113tiska fiks\u0101cija starp mobilo ier\u012bci un \u0101r\u0113jo akumulatoru\u2022 Apgaismots logotips jaudas indik\u0101cijai\u2022 Soft touch virsma<\/p>\n","protected":false},"featured_media":101624,"comment_status":"closed","ping_status":"closed","template":"","meta":{"inline_featured_image":false},"product_cat":[772,460],"product_tag":[],"yst_prominent_words":[],"class_list":{"0":"post-101515","1":"product","2":"type-product","3":"status-publish","4":"has-post-thumbnail","6":"product_cat-atlaides","7":"product_cat-uzlades-stacijas","9":"first","10":"instock","11":"sale","12":"taxable","13":"shipping-taxable","14":"purchasable","15":"product-type-simple"},"jetpack_sharing_enabled":true,"_links":{"self":[{"href":"https:\/\/ddt.lv\/lv\/wp-json\/wp\/v2\/product\/101515"}],"collection":[{"href":"https:\/\/ddt.lv\/lv\/wp-json\/wp\/v2\/product"}],"about":[{"href":"https:\/\/ddt.lv\/lv\/wp-json\/wp\/v2\/types\/product"}],"replies":[{"embeddable":true,"href":"https:\/\/ddt.lv\/lv\/wp-json\/wp\/v2\/comments?post=101515"}],"wp:featuredmedia":[{"embeddable":true,"href":"https:\/\/ddt.lv\/lv\/wp-json\/wp\/v2\/media\/101624"}],"wp:attachment":[{"href":"https:\/\/ddt.lv\/lv\/wp-json\/wp\/v2\/media?parent=101515"}],"wp:term":[{"taxonomy":"product_cat","embeddable":true,"href":"https:\/\/ddt.lv\/lv\/wp-json\/wp\/v2\/product_cat?post=101515"},{"taxonomy":"product_tag","embeddable":true,"href":"https:\/\/ddt.lv\/lv\/wp-json\/wp\/v2\/product_tag?post=101515"},{"taxonomy":"yst_prominent_words","embeddable":true,"href":"https:\/\/ddt.lv\/lv\/wp-json\/wp\/v2\/yst_prominent_words?post=101515"}],"curies":[{"name":"wp","href":"https:\/\/api.w.org\/{rel}","templated":true}]}}