{"id":101512,"date":"2026-02-07T00:10:35","date_gmt":"2026-02-06T22:10:35","guid":{"rendered":"https:\/\/ddt.lv\/lv\/product\/v362-1-55v-21mah-baterija-varta-pulkstenu-sudraba-1bl\/"},"modified":"2026-04-13T10:06:04","modified_gmt":"2026-04-13T07:06:04","slug":"v362-1-55v-21mah-baterija-varta-pulkstenu-sudraba-1bl","status":"publish","type":"product","link":"https:\/\/ddt.lv\/lv\/product\/v362-1-55v-21mah-baterija-varta-pulkstenu-sudraba-1bl\/","title":{"rendered":"V362 1.55V\/21mAh baterija VARTA Pulkste\u0146u Sudraba 1BL"},"content":{"rendered":"<p><\/p>\n<h2 data-start=\"163\" data-end=\"261\"><span class=\"hover:entity-accent entity-underline inline cursor-pointer align-baseline\"><span class=\"whitespace-normal\">VARTA<\/span><\/span> sudraba oks\u012bda baterijas \u2013 stabila jauda prec\u012bz\u0101m ier\u012bc\u0113m<\/h2>\n<p data-start=\"263\" data-end=\"594\"><strong data-start=\"263\" data-end=\"297\">VARTA sudraba oks\u012bda baterijas<\/strong> nodro\u0161ina <strong data-start=\"308\" data-end=\"349\">past\u0101v\u012bgu un stabilu ener\u0123ijas padevi<\/strong>, ir iztur\u012bgas pret triecieniem, vibr\u0101cij\u0101m un pa\u0101trin\u0101jumu. T\u0101s ir <strong data-start=\"417\" data-end=\"436\">bez dz\u012bvsudraba<\/strong> un piem\u0113rotas pla\u0161am pielietojumam \u2013 <strong data-start=\"474\" data-end=\"536\">pulkste\u0146iem, rota\u013cliet\u0101m, kalkulatoriem, t\u0101lvad\u012bbas pult\u012bm<\/strong> un cit\u0101m ikdienas <strong data-start=\"555\" data-end=\"593\">prec\u012bzaj\u0101m elektroniskaj\u0101m ier\u012bc\u0113m<\/strong>.<\/p>\n<p data-start=\"596\" data-end=\"840\">Visas baterijas atbilst <strong data-start=\"620\" data-end=\"674\">jaun\u0101kaj\u0101m pogveida bateriju normat\u012bvaj\u0101m pras\u012bb\u0101m<\/strong>, ir <strong data-start=\"679\" data-end=\"708\">herm\u0113tiskas (nepl\u016bsto\u0161as)<\/strong> un nodro\u0161ina <strong data-start=\"722\" data-end=\"752\">nemain\u012bgu sprieguma l\u012bmeni<\/strong> vis\u0101 lieto\u0161anas laik\u0101. Augst\u0101k\u0101s kvalit\u0101tes risin\u0101jums uzticamai un ilgsto\u0161ai darb\u012bbai.<\/p>\n<p data-start=\"842\" data-end=\"869\"><strong data-start=\"842\" data-end=\"869\">Galven\u0101s priek\u0161roc\u012bbas:<\/strong><\/p>\n<ul data-start=\"870\" data-end=\"1088\">\n<li data-start=\"870\" data-end=\"904\">\n<p data-start=\"872\" data-end=\"904\">Stabils un nemain\u012bgs spriegums<\/p>\n<\/li>\n<li data-start=\"905\" data-end=\"947\">\n<p data-start=\"907\" data-end=\"947\">Iztur\u012bba pret triecieniem un vibr\u0101ciju<\/p>\n<\/li>\n<li data-start=\"948\" data-end=\"985\">\n<p data-start=\"950\" data-end=\"985\">Bez dz\u012bvsudraba, videi draudz\u012bgas<\/p>\n<\/li>\n<li data-start=\"986\" data-end=\"1039\">\n<p data-start=\"988\" data-end=\"1039\">Atbilst jaun\u0101kajai pogveida bateriju likumdo\u0161anai<\/p>\n<\/li>\n<li data-start=\"1040\" data-end=\"1088\">\n<p data-start=\"1042\" data-end=\"1088\">Piem\u0113rotas prec\u012bzai un ikdienas elektronikai<\/p>\n<\/li>\n<\/ul>\n<p><\/p>","protected":false},"excerpt":{"rendered":"<p>VARTA sudraba oks\u012bda baterijas \u2013 stabila jauda prec\u012bz\u0101m ier\u012bc\u0113m VARTA sudraba oks\u012bda baterijas nodro\u0161ina past\u0101v\u012bgu un stabilu ener\u0123ijas padevi, ir iztur\u012bgas pret triecieniem, vibr\u0101cij\u0101m un pa\u0101trin\u0101jumu. T\u0101s ir bez dz\u012bvsudraba un piem\u0113rotas pla\u0161am pielietojumam \u2013 pulkste\u0146iem, rota\u013cliet\u0101m, kalkulatoriem, t\u0101lvad\u012bbas pult\u012bm un cit\u0101m ikdienas prec\u012bzaj\u0101m elektroniskaj\u0101m ier\u012bc\u0113m. Visas baterijas atbilst jaun\u0101kaj\u0101m pogveida bateriju normat\u012bvaj\u0101m pras\u012bb\u0101m, ir [&hellip;]<\/p>\n","protected":false},"featured_media":101814,"comment_status":"closed","ping_status":"closed","template":"","meta":{"inline_featured_image":false},"product_cat":[452],"product_tag":[],"yst_prominent_words":[],"class_list":{"0":"post-101512","1":"product","2":"type-product","3":"status-publish","4":"has-post-thumbnail","6":"product_cat-pulkstenu-baterijas","8":"first","9":"instock","10":"taxable","11":"shipping-taxable","12":"purchasable","13":"product-type-simple"},"jetpack_sharing_enabled":true,"_links":{"self":[{"href":"https:\/\/ddt.lv\/lv\/wp-json\/wp\/v2\/product\/101512"}],"collection":[{"href":"https:\/\/ddt.lv\/lv\/wp-json\/wp\/v2\/product"}],"about":[{"href":"https:\/\/ddt.lv\/lv\/wp-json\/wp\/v2\/types\/product"}],"replies":[{"embeddable":true,"href":"https:\/\/ddt.lv\/lv\/wp-json\/wp\/v2\/comments?post=101512"}],"wp:featuredmedia":[{"embeddable":true,"href":"https:\/\/ddt.lv\/lv\/wp-json\/wp\/v2\/media\/101814"}],"wp:attachment":[{"href":"https:\/\/ddt.lv\/lv\/wp-json\/wp\/v2\/media?parent=101512"}],"wp:term":[{"taxonomy":"product_cat","embeddable":true,"href":"https:\/\/ddt.lv\/lv\/wp-json\/wp\/v2\/product_cat?post=101512"},{"taxonomy":"product_tag","embeddable":true,"href":"https:\/\/ddt.lv\/lv\/wp-json\/wp\/v2\/product_tag?post=101512"},{"taxonomy":"yst_prominent_words","embeddable":true,"href":"https:\/\/ddt.lv\/lv\/wp-json\/wp\/v2\/yst_prominent_words?post=101512"}],"curies":[{"name":"wp","href":"https:\/\/api.w.org\/{rel}","templated":true}]}}