{"id":101510,"date":"2026-02-07T00:10:34","date_gmt":"2026-02-06T22:10:34","guid":{"rendered":"https:\/\/ddt.lv\/lv\/product\/cr1620-baterija-litija-3v-varta-2gb\/"},"modified":"2026-04-13T10:06:10","modified_gmt":"2026-04-13T07:06:10","slug":"cr1620-baterija-litija-3v-varta-2gb","status":"publish","type":"product","link":"https:\/\/ddt.lv\/lv\/product\/cr1620-baterija-litija-3v-varta-2gb\/","title":{"rendered":"CR1620 baterija Litija 3V VARTA 2gb."},"content":{"rendered":"<p><\/p>\n<p data-start=\"268\" data-end=\"655\"><strong data-start=\"268\" data-end=\"343\"><span class=\"hover:entity-accent entity-underline inline cursor-pointer align-baseline\"><span class=\"whitespace-normal\">VARTA<\/span><\/span> premium litija pogveida baterijas<\/strong> ir izstr\u0101d\u0101tas, lai nodro\u0161in\u0101tu <strong data-start=\"376\" data-end=\"436\">uzticamu un stabilu ener\u0123iju maz\u0101m elektronisk\u0101m ier\u012bc\u0113m<\/strong>. T\u0101s ir ide\u0101li piem\u0113rotas gan <strong data-start=\"467\" data-end=\"479\">ikdienas<\/strong>, gan <strong data-start=\"485\" data-end=\"505\">viedaj\u0101m (smart)<\/strong> lietojumprogramm\u0101m, piem\u0113ram, <strong data-start=\"536\" data-end=\"607\">auto atsl\u0113gu pult\u012bm, t\u0101lvad\u012bbas pult\u012bm, svariem, Smart Home ier\u012bc\u0113m<\/strong> un daudz\u0101m cit\u0101m maz\u0101m elektroniskaj\u0101m ier\u012bc\u0113m.<\/p>\n<p data-start=\"657\" data-end=\"787\">\u0160\u012bs baterijas garant\u0113 <strong data-start=\"679\" data-end=\"726\">augst\u0101ko kvalit\u0101ti un ilgu kalpo\u0161anas laiku<\/strong>, nodro\u0161inot dro\u0161u darb\u012bbu m\u016bsdienu un n\u0101kotnes tehnolo\u0123ij\u0101s.<\/p>\n<p data-start=\"789\" data-end=\"816\"><strong data-start=\"789\" data-end=\"816\">Galven\u0101s priek\u0161roc\u012bbas:<\/strong><\/p>\n<ul data-start=\"817\" data-end=\"982\">\n<li data-start=\"817\" data-end=\"863\">\n<p data-start=\"819\" data-end=\"863\">Uzticama jauda maz\u0101m elektronisk\u0101m ier\u012bc\u0113m<\/p>\n<\/li>\n<li data-start=\"864\" data-end=\"913\">\n<p data-start=\"866\" data-end=\"913\">Piem\u0113rotas <strong data-start=\"877\" data-end=\"891\">Smart Home<\/strong> un ikdienas ier\u012bc\u0113m<\/p>\n<\/li>\n<li data-start=\"914\" data-end=\"945\">\n<p data-start=\"916\" data-end=\"945\">Stabils sniegums ilgtermi\u0146\u0101<\/p>\n<\/li>\n<li data-start=\"946\" data-end=\"982\">\n<p data-start=\"948\" data-end=\"982\">Garant\u0113ta kvalit\u0101te un ilgm\u016b\u017e\u012bba<\/p>\n<\/li>\n<\/ul>\n<p><\/p>","protected":false},"excerpt":{"rendered":"<p>VARTA premium litija pogveida baterijas ir izstr\u0101d\u0101tas, lai nodro\u0161in\u0101tu uzticamu un stabilu ener\u0123iju maz\u0101m elektronisk\u0101m ier\u012bc\u0113m. T\u0101s ir ide\u0101li piem\u0113rotas gan ikdienas, gan viedaj\u0101m (smart) lietojumprogramm\u0101m, piem\u0113ram, auto atsl\u0113gu pult\u012bm, t\u0101lvad\u012bbas pult\u012bm, svariem, Smart Home ier\u012bc\u0113m un daudz\u0101m cit\u0101m maz\u0101m elektroniskaj\u0101m ier\u012bc\u0113m. \u0160\u012bs baterijas garant\u0113 augst\u0101ko kvalit\u0101ti un ilgu kalpo\u0161anas laiku, nodro\u0161inot dro\u0161u darb\u012bbu m\u016bsdienu [&hellip;]<\/p>\n","protected":false},"featured_media":101948,"comment_status":"closed","ping_status":"closed","template":"","meta":{"inline_featured_image":false},"product_cat":[772,450],"product_tag":[],"yst_prominent_words":[],"class_list":{"0":"post-101510","1":"product","2":"type-product","3":"status-publish","4":"has-post-thumbnail","6":"product_cat-atlaides","7":"product_cat-litija-tablesveida","9":"first","10":"instock","11":"sale","12":"taxable","13":"shipping-taxable","14":"purchasable","15":"product-type-simple"},"jetpack_sharing_enabled":true,"_links":{"self":[{"href":"https:\/\/ddt.lv\/lv\/wp-json\/wp\/v2\/product\/101510"}],"collection":[{"href":"https:\/\/ddt.lv\/lv\/wp-json\/wp\/v2\/product"}],"about":[{"href":"https:\/\/ddt.lv\/lv\/wp-json\/wp\/v2\/types\/product"}],"replies":[{"embeddable":true,"href":"https:\/\/ddt.lv\/lv\/wp-json\/wp\/v2\/comments?post=101510"}],"wp:featuredmedia":[{"embeddable":true,"href":"https:\/\/ddt.lv\/lv\/wp-json\/wp\/v2\/media\/101948"}],"wp:attachment":[{"href":"https:\/\/ddt.lv\/lv\/wp-json\/wp\/v2\/media?parent=101510"}],"wp:term":[{"taxonomy":"product_cat","embeddable":true,"href":"https:\/\/ddt.lv\/lv\/wp-json\/wp\/v2\/product_cat?post=101510"},{"taxonomy":"product_tag","embeddable":true,"href":"https:\/\/ddt.lv\/lv\/wp-json\/wp\/v2\/product_tag?post=101510"},{"taxonomy":"yst_prominent_words","embeddable":true,"href":"https:\/\/ddt.lv\/lv\/wp-json\/wp\/v2\/yst_prominent_words?post=101510"}],"curies":[{"name":"wp","href":"https:\/\/api.w.org\/{rel}","templated":true}]}}