{"id":101509,"date":"2026-02-07T00:10:33","date_gmt":"2026-02-06T22:10:33","guid":{"rendered":"https:\/\/ddt.lv\/lv\/product\/cr3032-baterija-litija-3v-varta-1gb\/"},"modified":"2026-04-13T10:06:16","modified_gmt":"2026-04-13T07:06:16","slug":"cr3032-baterija-litija-3v-varta-1gb","status":"publish","type":"product","link":"https:\/\/ddt.lv\/lv\/product\/cr3032-baterija-litija-3v-varta-1gb\/","title":{"rendered":"CR3032 baterija Litija 3V VARTA 1gb."},"content":{"rendered":"<p><\/p>\n<h2 data-start=\"252\" data-end=\"359\"><span class=\"hover:entity-accent entity-underline inline cursor-pointer align-baseline\"><span class=\"whitespace-normal\">VARTA<\/span><\/span> LITHIUM pogveida baterijas \u2013 dro\u0161a un uzticama jauda maz\u0101m ier\u012bc\u0113m<\/h2>\n<p data-start=\"361\" data-end=\"598\"><strong data-start=\"361\" data-end=\"397\">VARTA LITHIUM pogveida baterijas<\/strong> satur augsto tehnolo\u0123iju <strong data-start=\"423\" data-end=\"452\">litija pogveida elementus<\/strong>, kas izstr\u0101d\u0101ti <strong data-start=\"469\" data-end=\"503\">uzticamai un stabilai darb\u012bbai<\/strong> maz\u0101s elektroniskaj\u0101s ier\u012bc\u0113s. Tiek garant\u0113ta <strong data-start=\"550\" data-end=\"597\">augst\u0101k\u0101 kvalit\u0101te un ilgs kalpo\u0161anas laiks<\/strong>.<\/p>\n<p data-start=\"600\" data-end=\"808\">Baterijas darbojas <strong data-start=\"619\" data-end=\"651\">pla\u0161\u0101 temperat\u016bras diapazon\u0101<\/strong>, ir apr\u012bkotas ar <strong data-start=\"669\" data-end=\"709\">unik\u0101lu VARTA gaismas konusa reljefu<\/strong>, un tiek pieg\u0101d\u0101tas <strong data-start=\"730\" data-end=\"758\">b\u0113rniem dro\u0161\u0101 iepakojum\u0101<\/strong>, nodro\u0161inot maksim\u0101lu dro\u0161\u012bbu ikdienas lieto\u0161an\u0101.<\/p>\n<h3 data-start=\"810\" data-end=\"837\">Galven\u0101s priek\u0161roc\u012bbas:<\/h3>\n<ul data-start=\"838\" data-end=\"1098\">\n<li data-start=\"838\" data-end=\"882\">\n<p data-start=\"840\" data-end=\"882\">Darb\u012bba <strong data-start=\"848\" data-end=\"880\">pla\u0161\u0101 temperat\u016bras diapazon\u0101<\/strong><\/p>\n<\/li>\n<li data-start=\"883\" data-end=\"934\">\n<p data-start=\"885\" data-end=\"934\">Unik\u0101ls, moderns <strong data-start=\"902\" data-end=\"932\">VARTA reljefs (light cone)<\/strong><\/p>\n<\/li>\n<li data-start=\"935\" data-end=\"991\">\n<p data-start=\"937\" data-end=\"991\"><strong data-start=\"937\" data-end=\"965\">B\u0113rniem dro\u0161s iepakojums<\/strong> maksim\u0101lai aizsardz\u012bbai<\/p>\n<\/li>\n<li data-start=\"992\" data-end=\"1042\">\n<p data-start=\"994\" data-end=\"1042\">Baterijas iesp\u0113jams iz\u0146emt <strong data-start=\"1021\" data-end=\"1040\">tikai ar \u0161\u0137\u0113r\u0113m<\/strong><\/p>\n<\/li>\n<li data-start=\"1043\" data-end=\"1098\">\n<p data-start=\"1045\" data-end=\"1098\">Augsta kvalit\u0101te un garant\u0113ts ilgs kalpo\u0161anas laiks<\/p>\n<\/li>\n<\/ul>\n<p><\/p>","protected":false},"excerpt":{"rendered":"<p>VARTA LITHIUM pogveida baterijas \u2013 dro\u0161a un uzticama jauda maz\u0101m ier\u012bc\u0113m VARTA LITHIUM pogveida baterijas satur augsto tehnolo\u0123iju litija pogveida elementus, kas izstr\u0101d\u0101ti uzticamai un stabilai darb\u012bbai maz\u0101s elektroniskaj\u0101s ier\u012bc\u0113s. Tiek garant\u0113ta augst\u0101k\u0101 kvalit\u0101te un ilgs kalpo\u0161anas laiks. Baterijas darbojas pla\u0161\u0101 temperat\u016bras diapazon\u0101, ir apr\u012bkotas ar unik\u0101lu VARTA gaismas konusa reljefu, un tiek pieg\u0101d\u0101tas b\u0113rniem [&hellip;]<\/p>\n","protected":false},"featured_media":101860,"comment_status":"closed","ping_status":"closed","template":"","meta":{"inline_featured_image":false},"product_cat":[450],"product_tag":[],"yst_prominent_words":[],"class_list":{"0":"post-101509","1":"product","2":"type-product","3":"status-publish","4":"has-post-thumbnail","6":"product_cat-litija-tablesveida","8":"first","9":"instock","10":"taxable","11":"shipping-taxable","12":"purchasable","13":"product-type-simple"},"jetpack_sharing_enabled":true,"_links":{"self":[{"href":"https:\/\/ddt.lv\/lv\/wp-json\/wp\/v2\/product\/101509"}],"collection":[{"href":"https:\/\/ddt.lv\/lv\/wp-json\/wp\/v2\/product"}],"about":[{"href":"https:\/\/ddt.lv\/lv\/wp-json\/wp\/v2\/types\/product"}],"replies":[{"embeddable":true,"href":"https:\/\/ddt.lv\/lv\/wp-json\/wp\/v2\/comments?post=101509"}],"wp:featuredmedia":[{"embeddable":true,"href":"https:\/\/ddt.lv\/lv\/wp-json\/wp\/v2\/media\/101860"}],"wp:attachment":[{"href":"https:\/\/ddt.lv\/lv\/wp-json\/wp\/v2\/media?parent=101509"}],"wp:term":[{"taxonomy":"product_cat","embeddable":true,"href":"https:\/\/ddt.lv\/lv\/wp-json\/wp\/v2\/product_cat?post=101509"},{"taxonomy":"product_tag","embeddable":true,"href":"https:\/\/ddt.lv\/lv\/wp-json\/wp\/v2\/product_tag?post=101509"},{"taxonomy":"yst_prominent_words","embeddable":true,"href":"https:\/\/ddt.lv\/lv\/wp-json\/wp\/v2\/yst_prominent_words?post=101509"}],"curies":[{"name":"wp","href":"https:\/\/api.w.org\/{rel}","templated":true}]}}