{"id":101508,"date":"2026-02-07T00:10:33","date_gmt":"2026-02-06T22:10:33","guid":{"rendered":"https:\/\/ddt.lv\/lv\/product\/v3ga-1-5v-baterija-varta-electronics-alkaline-1gb\/"},"modified":"2026-04-13T15:55:23","modified_gmt":"2026-04-13T12:55:23","slug":"v3ga-1-5v-baterija-varta-electronics-alkaline-1gb","status":"publish","type":"product","link":"https:\/\/ddt.lv\/lv\/product\/v3ga-1-5v-baterija-varta-electronics-alkaline-1gb\/","title":{"rendered":"V3GA 1.5V baterija VARTA Electronics Alkaline 1gb."},"content":{"rendered":"<p><\/p>\n<h2 data-start=\"196\" data-end=\"298\"><span class=\"hover:entity-accent entity-underline inline cursor-pointer align-baseline\"><span class=\"whitespace-normal\">VARTA<\/span><\/span> Alkaline Special baterijas \u2013 uzticama ener\u0123ija \u012bpa\u0161\u0101m ier\u012bc\u0113m<\/h2>\n<p data-start=\"300\" data-end=\"522\"><strong data-start=\"300\" data-end=\"336\">VARTA Alkaline Special baterijas<\/strong> ir augst\u0101k\u0101s kvalit\u0101tes <strong data-start=\"361\" data-end=\"396\">s\u0101rma baterijas \u012bpa\u0161os form\u0101tos<\/strong>, kas ir <strong data-start=\"405\" data-end=\"424\">bez dz\u012bvsudraba<\/strong> un paredz\u0113tas elektronisk\u0101m ier\u012bc\u0113m, kur\u0101m nepiecie\u0161ama <strong data-start=\"481\" data-end=\"521\">ilgsto\u0161a un stabila ener\u0123ijas padeve<\/strong>.<\/p>\n<p data-start=\"524\" data-end=\"771\">T\u0101s ir ide\u0101li piem\u0113rotas ikdienas lieto\u0161anai da\u017e\u0101d\u0101s ier\u012bc\u0113s, piem\u0113ram, <strong data-start=\"596\" data-end=\"663\">rota\u013cliet\u0101s, medic\u012bnas ier\u012bc\u0113s, kalkulatoros, t\u0101lvad\u012bbas pult\u012bs<\/strong> un daudz\u0101s cit\u0101s maz\u0101s elektroniskaj\u0101s ier\u012bc\u0113s. <strong data-start=\"712\" data-end=\"757\">Augst\u0101k\u0101 kvalit\u0101te un ilgs darb\u012bbas laiks<\/strong> ir garant\u0113ti.<\/p>\n<p data-start=\"773\" data-end=\"800\"><strong data-start=\"773\" data-end=\"800\">Galven\u0101s priek\u0161roc\u012bbas:<\/strong><\/p>\n<ul data-start=\"801\" data-end=\"1042\">\n<li data-start=\"801\" data-end=\"857\">\n<p data-start=\"803\" data-end=\"857\">Premium klases <strong data-start=\"818\" data-end=\"855\">alkal\u012bna baterijas \u012bpa\u0161os izm\u0113ros<\/strong><\/p>\n<\/li>\n<li data-start=\"858\" data-end=\"895\">\n<p data-start=\"860\" data-end=\"895\">Bez dz\u012bvsudraba, videi draudz\u012bgas<\/p>\n<\/li>\n<li data-start=\"896\" data-end=\"945\">\n<p data-start=\"898\" data-end=\"945\">Stabils un ilgsto\u0161s ener\u0123ijas padeves l\u012bmenis<\/p>\n<\/li>\n<li data-start=\"946\" data-end=\"999\">\n<p data-start=\"948\" data-end=\"999\">Piem\u0113rotas ikdienas un specializ\u0113tai elektronikai<\/p>\n<\/li>\n<li data-start=\"1000\" data-end=\"1042\">\n<p data-start=\"1002\" data-end=\"1042\">Garant\u0113ta kvalit\u0101te un darb\u012bbas ilgums<\/p>\n<\/li>\n<\/ul>\n<p><\/p>","protected":false},"excerpt":{"rendered":"<p>VARTA Alkaline Special baterijas \u2013 uzticama ener\u0123ija \u012bpa\u0161\u0101m ier\u012bc\u0113m VARTA Alkaline Special baterijas ir augst\u0101k\u0101s kvalit\u0101tes s\u0101rma baterijas \u012bpa\u0161os form\u0101tos, kas ir bez dz\u012bvsudraba un paredz\u0113tas elektronisk\u0101m ier\u012bc\u0113m, kur\u0101m nepiecie\u0161ama ilgsto\u0161a un stabila ener\u0123ijas padeve. T\u0101s ir ide\u0101li piem\u0113rotas ikdienas lieto\u0161anai da\u017e\u0101d\u0101s ier\u012bc\u0113s, piem\u0113ram, rota\u013cliet\u0101s, medic\u012bnas ier\u012bc\u0113s, kalkulatoros, t\u0101lvad\u012bbas pult\u012bs un daudz\u0101s cit\u0101s maz\u0101s elektroniskaj\u0101s [&hellip;]<\/p>\n","protected":false},"featured_media":101829,"comment_status":"closed","ping_status":"closed","template":"","meta":{"inline_featured_image":false},"product_cat":[451],"product_tag":[],"yst_prominent_words":[],"class_list":{"0":"post-101508","1":"product","2":"type-product","3":"status-publish","4":"has-post-thumbnail","6":"product_cat-elektronics-baterijas","8":"first","9":"instock","10":"taxable","11":"shipping-taxable","12":"purchasable","13":"product-type-simple"},"jetpack_sharing_enabled":true,"_links":{"self":[{"href":"https:\/\/ddt.lv\/lv\/wp-json\/wp\/v2\/product\/101508"}],"collection":[{"href":"https:\/\/ddt.lv\/lv\/wp-json\/wp\/v2\/product"}],"about":[{"href":"https:\/\/ddt.lv\/lv\/wp-json\/wp\/v2\/types\/product"}],"replies":[{"embeddable":true,"href":"https:\/\/ddt.lv\/lv\/wp-json\/wp\/v2\/comments?post=101508"}],"wp:featuredmedia":[{"embeddable":true,"href":"https:\/\/ddt.lv\/lv\/wp-json\/wp\/v2\/media\/101829"}],"wp:attachment":[{"href":"https:\/\/ddt.lv\/lv\/wp-json\/wp\/v2\/media?parent=101508"}],"wp:term":[{"taxonomy":"product_cat","embeddable":true,"href":"https:\/\/ddt.lv\/lv\/wp-json\/wp\/v2\/product_cat?post=101508"},{"taxonomy":"product_tag","embeddable":true,"href":"https:\/\/ddt.lv\/lv\/wp-json\/wp\/v2\/product_tag?post=101508"},{"taxonomy":"yst_prominent_words","embeddable":true,"href":"https:\/\/ddt.lv\/lv\/wp-json\/wp\/v2\/yst_prominent_words?post=101508"}],"curies":[{"name":"wp","href":"https:\/\/api.w.org\/{rel}","templated":true}]}}